{"id":11923,"date":"2026-01-11T19:53:47","date_gmt":"2026-01-11T18:53:47","guid":{"rendered":"https:\/\/bobooaza.pl\/index.php\/produkt\/katarek-aspirator-vertical\/"},"modified":"2026-01-19T21:55:21","modified_gmt":"2026-01-19T20:55:21","slug":"katarek-aspirator-vertical","status":"publish","type":"product","link":"https:\/\/www.bobooaza.pl\/index.php\/produkt\/katarek-aspirator-vertical\/","title":{"rendered":"KATAREK Aspirator Vertical"},"content":{"rendered":"<p>Katarek Vertical to praktyczny i skuteczny zestaw do usuwania kataru u niemowl\u0105t i dzieci, zaprojektowany specjalnie do wsp\u00f3\u0142pracy z odkurzaczami pionowymi. W sk\u0142ad zestawu wchodzi elastyczny adapter do odkurzaczy pionowych oraz sprawdzony aspirator Katarek Plus, kt\u00f3ry od lat cieszy si\u0119 zaufaniem rodzic\u00f3w. Dzi\u0119ki temu rozwi\u0105zaniu mo\u017cliwe jest szybkie, bezpieczne i komfortowe oczyszczenie nosa dziecka ju\u017c od pierwszych dni \u017cycia.<\/p>\n<p>Elastyczny adapter dopasowuje si\u0119 do otwor\u00f3w ss\u0105cych o r\u00f3\u017cnych kszta\u0142tach i \u015brednicach, umo\u017cliwiaj\u0105c stabilne pod\u0142\u0105czenie aspiratora do wi\u0119kszo\u015bci modeli odkurzaczy pionowych i bezprzewodowych. Si\u0142a ssania generowana przez odkurzacz jest odpowiednio redukowana w komorze aspiratora, co zapewnia skuteczne usuwanie wydzieliny przy jednoczesnym zachowaniu pe\u0142nego bezpiecze\u0144stwa i komfortu dla dziecka. Aspirator Katarek Plus jest certyfikowanym wyrobem medycznym, a adapter zosta\u0142 przetestowany jako dedykowane wyposa\u017cenie medyczne.<\/p>\n<p>Zestaw jest gotowy do u\u017cycia od razu po pod\u0142\u0105czeniu, a jego czyszczenie jest szybkie i proste. Rozkr\u0119cana komora aspiratora u\u0142atwia dok\u0142adne mycie, a do\u0142\u0105czona szczoteczka pomaga zachowa\u0107 wysoki poziom higieny. Dwie ko\u0144c\u00f3wki aspiratora zwi\u0119kszaj\u0105 wygod\u0119 u\u017cytkowania i s\u0105 praktycznym rozwi\u0105zaniem dla rodzin z wi\u0119cej ni\u017c jednym dzieckiem. Adapter mo\u017cna czy\u015bci\u0107 przy u\u017cyciu \u0142agodnego roztworu wody i myd\u0142a.<\/p>\n<p>Katarek Vertical to idealne rozwi\u0105zanie dla rodzic\u00f3w korzystaj\u0105cych z odkurzaczy pionowych, kt\u00f3rzy chc\u0105 zachowa\u0107 skuteczno\u015b\u0107 klasycznego aspiratora Katarek bez konieczno\u015bci zmiany sprz\u0119tu. Produkt przeznaczony jest do odkurzaczy o mocy co najmniej 150 W i otworze ss\u0105cym o szeroko\u015bci od 28 do 41 mm. Adapter nie jest kompatybilny z odkurzaczami marek Samsung i VAX. To niezawodny wyb\u00f3r, kt\u00f3ry u\u0142atwia codzienn\u0105 walk\u0119 z katarem i pomaga dziecku swobodnie oddycha\u0107.<\/p>\n","protected":false},"excerpt":{"rendered":"<p>Katarek Vertical to praktyczny i skuteczny zestaw do usuwania kataru u niemowl\u0105t i dzieci, zaprojektowany specjalnie do wsp\u00f3\u0142pracy z odkurzaczami pionowymi. W sk\u0142ad zestawu wchodzi elastyczny adapter do odkurzaczy pionowych oraz sprawdzony aspirator Katarek Plus, kt\u00f3ry od lat cieszy si\u0119 zaufaniem rodzic\u00f3w. Dzi\u0119ki temu rozwi\u0105zaniu mo\u017cliwe jest szybkie, bezpieczne i komfortowe oczyszczenie nosa dziecka ju\u017c [&hellip;]<\/p>\n","protected":false},"featured_media":11919,"comment_status":"open","ping_status":"closed","template":"","meta":[],"product_brand":[],"product_cat":[137,138,76,68,109],"product_tag":[],"class_list":{"0":"post-11923","1":"product","2":"type-product","3":"status-publish","4":"has-post-thumbnail","6":"product_cat-aspiratory","7":"product_cat-aspiratory-i-inhalatory","8":"product_cat-dziecko","9":"product_cat-higiena-i-pielegnacja","10":"product_cat-zdrowie","12":"first","13":"instock","14":"taxable","15":"shipping-taxable","16":"purchasable","17":"product-type-simple"},"_links":{"self":[{"href":"https:\/\/www.bobooaza.pl\/index.php\/wp-json\/wp\/v2\/product\/11923","targetHints":{"allow":["GET"]}}],"collection":[{"href":"https:\/\/www.bobooaza.pl\/index.php\/wp-json\/wp\/v2\/product"}],"about":[{"href":"https:\/\/www.bobooaza.pl\/index.php\/wp-json\/wp\/v2\/types\/product"}],"replies":[{"embeddable":true,"href":"https:\/\/www.bobooaza.pl\/index.php\/wp-json\/wp\/v2\/comments?post=11923"}],"wp:featuredmedia":[{"embeddable":true,"href":"https:\/\/www.bobooaza.pl\/index.php\/wp-json\/wp\/v2\/media\/11919"}],"wp:attachment":[{"href":"https:\/\/www.bobooaza.pl\/index.php\/wp-json\/wp\/v2\/media?parent=11923"}],"wp:term":[{"taxonomy":"product_brand","embeddable":true,"href":"https:\/\/www.bobooaza.pl\/index.php\/wp-json\/wp\/v2\/product_brand?post=11923"},{"taxonomy":"product_cat","embeddable":true,"href":"https:\/\/www.bobooaza.pl\/index.php\/wp-json\/wp\/v2\/product_cat?post=11923"},{"taxonomy":"product_tag","embeddable":true,"href":"https:\/\/www.bobooaza.pl\/index.php\/wp-json\/wp\/v2\/product_tag?post=11923"}],"curies":[{"name":"wp","href":"https:\/\/api.w.org\/{rel}","templated":true}]}}