{"id":11928,"date":"2026-01-11T19:53:52","date_gmt":"2026-01-11T18:53:52","guid":{"rendered":"https:\/\/bobooaza.pl\/index.php\/produkt\/canpol-5-119-aspirator-do-nosa-wyrob-medyczny\/"},"modified":"2026-01-11T19:58:13","modified_gmt":"2026-01-11T18:58:13","slug":"canpol-5-119-aspirator-do-nosa-wyrob-medyczny","status":"publish","type":"product","link":"https:\/\/www.bobooaza.pl\/index.php\/produkt\/canpol-5-119-aspirator-do-nosa-wyrob-medyczny\/","title":{"rendered":"CANPOL 5\/119 Aspirator do nosa &#8211; wyr\u00f3b medyczny"},"content":{"rendered":"<p>Aspirator do nosa Canpol 5\/119 to bezpieczny i praktyczny wyr\u00f3b medyczny przeznaczony dla dzieci poni\u017cej 3. roku \u017cycia, kt\u00f3re nie potrafi\u0105 samodzielnie oczy\u015bci\u0107 nosa. Skutecznie usuwa nadmiar wydzieliny, pomagaj\u0105c zapobiega\u0107 powik\u0142aniom takim jak kaszel, problemy z oddychaniem czy infekcje ucha, a tym samym wspiera codzienny komfort i zdrowie malucha.<\/p>\n<p>Specjalnie zaprojektowany kszta\u0142t ko\u0144c\u00f3wki jest dopasowany do anatomii ma\u0142ego noska i chroni przed zbyt g\u0142\u0119bokim wprowadzeniem aspiratora. Mi\u0119kki silikon zmniejsza ryzyko podra\u017cnie\u0144 i skalecze\u0144, nawet gdy dziecko poruszy g\u0142ow\u0105 podczas zabiegu. Mo\u017cliwo\u015b\u0107 regulacji si\u0142y ssania pozwala rodzicowi precyzyjnie dopasowa\u0107 intensywno\u015b\u0107 dzia\u0142ania do wieku dziecka i g\u0119sto\u015bci wydzieliny, zapewniaj\u0105c delikatne, a jednocze\u015bnie skuteczne oczyszczanie.<\/p>\n<p>Aspirator jest higieniczny, szybki i niezwykle prosty w u\u017cyciu. Nie wymaga baterii ani wymiany filtr\u00f3w, dzi\u0119ki czemu jest zawsze gotowy do dzia\u0142ania zar\u00f3wno w domu, jak i w podr\u00f3\u017cy. W zestawie znajduj\u0105 si\u0119 dwie dodatkowe wymienne ko\u0144c\u00f3wki oraz praktyczne etui, kt\u00f3re u\u0142atwia przechowywanie i utrzymanie wysokiego poziomu higieny.<\/p>\n","protected":false},"excerpt":{"rendered":"<p>Aspirator do nosa Canpol 5\/119 to bezpieczny i praktyczny wyr\u00f3b medyczny przeznaczony dla dzieci poni\u017cej 3. roku \u017cycia, kt\u00f3re nie potrafi\u0105 samodzielnie oczy\u015bci\u0107 nosa. Skutecznie usuwa nadmiar wydzieliny, pomagaj\u0105c zapobiega\u0107 powik\u0142aniom takim jak kaszel, problemy z oddychaniem czy infekcje ucha, a tym samym wspiera codzienny komfort i zdrowie malucha. Specjalnie zaprojektowany kszta\u0142t ko\u0144c\u00f3wki jest dopasowany [&hellip;]<\/p>\n","protected":false},"featured_media":11927,"comment_status":"open","ping_status":"closed","template":"","meta":[],"product_brand":[],"product_cat":[137,138,76,68,109],"product_tag":[],"class_list":{"0":"post-11928","1":"product","2":"type-product","3":"status-publish","4":"has-post-thumbnail","6":"product_cat-aspiratory","7":"product_cat-aspiratory-i-inhalatory","8":"product_cat-dziecko","9":"product_cat-higiena-i-pielegnacja","10":"product_cat-zdrowie","12":"first","13":"instock","14":"taxable","15":"shipping-taxable","16":"purchasable","17":"product-type-simple"},"_links":{"self":[{"href":"https:\/\/www.bobooaza.pl\/index.php\/wp-json\/wp\/v2\/product\/11928","targetHints":{"allow":["GET"]}}],"collection":[{"href":"https:\/\/www.bobooaza.pl\/index.php\/wp-json\/wp\/v2\/product"}],"about":[{"href":"https:\/\/www.bobooaza.pl\/index.php\/wp-json\/wp\/v2\/types\/product"}],"replies":[{"embeddable":true,"href":"https:\/\/www.bobooaza.pl\/index.php\/wp-json\/wp\/v2\/comments?post=11928"}],"wp:featuredmedia":[{"embeddable":true,"href":"https:\/\/www.bobooaza.pl\/index.php\/wp-json\/wp\/v2\/media\/11927"}],"wp:attachment":[{"href":"https:\/\/www.bobooaza.pl\/index.php\/wp-json\/wp\/v2\/media?parent=11928"}],"wp:term":[{"taxonomy":"product_brand","embeddable":true,"href":"https:\/\/www.bobooaza.pl\/index.php\/wp-json\/wp\/v2\/product_brand?post=11928"},{"taxonomy":"product_cat","embeddable":true,"href":"https:\/\/www.bobooaza.pl\/index.php\/wp-json\/wp\/v2\/product_cat?post=11928"},{"taxonomy":"product_tag","embeddable":true,"href":"https:\/\/www.bobooaza.pl\/index.php\/wp-json\/wp\/v2\/product_tag?post=11928"}],"curies":[{"name":"wp","href":"https:\/\/api.w.org\/{rel}","templated":true}]}}