{"id":11932,"date":"2026-01-11T19:53:56","date_gmt":"2026-01-11T18:53:56","guid":{"rendered":"https:\/\/bobooaza.pl\/index.php\/produkt\/b-o-043-02-aspirator-do-nosa-gruszka-bialy-take-care\/"},"modified":"2026-01-19T20:21:26","modified_gmt":"2026-01-19T19:21:26","slug":"b-o-043-02-aspirator-do-nosa-gruszka-bialy-take-care","status":"publish","type":"product","link":"https:\/\/www.bobooaza.pl\/index.php\/produkt\/b-o-043-02-aspirator-do-nosa-gruszka-bialy-take-care\/","title":{"rendered":"B.O.043\/02 Aspirator do nosa &#8211; gruszka &#8211; bia\u0142y TAKE CARE"},"content":{"rendered":"<p>Aspirator do nosa gruszka Take Care w kolorze bia\u0142ym to praktyczne i bezpieczne rozwi\u0105zanie dla niemowl\u0105t i ma\u0142ych dzieci z katarem. Skutecznie usuwa wydzielin\u0119 z nosa, zapewniaj\u0105c dziecku swobodne oddychanie i komfort podczas snu czy karmienia. Specjalnie zaprojektowana ko\u0144c\u00f3wka chroni delikatn\u0105 \u015bluz\u00f3wk\u0119 nosa przed podra\u017cnieniami, a higieniczne zamkni\u0119cie i \u0142atwe czyszczenie sprawiaj\u0105, \u017ce aspirator jest zawsze gotowy do u\u017cycia. Kompaktowy i lekki \u2013 doskona\u0142y zar\u00f3wno w domu, jak i w podr\u00f3\u017cy. W opakowaniu znajduje si\u0119 1 sztuka.<\/p>\n","protected":false},"excerpt":{"rendered":"<p>Aspirator do nosa gruszka Take Care w kolorze bia\u0142ym to praktyczne i bezpieczne rozwi\u0105zanie dla niemowl\u0105t i ma\u0142ych dzieci z katarem. Skutecznie usuwa wydzielin\u0119 z nosa, zapewniaj\u0105c dziecku swobodne oddychanie i komfort podczas snu czy karmienia. Specjalnie zaprojektowana ko\u0144c\u00f3wka chroni delikatn\u0105 \u015bluz\u00f3wk\u0119 nosa przed podra\u017cnieniami, a higieniczne zamkni\u0119cie i \u0142atwe czyszczenie sprawiaj\u0105, \u017ce aspirator jest [&hellip;]<\/p>\n","protected":false},"featured_media":11931,"comment_status":"open","ping_status":"closed","template":"","meta":[],"product_brand":[],"product_cat":[137,138,76,68,109],"product_tag":[],"class_list":{"0":"post-11932","1":"product","2":"type-product","3":"status-publish","4":"has-post-thumbnail","6":"product_cat-aspiratory","7":"product_cat-aspiratory-i-inhalatory","8":"product_cat-dziecko","9":"product_cat-higiena-i-pielegnacja","10":"product_cat-zdrowie","12":"first","13":"instock","14":"taxable","15":"shipping-taxable","16":"purchasable","17":"product-type-simple"},"_links":{"self":[{"href":"https:\/\/www.bobooaza.pl\/index.php\/wp-json\/wp\/v2\/product\/11932","targetHints":{"allow":["GET"]}}],"collection":[{"href":"https:\/\/www.bobooaza.pl\/index.php\/wp-json\/wp\/v2\/product"}],"about":[{"href":"https:\/\/www.bobooaza.pl\/index.php\/wp-json\/wp\/v2\/types\/product"}],"replies":[{"embeddable":true,"href":"https:\/\/www.bobooaza.pl\/index.php\/wp-json\/wp\/v2\/comments?post=11932"}],"wp:featuredmedia":[{"embeddable":true,"href":"https:\/\/www.bobooaza.pl\/index.php\/wp-json\/wp\/v2\/media\/11931"}],"wp:attachment":[{"href":"https:\/\/www.bobooaza.pl\/index.php\/wp-json\/wp\/v2\/media?parent=11932"}],"wp:term":[{"taxonomy":"product_brand","embeddable":true,"href":"https:\/\/www.bobooaza.pl\/index.php\/wp-json\/wp\/v2\/product_brand?post=11932"},{"taxonomy":"product_cat","embeddable":true,"href":"https:\/\/www.bobooaza.pl\/index.php\/wp-json\/wp\/v2\/product_cat?post=11932"},{"taxonomy":"product_tag","embeddable":true,"href":"https:\/\/www.bobooaza.pl\/index.php\/wp-json\/wp\/v2\/product_tag?post=11932"}],"curies":[{"name":"wp","href":"https:\/\/api.w.org\/{rel}","templated":true}]}}