{"id":11934,"date":"2026-01-11T19:53:58","date_gmt":"2026-01-11T18:53:58","guid":{"rendered":"https:\/\/bobooaza.pl\/index.php\/produkt\/katarek-travel-2w1-aspirator-kataru-zestaw-na-katar-do-odkurzacza-i-aspiracji-ustnej\/"},"modified":"2026-01-11T19:58:14","modified_gmt":"2026-01-11T18:58:14","slug":"katarek-travel-2w1-aspirator-kataru-zestaw-na-katar-do-odkurzacza-i-aspiracji-ustnej","status":"publish","type":"product","link":"https:\/\/www.bobooaza.pl\/index.php\/produkt\/katarek-travel-2w1-aspirator-kataru-zestaw-na-katar-do-odkurzacza-i-aspiracji-ustnej\/","title":{"rendered":"KATAREK TRAVEL 2w1 Aspirator kataru &#8211; zestaw na katar do odkurzacza i aspiracji ustnej"},"content":{"rendered":"<p>Aspirator Katarek Travel 2w1 to innowacyjne urz\u0105dzenie do skutecznego i bezpiecznego usuwania kataru u dzieci, kt\u00f3re \u0142\u0105czy funkcj\u0119 aspiratora pod\u0142\u0105czanego do odkurzacza z mo\u017cliwo\u015bci\u0105 aspiracji ustnej. Dzi\u0119ki niemu mo\u017cesz szybko oczy\u015bci\u0107 nos malucha w domu, w podr\u00f3\u017cy czy na spacerze. Zestaw zawiera ko\u0144c\u00f3wki do nosa, do odkurzacza oraz do aspiracji ustnej, a ca\u0142o\u015b\u0107 zapakowana jest w praktyczn\u0105 kosmetyczk\u0119 podr\u00f3\u017cn\u0105, co u\u0142atwia przechowywanie i transport. Aspiracja przebiega w trzech krokach: najpierw rozrzedzenie wydzieliny sol\u0105 fizjologiczn\u0105, nast\u0119pnie odci\u0105gni\u0119cie kataru, a na ko\u0144cu nawil\u017cenie b\u0142ony \u015bluzowej noska. Rozkr\u0119cana komora aspiratora umo\u017cliwia \u0142atwe czyszczenie, a kompaktowa konstrukcja sprawia, \u017ce urz\u0105dzenie sprawdzi si\u0119 zar\u00f3wno w domu, jak i w podr\u00f3\u017cy, gwarantuj\u0105c dziecku dro\u017cny nosek, komfort oddychania i spokojny sen.<\/p>\n","protected":false},"excerpt":{"rendered":"<p>Aspirator Katarek Travel 2w1 to innowacyjne urz\u0105dzenie do skutecznego i bezpiecznego usuwania kataru u dzieci, kt\u00f3re \u0142\u0105czy funkcj\u0119 aspiratora pod\u0142\u0105czanego do odkurzacza z mo\u017cliwo\u015bci\u0105 aspiracji ustnej. Dzi\u0119ki niemu mo\u017cesz szybko oczy\u015bci\u0107 nos malucha w domu, w podr\u00f3\u017cy czy na spacerze. Zestaw zawiera ko\u0144c\u00f3wki do nosa, do odkurzacza oraz do aspiracji ustnej, a ca\u0142o\u015b\u0107 zapakowana jest [&hellip;]<\/p>\n","protected":false},"featured_media":11933,"comment_status":"open","ping_status":"closed","template":"","meta":[],"product_brand":[],"product_cat":[137,138,76,68,109],"product_tag":[],"class_list":{"0":"post-11934","1":"product","2":"type-product","3":"status-publish","4":"has-post-thumbnail","6":"product_cat-aspiratory","7":"product_cat-aspiratory-i-inhalatory","8":"product_cat-dziecko","9":"product_cat-higiena-i-pielegnacja","10":"product_cat-zdrowie","12":"first","13":"instock","14":"taxable","15":"shipping-taxable","16":"purchasable","17":"product-type-simple"},"_links":{"self":[{"href":"https:\/\/www.bobooaza.pl\/index.php\/wp-json\/wp\/v2\/product\/11934","targetHints":{"allow":["GET"]}}],"collection":[{"href":"https:\/\/www.bobooaza.pl\/index.php\/wp-json\/wp\/v2\/product"}],"about":[{"href":"https:\/\/www.bobooaza.pl\/index.php\/wp-json\/wp\/v2\/types\/product"}],"replies":[{"embeddable":true,"href":"https:\/\/www.bobooaza.pl\/index.php\/wp-json\/wp\/v2\/comments?post=11934"}],"wp:featuredmedia":[{"embeddable":true,"href":"https:\/\/www.bobooaza.pl\/index.php\/wp-json\/wp\/v2\/media\/11933"}],"wp:attachment":[{"href":"https:\/\/www.bobooaza.pl\/index.php\/wp-json\/wp\/v2\/media?parent=11934"}],"wp:term":[{"taxonomy":"product_brand","embeddable":true,"href":"https:\/\/www.bobooaza.pl\/index.php\/wp-json\/wp\/v2\/product_brand?post=11934"},{"taxonomy":"product_cat","embeddable":true,"href":"https:\/\/www.bobooaza.pl\/index.php\/wp-json\/wp\/v2\/product_cat?post=11934"},{"taxonomy":"product_tag","embeddable":true,"href":"https:\/\/www.bobooaza.pl\/index.php\/wp-json\/wp\/v2\/product_tag?post=11934"}],"curies":[{"name":"wp","href":"https:\/\/api.w.org\/{rel}","templated":true}]}}