{"id":11938,"date":"2026-01-11T19:54:01","date_gmt":"2026-01-11T18:54:01","guid":{"rendered":"https:\/\/bobooaza.pl\/index.php\/produkt\/helpmedi-aspirator-kataru-hna-300-electrino\/"},"modified":"2026-01-11T19:58:15","modified_gmt":"2026-01-11T18:58:15","slug":"helpmedi-aspirator-kataru-hna-300-electrino","status":"publish","type":"product","link":"https:\/\/www.bobooaza.pl\/index.php\/produkt\/helpmedi-aspirator-kataru-hna-300-electrino\/","title":{"rendered":"HELPMEDI Aspirator kataru HNA-300 Electrino"},"content":{"rendered":"<p>Aspirator HELPMEDI HNA-300 Electrino to elektryczne, kompaktowe i ergonomiczne urz\u0105dzenie przeznaczone do bezpiecznego oczyszczania nosa u dzieci od pierwszego dnia \u017cycia. Wyposa\u017cony w wydajny silniczek zapewnia szybkie i skuteczne usuwanie kataru, nawet g\u0119stej wydzieliny, przy bardzo cichej pracy (58\u201360 dB), co pozwala na stosowanie go w nocy bez zak\u0142\u00f3cania snu malucha.<\/p>\n<p>Urz\u0105dzenie dzia\u0142a na akumulator litowo-jonowy, kt\u00f3ry mo\u017cna \u0142adowa\u0107 przez USB, co eliminuje konieczno\u015b\u0107 stosowania baterii i pozwala na wygodne u\u017cycie w domu, w podr\u00f3\u017cy czy na spacerze. Sterowanie odbywa si\u0119 jednym przyciskiem \u2013 aspirator dzia\u0142a tylko przy przytrzymaniu przycisku, co daje pe\u0142n\u0105 kontrol\u0119 nad zabiegiem.<\/p>\n<p>W zestawie znajduj\u0105 si\u0119 dwie silikonowe ko\u0144c\u00f3wki, kt\u00f3re mo\u017cna wyparza\u0107 w mikrofal\u00f3wce do 3 minut, zapewniaj\u0105c pe\u0142n\u0105 higien\u0119 i bezpiecze\u0144stwo przy stosowaniu u kolejnych dzieci. Aspirator HELPMEDI Electrino to praktyczne, mobilne rozwi\u0105zanie dla rodzic\u00f3w, kt\u00f3rzy chc\u0105 szybko, skutecznie i komfortowo zadba\u0107 o dro\u017cno\u015b\u0107 noska swojego dziecka.<\/p>\n","protected":false},"excerpt":{"rendered":"<p>Aspirator HELPMEDI HNA-300 Electrino to elektryczne, kompaktowe i ergonomiczne urz\u0105dzenie przeznaczone do bezpiecznego oczyszczania nosa u dzieci od pierwszego dnia \u017cycia. Wyposa\u017cony w wydajny silniczek zapewnia szybkie i skuteczne usuwanie kataru, nawet g\u0119stej wydzieliny, przy bardzo cichej pracy (58\u201360 dB), co pozwala na stosowanie go w nocy bez zak\u0142\u00f3cania snu malucha. Urz\u0105dzenie dzia\u0142a na akumulator [&hellip;]<\/p>\n","protected":false},"featured_media":11935,"comment_status":"open","ping_status":"closed","template":"","meta":[],"product_brand":[],"product_cat":[137,138,76,68,109],"product_tag":[],"class_list":{"0":"post-11938","1":"product","2":"type-product","3":"status-publish","4":"has-post-thumbnail","6":"product_cat-aspiratory","7":"product_cat-aspiratory-i-inhalatory","8":"product_cat-dziecko","9":"product_cat-higiena-i-pielegnacja","10":"product_cat-zdrowie","12":"first","13":"instock","14":"taxable","15":"shipping-taxable","16":"purchasable","17":"product-type-simple"},"_links":{"self":[{"href":"https:\/\/www.bobooaza.pl\/index.php\/wp-json\/wp\/v2\/product\/11938","targetHints":{"allow":["GET"]}}],"collection":[{"href":"https:\/\/www.bobooaza.pl\/index.php\/wp-json\/wp\/v2\/product"}],"about":[{"href":"https:\/\/www.bobooaza.pl\/index.php\/wp-json\/wp\/v2\/types\/product"}],"replies":[{"embeddable":true,"href":"https:\/\/www.bobooaza.pl\/index.php\/wp-json\/wp\/v2\/comments?post=11938"}],"wp:featuredmedia":[{"embeddable":true,"href":"https:\/\/www.bobooaza.pl\/index.php\/wp-json\/wp\/v2\/media\/11935"}],"wp:attachment":[{"href":"https:\/\/www.bobooaza.pl\/index.php\/wp-json\/wp\/v2\/media?parent=11938"}],"wp:term":[{"taxonomy":"product_brand","embeddable":true,"href":"https:\/\/www.bobooaza.pl\/index.php\/wp-json\/wp\/v2\/product_brand?post=11938"},{"taxonomy":"product_cat","embeddable":true,"href":"https:\/\/www.bobooaza.pl\/index.php\/wp-json\/wp\/v2\/product_cat?post=11938"},{"taxonomy":"product_tag","embeddable":true,"href":"https:\/\/www.bobooaza.pl\/index.php\/wp-json\/wp\/v2\/product_tag?post=11938"}],"curies":[{"name":"wp","href":"https:\/\/api.w.org\/{rel}","templated":true}]}}