{"id":11941,"date":"2026-01-11T19:54:04","date_gmt":"2026-01-11T18:54:04","guid":{"rendered":"https:\/\/bobooaza.pl\/index.php\/produkt\/canpol-56-007-basic-aspirator-do-nosa\/"},"modified":"2026-01-19T21:55:23","modified_gmt":"2026-01-19T20:55:23","slug":"canpol-56-007-basic-aspirator-do-nosa","status":"publish","type":"product","link":"https:\/\/www.bobooaza.pl\/index.php\/produkt\/canpol-56-007-basic-aspirator-do-nosa\/","title":{"rendered":"CANPOL 56\/007 Basic &#8211; Aspirator do nosa"},"content":{"rendered":"<p>Aspirator CANPOL 56\/007 Basic to prosty w u\u017cyciu aspirator do nosa dla dzieci poni\u017cej 3. roku \u017cycia, kt\u00f3re nie potrafi\u0105 samodzielnie usuwa\u0107 wydzieliny. Umo\u017cliwia bezpieczne odci\u0105ganie kataru, kt\u00f3ry w przeciwnym razie mo\u017ce prowadzi\u0107 do powik\u0142a\u0144, takich jak kaszel czy infekcja ucha. Urz\u0105dzenie dzia\u0142a manualnie, bez baterii i wymiany filtr\u00f3w, a mi\u0119kka ko\u0144c\u00f3wka jest przystosowana do ma\u0142ego noska dziecka. Mo\u017cliwa jest regulacja si\u0142y ssania, a aspirator mo\u017cna my\u0107 w zmywarce (poza g\u0105bk\u0105). Produkt nie zawiera BPA, a ko\u0144c\u00f3wka jest w kolorze bia\u0142ym.<\/p>\n","protected":false},"excerpt":{"rendered":"<p>Aspirator CANPOL 56\/007 Basic to prosty w u\u017cyciu aspirator do nosa dla dzieci poni\u017cej 3. roku \u017cycia, kt\u00f3re nie potrafi\u0105 samodzielnie usuwa\u0107 wydzieliny. Umo\u017cliwia bezpieczne odci\u0105ganie kataru, kt\u00f3ry w przeciwnym razie mo\u017ce prowadzi\u0107 do powik\u0142a\u0144, takich jak kaszel czy infekcja ucha. Urz\u0105dzenie dzia\u0142a manualnie, bez baterii i wymiany filtr\u00f3w, a mi\u0119kka ko\u0144c\u00f3wka jest przystosowana do [&hellip;]<\/p>\n","protected":false},"featured_media":11939,"comment_status":"open","ping_status":"closed","template":"","meta":[],"product_brand":[],"product_cat":[137,138,76,68,109],"product_tag":[],"class_list":{"0":"post-11941","1":"product","2":"type-product","3":"status-publish","4":"has-post-thumbnail","6":"product_cat-aspiratory","7":"product_cat-aspiratory-i-inhalatory","8":"product_cat-dziecko","9":"product_cat-higiena-i-pielegnacja","10":"product_cat-zdrowie","12":"first","13":"instock","14":"taxable","15":"shipping-taxable","16":"purchasable","17":"product-type-simple"},"_links":{"self":[{"href":"https:\/\/www.bobooaza.pl\/index.php\/wp-json\/wp\/v2\/product\/11941","targetHints":{"allow":["GET"]}}],"collection":[{"href":"https:\/\/www.bobooaza.pl\/index.php\/wp-json\/wp\/v2\/product"}],"about":[{"href":"https:\/\/www.bobooaza.pl\/index.php\/wp-json\/wp\/v2\/types\/product"}],"replies":[{"embeddable":true,"href":"https:\/\/www.bobooaza.pl\/index.php\/wp-json\/wp\/v2\/comments?post=11941"}],"wp:featuredmedia":[{"embeddable":true,"href":"https:\/\/www.bobooaza.pl\/index.php\/wp-json\/wp\/v2\/media\/11939"}],"wp:attachment":[{"href":"https:\/\/www.bobooaza.pl\/index.php\/wp-json\/wp\/v2\/media?parent=11941"}],"wp:term":[{"taxonomy":"product_brand","embeddable":true,"href":"https:\/\/www.bobooaza.pl\/index.php\/wp-json\/wp\/v2\/product_brand?post=11941"},{"taxonomy":"product_cat","embeddable":true,"href":"https:\/\/www.bobooaza.pl\/index.php\/wp-json\/wp\/v2\/product_cat?post=11941"},{"taxonomy":"product_tag","embeddable":true,"href":"https:\/\/www.bobooaza.pl\/index.php\/wp-json\/wp\/v2\/product_tag?post=11941"}],"curies":[{"name":"wp","href":"https:\/\/api.w.org\/{rel}","templated":true}]}}