{"id":11943,"date":"2026-01-11T19:54:05","date_gmt":"2026-01-11T18:54:05","guid":{"rendered":"https:\/\/bobooaza.pl\/index.php\/produkt\/canpol-9-319-elektryczny-aspirator-do-nosa-easy-natural\/"},"modified":"2026-01-19T21:55:23","modified_gmt":"2026-01-19T20:55:23","slug":"canpol-9-319-elektryczny-aspirator-do-nosa-easy-natural","status":"publish","type":"product","link":"https:\/\/www.bobooaza.pl\/index.php\/produkt\/canpol-9-319-elektryczny-aspirator-do-nosa-easy-natural\/","title":{"rendered":"CANPOL 9\/319 Elektryczny aspirator do nosa Easy Natural"},"content":{"rendered":"<p>Elektryczny aspirator do nosa Canpol babies Easy Natural szybko i skutecznie oczyszcza nosek dziecka, umo\u017cliwiaj\u0105c mu swobodne oddychanie. Urz\u0105dzenie dzia\u0142a bezprzewodowo, zasilane akumulatorem \u0142adowanym kablem USB, co pozwala na u\u017cycie tak\u017ce poza domem, np. z powerbankiem. Pracuje cicho, wi\u0119c mo\u017cna go stosowa\u0107 podczas snu dziecka. W zestawie znajduj\u0105 si\u0119 dwie wymienne silikonowe ko\u0144c\u00f3wki dopasowane do wieku dziecka i rodzaju wydzieliny \u2013 w\u0105ska do ma\u0142ych dzieci i p\u0142ynnej wydzieliny, szersza do wi\u0119kszych dziurek lub g\u0119stego kataru. Mi\u0119kki silikon chroni b\u0142on\u0119 \u015bluzow\u0105 nosa przed podra\u017cnieniami. Zbiorniczek na wydzielin\u0119 mo\u017cna \u0142atwo zdj\u0105\u0107 i umy\u0107, a ko\u0144c\u00f3wki sterylizowa\u0107. Do\u0142\u0105czona szczoteczka umo\u017cliwia dok\u0142adne czyszczenie urz\u0105dzenia. Aspirator przeznaczony jest dla dzieci od pierwszych dni \u017cycia.<\/p>\n","protected":false},"excerpt":{"rendered":"<p>Elektryczny aspirator do nosa Canpol babies Easy Natural szybko i skutecznie oczyszcza nosek dziecka, umo\u017cliwiaj\u0105c mu swobodne oddychanie. Urz\u0105dzenie dzia\u0142a bezprzewodowo, zasilane akumulatorem \u0142adowanym kablem USB, co pozwala na u\u017cycie tak\u017ce poza domem, np. z powerbankiem. Pracuje cicho, wi\u0119c mo\u017cna go stosowa\u0107 podczas snu dziecka. W zestawie znajduj\u0105 si\u0119 dwie wymienne silikonowe ko\u0144c\u00f3wki dopasowane do [&hellip;]<\/p>\n","protected":false},"featured_media":11942,"comment_status":"open","ping_status":"closed","template":"","meta":[],"product_brand":[],"product_cat":[137,138,76,68,109],"product_tag":[],"class_list":{"0":"post-11943","1":"product","2":"type-product","3":"status-publish","4":"has-post-thumbnail","6":"product_cat-aspiratory","7":"product_cat-aspiratory-i-inhalatory","8":"product_cat-dziecko","9":"product_cat-higiena-i-pielegnacja","10":"product_cat-zdrowie","12":"first","13":"instock","14":"taxable","15":"shipping-taxable","16":"purchasable","17":"product-type-simple"},"_links":{"self":[{"href":"https:\/\/www.bobooaza.pl\/index.php\/wp-json\/wp\/v2\/product\/11943","targetHints":{"allow":["GET"]}}],"collection":[{"href":"https:\/\/www.bobooaza.pl\/index.php\/wp-json\/wp\/v2\/product"}],"about":[{"href":"https:\/\/www.bobooaza.pl\/index.php\/wp-json\/wp\/v2\/types\/product"}],"replies":[{"embeddable":true,"href":"https:\/\/www.bobooaza.pl\/index.php\/wp-json\/wp\/v2\/comments?post=11943"}],"wp:featuredmedia":[{"embeddable":true,"href":"https:\/\/www.bobooaza.pl\/index.php\/wp-json\/wp\/v2\/media\/11942"}],"wp:attachment":[{"href":"https:\/\/www.bobooaza.pl\/index.php\/wp-json\/wp\/v2\/media?parent=11943"}],"wp:term":[{"taxonomy":"product_brand","embeddable":true,"href":"https:\/\/www.bobooaza.pl\/index.php\/wp-json\/wp\/v2\/product_brand?post=11943"},{"taxonomy":"product_cat","embeddable":true,"href":"https:\/\/www.bobooaza.pl\/index.php\/wp-json\/wp\/v2\/product_cat?post=11943"},{"taxonomy":"product_tag","embeddable":true,"href":"https:\/\/www.bobooaza.pl\/index.php\/wp-json\/wp\/v2\/product_tag?post=11943"}],"curies":[{"name":"wp","href":"https:\/\/api.w.org\/{rel}","templated":true}]}}