{"id":11945,"date":"2026-01-11T19:54:06","date_gmt":"2026-01-11T18:54:06","guid":{"rendered":"https:\/\/bobooaza.pl\/index.php\/produkt\/nosefrida-aspirator-do-nosa-od-urodzenia\/"},"modified":"2026-01-11T19:58:16","modified_gmt":"2026-01-11T18:58:16","slug":"nosefrida-aspirator-do-nosa-od-urodzenia","status":"publish","type":"product","link":"https:\/\/www.bobooaza.pl\/index.php\/produkt\/nosefrida-aspirator-do-nosa-od-urodzenia\/","title":{"rendered":"Nosefrida Aspirator do nosa od urodzenia"},"content":{"rendered":"<p>Nosefrida to aspirator do nosa przeznaczony dla dzieci od urodzenia do 3. roku \u017cycia, kt\u00f3ry umo\u017cliwia bezpieczne usuwanie wydzieliny i \u015bluzu w przypadku przezi\u0119bie\u0144, zapalenia zatok lub innych schorze\u0144 z katarem. Zestaw zawiera aspirator, cztery higieniczne wymienne filtry absorbuj\u0105ce oraz opakowanie podr\u00f3\u017cne. Aby u\u017cy\u0107 aspiratora, dziecko nale\u017cy po\u0142o\u017cy\u0107 w bezpiecznej pozycji le\u017c\u0105cej twarz\u0105 do g\u00f3ry, delikatnie wprowadzi\u0107 ko\u0144c\u00f3wk\u0119 do otworu nosowego, a ustnik do ust osoby odci\u0105gaj\u0105cej wydzielin\u0119. Si\u0142\u0119 ssania nale\u017cy stopniowo zwi\u0119ksza\u0107, a\u017c katar zacznie gromadzi\u0107 si\u0119 w zbiorniku. Nie nale\u017cy u\u017cywa\u0107 urz\u0105dzenia w przypadku ran, krwawienia lub stanu zapalnego w nosie, nie stosowa\u0107 do jamy ustnej ani ucha dziecka, nie sterylizowa\u0107 wrz\u0105c\u0105 wod\u0105, par\u0105 wodn\u0105 ani w kuchence mikrofalowej, ani pod\u0142\u0105cza\u0107 do innych urz\u0105dze\u0144 ss\u0105cych.<\/p>\n","protected":false},"excerpt":{"rendered":"<p>Nosefrida to aspirator do nosa przeznaczony dla dzieci od urodzenia do 3. roku \u017cycia, kt\u00f3ry umo\u017cliwia bezpieczne usuwanie wydzieliny i \u015bluzu w przypadku przezi\u0119bie\u0144, zapalenia zatok lub innych schorze\u0144 z katarem. Zestaw zawiera aspirator, cztery higieniczne wymienne filtry absorbuj\u0105ce oraz opakowanie podr\u00f3\u017cne. Aby u\u017cy\u0107 aspiratora, dziecko nale\u017cy po\u0142o\u017cy\u0107 w bezpiecznej pozycji le\u017c\u0105cej twarz\u0105 do g\u00f3ry, [&hellip;]<\/p>\n","protected":false},"featured_media":11944,"comment_status":"open","ping_status":"closed","template":"","meta":[],"product_brand":[],"product_cat":[137,138,76,68,109],"product_tag":[],"class_list":{"0":"post-11945","1":"product","2":"type-product","3":"status-publish","4":"has-post-thumbnail","6":"product_cat-aspiratory","7":"product_cat-aspiratory-i-inhalatory","8":"product_cat-dziecko","9":"product_cat-higiena-i-pielegnacja","10":"product_cat-zdrowie","12":"first","13":"instock","14":"taxable","15":"shipping-taxable","16":"purchasable","17":"product-type-simple"},"_links":{"self":[{"href":"https:\/\/www.bobooaza.pl\/index.php\/wp-json\/wp\/v2\/product\/11945","targetHints":{"allow":["GET"]}}],"collection":[{"href":"https:\/\/www.bobooaza.pl\/index.php\/wp-json\/wp\/v2\/product"}],"about":[{"href":"https:\/\/www.bobooaza.pl\/index.php\/wp-json\/wp\/v2\/types\/product"}],"replies":[{"embeddable":true,"href":"https:\/\/www.bobooaza.pl\/index.php\/wp-json\/wp\/v2\/comments?post=11945"}],"wp:featuredmedia":[{"embeddable":true,"href":"https:\/\/www.bobooaza.pl\/index.php\/wp-json\/wp\/v2\/media\/11944"}],"wp:attachment":[{"href":"https:\/\/www.bobooaza.pl\/index.php\/wp-json\/wp\/v2\/media?parent=11945"}],"wp:term":[{"taxonomy":"product_brand","embeddable":true,"href":"https:\/\/www.bobooaza.pl\/index.php\/wp-json\/wp\/v2\/product_brand?post=11945"},{"taxonomy":"product_cat","embeddable":true,"href":"https:\/\/www.bobooaza.pl\/index.php\/wp-json\/wp\/v2\/product_cat?post=11945"},{"taxonomy":"product_tag","embeddable":true,"href":"https:\/\/www.bobooaza.pl\/index.php\/wp-json\/wp\/v2\/product_tag?post=11945"}],"curies":[{"name":"wp","href":"https:\/\/api.w.org\/{rel}","templated":true}]}}