{"id":11950,"date":"2026-01-11T20:48:46","date_gmt":"2026-01-11T19:48:46","guid":{"rendered":"https:\/\/bobooaza.pl\/index.php\/produkt\/ecorascals-talerzyk-bambusowy-baby-kwadrat-z-zielona-przyssawka\/"},"modified":"2026-01-11T21:14:53","modified_gmt":"2026-01-11T20:14:53","slug":"ecorascals-talerzyk-bambusowy-baby-kwadrat-z-zielona-przyssawka","status":"publish","type":"product","link":"https:\/\/www.bobooaza.pl\/index.php\/produkt\/ecorascals-talerzyk-bambusowy-baby-kwadrat-z-zielona-przyssawka\/","title":{"rendered":"ECORASCALS Talerzyk bambusowy baby kwadrat z zielon\u0105 przyssawk\u0105"},"content":{"rendered":"<p>ECORASCALS Talerzyk bambusowy baby kwadrat z zielon\u0105 przyssawk\u0105 to praktyczne i ekologiczne naczynie dla dzieci w wieku od 6 miesi\u0119cy do 5 lat. Wykonany jest z organicznego bambusa uprawianego bez pestycyd\u00f3w, trwa\u0142ego i przyjaznego dla \u015brodowiska. Talerzyk posiada odpinan\u0105 silikonow\u0105 podstaw\u0119 z mocn\u0105 przyssawk\u0105, dzi\u0119ki kt\u00f3rej pozostaje stabilny na stole lub krzese\u0142ku do karmienia, zapobiegaj\u0105c wylaniu lub przewr\u00f3ceniu posi\u0142ku. Tr\u00f3jdzielna konstrukcja u\u0142atwia oddzielanie r\u00f3\u017cnych potraw i wspiera nauk\u0119 samodzielnego jedzenia. Produkt nie zawiera BPA, PVC, ftalan\u00f3w, melaminy ani mikroplastiku, a silikonowa podstawa jest zatwierdzona przez FDA i \u0142atwa do czyszczenia. Talerzyk ma kompaktowe wymiary 21,6 \u00d7 18,6 \u00d7 3,3 cm, mieszcz\u0105ce si\u0119 na wi\u0119kszo\u015bci krzese\u0142ek do karmienia. Opakowanie wykonano z materia\u0142\u00f3w pochodz\u0105cych z recyklingu. Nie nale\u017cy u\u017cywa\u0107 talerzyka w mikrofal\u00f3wce, piekarniku, zmywarce, sterylizatorze ani zamra\u017carce, aby zachowa\u0107 jego trwa\u0142o\u015b\u0107. Produkt \u0142\u0105czy funkcjonalno\u015b\u0107, bezpiecze\u0144stwo dziecka i dba\u0142o\u015b\u0107 o \u015brodowisko, stanowi\u0105c idealny wyb\u00f3r dla rodzic\u00f3w poszukuj\u0105cych ekologicznych rozwi\u0105za\u0144.<\/p>\n","protected":false},"excerpt":{"rendered":"<p>ECORASCALS Talerzyk bambusowy baby kwadrat z zielon\u0105 przyssawk\u0105 to praktyczne i ekologiczne naczynie dla dzieci w wieku od 6 miesi\u0119cy do 5 lat. Wykonany jest z organicznego bambusa uprawianego bez pestycyd\u00f3w, trwa\u0142ego i przyjaznego dla \u015brodowiska. Talerzyk posiada odpinan\u0105 silikonow\u0105 podstaw\u0119 z mocn\u0105 przyssawk\u0105, dzi\u0119ki kt\u00f3rej pozostaje stabilny na stole lub krzese\u0142ku do karmienia, zapobiegaj\u0105c [&hellip;]<\/p>\n","protected":false},"featured_media":11948,"comment_status":"open","ping_status":"closed","template":"","meta":[],"product_brand":[],"product_cat":[76,63,158,99],"product_tag":[],"class_list":{"0":"post-11950","1":"product","2":"type-product","3":"status-publish","4":"has-post-thumbnail","6":"product_cat-dziecko","7":"product_cat-karmienie","8":"product_cat-miseczki-i-talerzyki","9":"product_cat-naczynia-i-sztucce","11":"first","12":"outofstock","13":"taxable","14":"shipping-taxable","15":"purchasable","16":"product-type-simple"},"_links":{"self":[{"href":"https:\/\/www.bobooaza.pl\/index.php\/wp-json\/wp\/v2\/product\/11950","targetHints":{"allow":["GET"]}}],"collection":[{"href":"https:\/\/www.bobooaza.pl\/index.php\/wp-json\/wp\/v2\/product"}],"about":[{"href":"https:\/\/www.bobooaza.pl\/index.php\/wp-json\/wp\/v2\/types\/product"}],"replies":[{"embeddable":true,"href":"https:\/\/www.bobooaza.pl\/index.php\/wp-json\/wp\/v2\/comments?post=11950"}],"wp:featuredmedia":[{"embeddable":true,"href":"https:\/\/www.bobooaza.pl\/index.php\/wp-json\/wp\/v2\/media\/11948"}],"wp:attachment":[{"href":"https:\/\/www.bobooaza.pl\/index.php\/wp-json\/wp\/v2\/media?parent=11950"}],"wp:term":[{"taxonomy":"product_brand","embeddable":true,"href":"https:\/\/www.bobooaza.pl\/index.php\/wp-json\/wp\/v2\/product_brand?post=11950"},{"taxonomy":"product_cat","embeddable":true,"href":"https:\/\/www.bobooaza.pl\/index.php\/wp-json\/wp\/v2\/product_cat?post=11950"},{"taxonomy":"product_tag","embeddable":true,"href":"https:\/\/www.bobooaza.pl\/index.php\/wp-json\/wp\/v2\/product_tag?post=11950"}],"curies":[{"name":"wp","href":"https:\/\/api.w.org\/{rel}","templated":true}]}}