{"id":11962,"date":"2026-01-11T20:48:52","date_gmt":"2026-01-11T19:48:52","guid":{"rendered":"https:\/\/bobooaza.pl\/index.php\/produkt\/innogio-gio-900-silikonowy-talerzyk-lisek-niebieski\/"},"modified":"2026-01-11T21:14:57","modified_gmt":"2026-01-11T20:14:57","slug":"innogio-gio-900-silikonowy-talerzyk-lisek-niebieski","status":"publish","type":"product","link":"https:\/\/www.bobooaza.pl\/index.php\/produkt\/innogio-gio-900-silikonowy-talerzyk-lisek-niebieski\/","title":{"rendered":"INNOGIO GIO-900 Silikonowy talerzyk Lisek niebieski"},"content":{"rendered":"<p>INNOGIO GIO-900 to silikonowy talerzyk Lisek w kolorze niebieskim, przeznaczony dla dzieci od 6. miesi\u0105ca \u017cycia. Talerzyk posiada trzy przegr\u00f3dki do podawania r\u00f3\u017cnorodnych sk\u0142adnik\u00f3w posi\u0142ku, zaokr\u0105glone kraw\u0119dzie u\u0142atwiaj\u0105 nabieranie jedzenia, a antypo\u015blizgowa powierzchnia i silikonowa podstawa zapobiegaj\u0105 przesuwaniu si\u0119 talerza po blacie. Po zjedzeniu ca\u0142ego posi\u0142ku na spodzie talerzyka pojawia si\u0119 obrazek liska, co motywuje dziecko do jedzenia. Wykonany jest z wysokiej jako\u015bci silikonu spo\u017cywczego, bezpiecznego, bezzapachowego i wolnego od BPA. Mo\u017cna go my\u0107 w zmywarce, u\u017cywa\u0107 w kuchence mikrofalowej, piekarniku oraz zamra\u017carce (-20 \u00b0C do 220 \u00b0C). Talerzyk jest elastyczny, trwa\u0142y, odporny na rozbicie, pasuje do wi\u0119kszo\u015bci krzese\u0142ek do karmienia. Wymiary talerzyka to 28,6 x 2,5 x 21 cm.<\/p>\n","protected":false},"excerpt":{"rendered":"<p>INNOGIO GIO-900 to silikonowy talerzyk Lisek w kolorze niebieskim, przeznaczony dla dzieci od 6. miesi\u0105ca \u017cycia. Talerzyk posiada trzy przegr\u00f3dki do podawania r\u00f3\u017cnorodnych sk\u0142adnik\u00f3w posi\u0142ku, zaokr\u0105glone kraw\u0119dzie u\u0142atwiaj\u0105 nabieranie jedzenia, a antypo\u015blizgowa powierzchnia i silikonowa podstawa zapobiegaj\u0105 przesuwaniu si\u0119 talerza po blacie. Po zjedzeniu ca\u0142ego posi\u0142ku na spodzie talerzyka pojawia si\u0119 obrazek liska, co motywuje [&hellip;]<\/p>\n","protected":false},"featured_media":11957,"comment_status":"open","ping_status":"closed","template":"","meta":[],"product_brand":[],"product_cat":[76,63,158,99],"product_tag":[],"class_list":{"0":"post-11962","1":"product","2":"type-product","3":"status-publish","4":"has-post-thumbnail","6":"product_cat-dziecko","7":"product_cat-karmienie","8":"product_cat-miseczki-i-talerzyki","9":"product_cat-naczynia-i-sztucce","11":"first","12":"outofstock","13":"taxable","14":"shipping-taxable","15":"purchasable","16":"product-type-simple"},"_links":{"self":[{"href":"https:\/\/www.bobooaza.pl\/index.php\/wp-json\/wp\/v2\/product\/11962","targetHints":{"allow":["GET"]}}],"collection":[{"href":"https:\/\/www.bobooaza.pl\/index.php\/wp-json\/wp\/v2\/product"}],"about":[{"href":"https:\/\/www.bobooaza.pl\/index.php\/wp-json\/wp\/v2\/types\/product"}],"replies":[{"embeddable":true,"href":"https:\/\/www.bobooaza.pl\/index.php\/wp-json\/wp\/v2\/comments?post=11962"}],"wp:featuredmedia":[{"embeddable":true,"href":"https:\/\/www.bobooaza.pl\/index.php\/wp-json\/wp\/v2\/media\/11957"}],"wp:attachment":[{"href":"https:\/\/www.bobooaza.pl\/index.php\/wp-json\/wp\/v2\/media?parent=11962"}],"wp:term":[{"taxonomy":"product_brand","embeddable":true,"href":"https:\/\/www.bobooaza.pl\/index.php\/wp-json\/wp\/v2\/product_brand?post=11962"},{"taxonomy":"product_cat","embeddable":true,"href":"https:\/\/www.bobooaza.pl\/index.php\/wp-json\/wp\/v2\/product_cat?post=11962"},{"taxonomy":"product_tag","embeddable":true,"href":"https:\/\/www.bobooaza.pl\/index.php\/wp-json\/wp\/v2\/product_tag?post=11962"}],"curies":[{"name":"wp","href":"https:\/\/api.w.org\/{rel}","templated":true}]}}