{"id":11970,"date":"2026-01-11T20:48:56","date_gmt":"2026-01-11T19:48:56","guid":{"rendered":"https:\/\/bobooaza.pl\/index.php\/produkt\/canpol-51-401-silikonowy-trojdzielny-talerzyk-z-przyssawka-mis-turkus\/"},"modified":"2026-01-11T21:15:00","modified_gmt":"2026-01-11T20:15:00","slug":"canpol-51-401-silikonowy-trojdzielny-talerzyk-z-przyssawka-mis-turkus","status":"publish","type":"product","link":"https:\/\/www.bobooaza.pl\/index.php\/produkt\/canpol-51-401-silikonowy-trojdzielny-talerzyk-z-przyssawka-mis-turkus\/","title":{"rendered":"CANPOL 51\/401 Silikonowy tr\u00f3jdzielny talerzyk z przyssawk\u0105 MI\u015a turkus"},"content":{"rendered":"<p>CANPOL 51\/401 to silikonowy tr\u00f3jdzielny talerzyk z przyssawk\u0105 MI\u015a w kolorze turkusowym, przeznaczony dla dzieci od 6. miesi\u0105ca \u017cycia. Talerzyk ma cztery przegr\u00f3dki u\u0142atwiaj\u0105ce porcjowanie i sortowanie r\u00f3\u017cnych sk\u0142adnik\u00f3w posi\u0142ku, co wspiera samodzielne jedzenie, tak\u017ce metod\u0105 BLW. Antypo\u015blizgowa przyssawka zapobiega przesuwaniu si\u0119 talerza po stole, wywr\u00f3ceniu lub zrzuceniu na pod\u0142og\u0119. Wykonany jest w 100% z bezpiecznego silikonu przeznaczonego do kontaktu z \u017cywno\u015bci\u0105, elastyczny, trwa\u0142y i niet\u0142uk\u0105cy si\u0119. Mo\u017cna go my\u0107 w zmywarce i podgrzewa\u0107 w mikrofal\u00f3wce. Produkt nie zawiera BPA, PVC ani ftalan\u00f3w i posiada odpowiednie certyfikaty bezpiecze\u0144stwa. Talerzyk jest dost\u0119pny w trzech kolorach.<\/p>\n","protected":false},"excerpt":{"rendered":"<p>CANPOL 51\/401 to silikonowy tr\u00f3jdzielny talerzyk z przyssawk\u0105 MI\u015a w kolorze turkusowym, przeznaczony dla dzieci od 6. miesi\u0105ca \u017cycia. Talerzyk ma cztery przegr\u00f3dki u\u0142atwiaj\u0105ce porcjowanie i sortowanie r\u00f3\u017cnych sk\u0142adnik\u00f3w posi\u0142ku, co wspiera samodzielne jedzenie, tak\u017ce metod\u0105 BLW. Antypo\u015blizgowa przyssawka zapobiega przesuwaniu si\u0119 talerza po stole, wywr\u00f3ceniu lub zrzuceniu na pod\u0142og\u0119. Wykonany jest w 100% z [&hellip;]<\/p>\n","protected":false},"featured_media":11969,"comment_status":"open","ping_status":"closed","template":"","meta":[],"product_brand":[],"product_cat":[76,63,158,99],"product_tag":[],"class_list":{"0":"post-11970","1":"product","2":"type-product","3":"status-publish","4":"has-post-thumbnail","6":"product_cat-dziecko","7":"product_cat-karmienie","8":"product_cat-miseczki-i-talerzyki","9":"product_cat-naczynia-i-sztucce","11":"first","12":"outofstock","13":"taxable","14":"shipping-taxable","15":"purchasable","16":"product-type-simple"},"_links":{"self":[{"href":"https:\/\/www.bobooaza.pl\/index.php\/wp-json\/wp\/v2\/product\/11970","targetHints":{"allow":["GET"]}}],"collection":[{"href":"https:\/\/www.bobooaza.pl\/index.php\/wp-json\/wp\/v2\/product"}],"about":[{"href":"https:\/\/www.bobooaza.pl\/index.php\/wp-json\/wp\/v2\/types\/product"}],"replies":[{"embeddable":true,"href":"https:\/\/www.bobooaza.pl\/index.php\/wp-json\/wp\/v2\/comments?post=11970"}],"wp:featuredmedia":[{"embeddable":true,"href":"https:\/\/www.bobooaza.pl\/index.php\/wp-json\/wp\/v2\/media\/11969"}],"wp:attachment":[{"href":"https:\/\/www.bobooaza.pl\/index.php\/wp-json\/wp\/v2\/media?parent=11970"}],"wp:term":[{"taxonomy":"product_brand","embeddable":true,"href":"https:\/\/www.bobooaza.pl\/index.php\/wp-json\/wp\/v2\/product_brand?post=11970"},{"taxonomy":"product_cat","embeddable":true,"href":"https:\/\/www.bobooaza.pl\/index.php\/wp-json\/wp\/v2\/product_cat?post=11970"},{"taxonomy":"product_tag","embeddable":true,"href":"https:\/\/www.bobooaza.pl\/index.php\/wp-json\/wp\/v2\/product_tag?post=11970"}],"curies":[{"name":"wp","href":"https:\/\/api.w.org\/{rel}","templated":true}]}}