{"id":11972,"date":"2026-01-11T20:48:57","date_gmt":"2026-01-11T19:48:57","guid":{"rendered":"https:\/\/bobooaza.pl\/index.php\/produkt\/canpol-51-401-silikonowy-trojdzielny-talerzyk-z-przyssawka-mis-roz\/"},"modified":"2026-01-11T21:15:01","modified_gmt":"2026-01-11T20:15:01","slug":"canpol-51-401-silikonowy-trojdzielny-talerzyk-z-przyssawka-mis-roz","status":"publish","type":"product","link":"https:\/\/www.bobooaza.pl\/index.php\/produkt\/canpol-51-401-silikonowy-trojdzielny-talerzyk-z-przyssawka-mis-roz\/","title":{"rendered":"CANPOL 51\/401 Silikonowy tr\u00f3jdzielny talerzyk z przyssawk\u0105 MI\u015a r\u00f3\u017c"},"content":{"rendered":"<p>CANPOL 51\/401 to silikonowy tr\u00f3jdzielny talerzyk z przyssawk\u0105 MI\u015a w kolorze r\u00f3\u017cowym, przeznaczony dla dzieci od 6. miesi\u0105ca \u017cycia. Jest idealny do pierwszych posi\u0142k\u00f3w i do nauki samodzielnego jedzenia, w tym metod\u0105 BLW. Posiada cztery przegr\u00f3dki, kt\u00f3re u\u0142atwiaj\u0105 porcjowanie i sortowanie r\u00f3\u017cnych sk\u0142adnik\u00f3w posi\u0142ku, zach\u0119caj\u0105c dziecko do pr\u00f3bowania nowych smak\u00f3w. Antypo\u015blizgowa przyssawka zapobiega przesuwaniu si\u0119 talerza po stole i wywr\u00f3ceniu lub zrzuceniu go na pod\u0142og\u0119. Wykonany jest w 100% z bezpiecznego silikonu spo\u017cywczego, elastyczny, trwa\u0142y i niet\u0142uk\u0105cy si\u0119. Mo\u017cna go my\u0107 w zmywarce i podgrzewa\u0107 w mikrofal\u00f3wce. Produkt nie zawiera BPA, PVC ani ftalan\u00f3w i posiada odpowiednie certyfikaty bezpiecze\u0144stwa. Talerzyk dost\u0119pny jest r\u00f3wnie\u017c w innych kolorach.<\/p>\n","protected":false},"excerpt":{"rendered":"<p>CANPOL 51\/401 to silikonowy tr\u00f3jdzielny talerzyk z przyssawk\u0105 MI\u015a w kolorze r\u00f3\u017cowym, przeznaczony dla dzieci od 6. miesi\u0105ca \u017cycia. Jest idealny do pierwszych posi\u0142k\u00f3w i do nauki samodzielnego jedzenia, w tym metod\u0105 BLW. Posiada cztery przegr\u00f3dki, kt\u00f3re u\u0142atwiaj\u0105 porcjowanie i sortowanie r\u00f3\u017cnych sk\u0142adnik\u00f3w posi\u0142ku, zach\u0119caj\u0105c dziecko do pr\u00f3bowania nowych smak\u00f3w. Antypo\u015blizgowa przyssawka zapobiega przesuwaniu si\u0119 [&hellip;]<\/p>\n","protected":false},"featured_media":11971,"comment_status":"open","ping_status":"closed","template":"","meta":[],"product_brand":[],"product_cat":[76,63,158,99],"product_tag":[],"class_list":{"0":"post-11972","1":"product","2":"type-product","3":"status-publish","4":"has-post-thumbnail","6":"product_cat-dziecko","7":"product_cat-karmienie","8":"product_cat-miseczki-i-talerzyki","9":"product_cat-naczynia-i-sztucce","11":"first","12":"outofstock","13":"taxable","14":"shipping-taxable","15":"purchasable","16":"product-type-simple"},"_links":{"self":[{"href":"https:\/\/www.bobooaza.pl\/index.php\/wp-json\/wp\/v2\/product\/11972","targetHints":{"allow":["GET"]}}],"collection":[{"href":"https:\/\/www.bobooaza.pl\/index.php\/wp-json\/wp\/v2\/product"}],"about":[{"href":"https:\/\/www.bobooaza.pl\/index.php\/wp-json\/wp\/v2\/types\/product"}],"replies":[{"embeddable":true,"href":"https:\/\/www.bobooaza.pl\/index.php\/wp-json\/wp\/v2\/comments?post=11972"}],"wp:featuredmedia":[{"embeddable":true,"href":"https:\/\/www.bobooaza.pl\/index.php\/wp-json\/wp\/v2\/media\/11971"}],"wp:attachment":[{"href":"https:\/\/www.bobooaza.pl\/index.php\/wp-json\/wp\/v2\/media?parent=11972"}],"wp:term":[{"taxonomy":"product_brand","embeddable":true,"href":"https:\/\/www.bobooaza.pl\/index.php\/wp-json\/wp\/v2\/product_brand?post=11972"},{"taxonomy":"product_cat","embeddable":true,"href":"https:\/\/www.bobooaza.pl\/index.php\/wp-json\/wp\/v2\/product_cat?post=11972"},{"taxonomy":"product_tag","embeddable":true,"href":"https:\/\/www.bobooaza.pl\/index.php\/wp-json\/wp\/v2\/product_tag?post=11972"}],"curies":[{"name":"wp","href":"https:\/\/api.w.org\/{rel}","templated":true}]}}