{"id":11992,"date":"2026-01-11T20:49:15","date_gmt":"2026-01-11T19:49:15","guid":{"rendered":"https:\/\/bobooaza.pl\/index.php\/produkt\/baby-01299-talerz-silikonowy-z-podzialka-sage\/"},"modified":"2026-01-11T21:15:11","modified_gmt":"2026-01-11T20:15:11","slug":"baby-01299-talerz-silikonowy-z-podzialka-sage","status":"publish","type":"product","link":"https:\/\/www.bobooaza.pl\/index.php\/produkt\/baby-01299-talerz-silikonowy-z-podzialka-sage\/","title":{"rendered":"BABY 01299 Talerz silikonowy z podzia\u0142k\u0105 Sage"},"content":{"rendered":"<p>BABY 01299 to tr\u00f3jdzielny talerz silikonowy z przyssawk\u0105, przeznaczony dla dzieci od 6 miesi\u0105ca \u017cycia, kt\u00f3ry umo\u017cliwia samodzielne jedzenie bez konieczno\u015bci trzymania talerza przez rodzica. Przyssawka zapewnia stabilno\u015b\u0107, zapobiegaj\u0105c przesuwaniu si\u0119 talerza po stole. Wykonany jest z wytrzyma\u0142ego, hipoalergicznego silikonu spo\u017cywczego, wolnego od BPA, PVC i ftalan\u00f3w, nie poch\u0142ania zapach\u00f3w ani smak\u00f3w. Talerz ma \u015brednic\u0119 18 cm, wysoko\u015b\u0107 3 cm, mo\u017cna go my\u0107 w zmywarce na g\u00f3rnej p\u00f3\u0142ce oraz u\u017cywa\u0107 w kuchence mikrofalowej.<\/p>\n","protected":false},"excerpt":{"rendered":"<p>BABY 01299 to tr\u00f3jdzielny talerz silikonowy z przyssawk\u0105, przeznaczony dla dzieci od 6 miesi\u0105ca \u017cycia, kt\u00f3ry umo\u017cliwia samodzielne jedzenie bez konieczno\u015bci trzymania talerza przez rodzica. Przyssawka zapewnia stabilno\u015b\u0107, zapobiegaj\u0105c przesuwaniu si\u0119 talerza po stole. Wykonany jest z wytrzyma\u0142ego, hipoalergicznego silikonu spo\u017cywczego, wolnego od BPA, PVC i ftalan\u00f3w, nie poch\u0142ania zapach\u00f3w ani smak\u00f3w. Talerz ma \u015brednic\u0119 [&hellip;]<\/p>\n","protected":false},"featured_media":11989,"comment_status":"open","ping_status":"closed","template":"","meta":[],"product_brand":[],"product_cat":[76,63,158,99],"product_tag":[],"class_list":{"0":"post-11992","1":"product","2":"type-product","3":"status-publish","4":"has-post-thumbnail","6":"product_cat-dziecko","7":"product_cat-karmienie","8":"product_cat-miseczki-i-talerzyki","9":"product_cat-naczynia-i-sztucce","11":"first","12":"instock","13":"taxable","14":"shipping-taxable","15":"purchasable","16":"product-type-simple"},"_links":{"self":[{"href":"https:\/\/www.bobooaza.pl\/index.php\/wp-json\/wp\/v2\/product\/11992","targetHints":{"allow":["GET"]}}],"collection":[{"href":"https:\/\/www.bobooaza.pl\/index.php\/wp-json\/wp\/v2\/product"}],"about":[{"href":"https:\/\/www.bobooaza.pl\/index.php\/wp-json\/wp\/v2\/types\/product"}],"replies":[{"embeddable":true,"href":"https:\/\/www.bobooaza.pl\/index.php\/wp-json\/wp\/v2\/comments?post=11992"}],"wp:featuredmedia":[{"embeddable":true,"href":"https:\/\/www.bobooaza.pl\/index.php\/wp-json\/wp\/v2\/media\/11989"}],"wp:attachment":[{"href":"https:\/\/www.bobooaza.pl\/index.php\/wp-json\/wp\/v2\/media?parent=11992"}],"wp:term":[{"taxonomy":"product_brand","embeddable":true,"href":"https:\/\/www.bobooaza.pl\/index.php\/wp-json\/wp\/v2\/product_brand?post=11992"},{"taxonomy":"product_cat","embeddable":true,"href":"https:\/\/www.bobooaza.pl\/index.php\/wp-json\/wp\/v2\/product_cat?post=11992"},{"taxonomy":"product_tag","embeddable":true,"href":"https:\/\/www.bobooaza.pl\/index.php\/wp-json\/wp\/v2\/product_tag?post=11992"}],"curies":[{"name":"wp","href":"https:\/\/api.w.org\/{rel}","templated":true}]}}