{"id":12002,"date":"2026-01-11T20:49:28","date_gmt":"2026-01-11T19:49:28","guid":{"rendered":"https:\/\/bobooaza.pl\/index.php\/produkt\/lovi-21-530-talerzyk-dla-niemowlat-2-szt-pistachio-green\/"},"modified":"2026-01-19T21:55:24","modified_gmt":"2026-01-19T20:55:24","slug":"lovi-21-530-talerzyk-dla-niemowlat-2-szt-pistachio-green","status":"publish","type":"product","link":"https:\/\/www.bobooaza.pl\/index.php\/produkt\/lovi-21-530-talerzyk-dla-niemowlat-2-szt-pistachio-green\/","title":{"rendered":"LOVI 21\/530 Talerzyk dla niemowl\u0105t 2 szt Pistachio green"},"content":{"rendered":"<p>LOVI 21\/530 to zestaw dw\u00f3ch talerzyk\u00f3w dla niemowl\u0105t w wieku 6 miesi\u0119cy i starszych, przeznaczonych do nauki samodzielnego jedzenia. Talerzyki s\u0105 lekkie, por\u0119czne, \u0142atwe do trzymania i maj\u0105 bezpieczne, ob\u0142e kszta\u0142ty, co sprawia, \u017ce mog\u0105 z nich korzysta\u0107 zar\u00f3wno dzieci, jak i rodzice. Zosta\u0142y wykonane z materia\u0142\u00f3w zawieraj\u0105cych 20% m\u0105czki drzewnej pochodz\u0105cej z recyklingu, co zmniejsza ilo\u015b\u0107 plastiku w produkcie. S\u0105 wolne od melaminy i BPA. W zestawie znajduj\u0105 si\u0119 talerzyki w dw\u00f3ch kolorach, odpowiednie na r\u00f3\u017cne rodzaje potraw.<\/p>\n","protected":false},"excerpt":{"rendered":"<p>LOVI 21\/530 to zestaw dw\u00f3ch talerzyk\u00f3w dla niemowl\u0105t w wieku 6 miesi\u0119cy i starszych, przeznaczonych do nauki samodzielnego jedzenia. Talerzyki s\u0105 lekkie, por\u0119czne, \u0142atwe do trzymania i maj\u0105 bezpieczne, ob\u0142e kszta\u0142ty, co sprawia, \u017ce mog\u0105 z nich korzysta\u0107 zar\u00f3wno dzieci, jak i rodzice. Zosta\u0142y wykonane z materia\u0142\u00f3w zawieraj\u0105cych 20% m\u0105czki drzewnej pochodz\u0105cej z recyklingu, co [&hellip;]<\/p>\n","protected":false},"featured_media":12000,"comment_status":"open","ping_status":"closed","template":"","meta":[],"product_brand":[],"product_cat":[76,63,158,99],"product_tag":[],"class_list":{"0":"post-12002","1":"product","2":"type-product","3":"status-publish","4":"has-post-thumbnail","6":"product_cat-dziecko","7":"product_cat-karmienie","8":"product_cat-miseczki-i-talerzyki","9":"product_cat-naczynia-i-sztucce","11":"first","12":"instock","13":"taxable","14":"shipping-taxable","15":"purchasable","16":"product-type-simple"},"_links":{"self":[{"href":"https:\/\/www.bobooaza.pl\/index.php\/wp-json\/wp\/v2\/product\/12002","targetHints":{"allow":["GET"]}}],"collection":[{"href":"https:\/\/www.bobooaza.pl\/index.php\/wp-json\/wp\/v2\/product"}],"about":[{"href":"https:\/\/www.bobooaza.pl\/index.php\/wp-json\/wp\/v2\/types\/product"}],"replies":[{"embeddable":true,"href":"https:\/\/www.bobooaza.pl\/index.php\/wp-json\/wp\/v2\/comments?post=12002"}],"wp:featuredmedia":[{"embeddable":true,"href":"https:\/\/www.bobooaza.pl\/index.php\/wp-json\/wp\/v2\/media\/12000"}],"wp:attachment":[{"href":"https:\/\/www.bobooaza.pl\/index.php\/wp-json\/wp\/v2\/media?parent=12002"}],"wp:term":[{"taxonomy":"product_brand","embeddable":true,"href":"https:\/\/www.bobooaza.pl\/index.php\/wp-json\/wp\/v2\/product_brand?post=12002"},{"taxonomy":"product_cat","embeddable":true,"href":"https:\/\/www.bobooaza.pl\/index.php\/wp-json\/wp\/v2\/product_cat?post=12002"},{"taxonomy":"product_tag","embeddable":true,"href":"https:\/\/www.bobooaza.pl\/index.php\/wp-json\/wp\/v2\/product_tag?post=12002"}],"curies":[{"name":"wp","href":"https:\/\/api.w.org\/{rel}","templated":true}]}}