{"id":12008,"date":"2026-01-11T21:13:26","date_gmt":"2026-01-11T20:13:26","guid":{"rendered":"https:\/\/bobooaza.pl\/index.php\/produkt\/chicco-00010216100000-talerz-silikonowy-3-dzielny-girl\/"},"modified":"2026-01-11T21:26:23","modified_gmt":"2026-01-11T20:26:23","slug":"chicco-00010216100000-talerz-silikonowy-3-dzielny-girl","status":"publish","type":"product","link":"https:\/\/www.bobooaza.pl\/index.php\/produkt\/chicco-00010216100000-talerz-silikonowy-3-dzielny-girl\/","title":{"rendered":"CHICCO 00010216100000 Talerz silikonowy 3-dzielny girl"},"content":{"rendered":"<p>CHICCO 00010216100000 Talerz silikonowy 3-dzielny girl to praktyczne naczynie dla dzieci od 12 miesi\u0105ca \u017cycia, kt\u00f3re wspiera samodzielne jedzenie i odkrywanie nowych smak\u00f3w. Wykonany jest w ca\u0142o\u015bci z niet\u0142uk\u0105cego, trwa\u0142ego silikonu spo\u017cywczego, odporny na wod\u0119 i zapachy. Stabilna podstawa ss\u0105ca zapobiega przewr\u00f3ceniu talerza i rozlaniu posi\u0142ku, a trzy oddzielne sekcje u\u0142atwiaj\u0105 porcjowanie i zach\u0119caj\u0105 do zdrowego, zbilansowanego jedzenia. Talerz mo\u017cna u\u017cywa\u0107 w kuchence mikrofalowej i my\u0107 w zmywarce. Produkt jest wolny od BPA i w pe\u0142ni bezpieczny dla dziecka.<\/p>\n","protected":false},"excerpt":{"rendered":"<p>CHICCO 00010216100000 Talerz silikonowy 3-dzielny girl to praktyczne naczynie dla dzieci od 12 miesi\u0105ca \u017cycia, kt\u00f3re wspiera samodzielne jedzenie i odkrywanie nowych smak\u00f3w. Wykonany jest w ca\u0142o\u015bci z niet\u0142uk\u0105cego, trwa\u0142ego silikonu spo\u017cywczego, odporny na wod\u0119 i zapachy. Stabilna podstawa ss\u0105ca zapobiega przewr\u00f3ceniu talerza i rozlaniu posi\u0142ku, a trzy oddzielne sekcje u\u0142atwiaj\u0105 porcjowanie i zach\u0119caj\u0105 do [&hellip;]<\/p>\n","protected":false},"featured_media":12006,"comment_status":"open","ping_status":"closed","template":"","meta":[],"product_brand":[],"product_cat":[76,63,158,99],"product_tag":[],"class_list":{"0":"post-12008","1":"product","2":"type-product","3":"status-publish","4":"has-post-thumbnail","6":"product_cat-dziecko","7":"product_cat-karmienie","8":"product_cat-miseczki-i-talerzyki","9":"product_cat-naczynia-i-sztucce","11":"first","12":"instock","13":"taxable","14":"shipping-taxable","15":"purchasable","16":"product-type-simple"},"_links":{"self":[{"href":"https:\/\/www.bobooaza.pl\/index.php\/wp-json\/wp\/v2\/product\/12008","targetHints":{"allow":["GET"]}}],"collection":[{"href":"https:\/\/www.bobooaza.pl\/index.php\/wp-json\/wp\/v2\/product"}],"about":[{"href":"https:\/\/www.bobooaza.pl\/index.php\/wp-json\/wp\/v2\/types\/product"}],"replies":[{"embeddable":true,"href":"https:\/\/www.bobooaza.pl\/index.php\/wp-json\/wp\/v2\/comments?post=12008"}],"wp:featuredmedia":[{"embeddable":true,"href":"https:\/\/www.bobooaza.pl\/index.php\/wp-json\/wp\/v2\/media\/12006"}],"wp:attachment":[{"href":"https:\/\/www.bobooaza.pl\/index.php\/wp-json\/wp\/v2\/media?parent=12008"}],"wp:term":[{"taxonomy":"product_brand","embeddable":true,"href":"https:\/\/www.bobooaza.pl\/index.php\/wp-json\/wp\/v2\/product_brand?post=12008"},{"taxonomy":"product_cat","embeddable":true,"href":"https:\/\/www.bobooaza.pl\/index.php\/wp-json\/wp\/v2\/product_cat?post=12008"},{"taxonomy":"product_tag","embeddable":true,"href":"https:\/\/www.bobooaza.pl\/index.php\/wp-json\/wp\/v2\/product_tag?post=12008"}],"curies":[{"name":"wp","href":"https:\/\/api.w.org\/{rel}","templated":true}]}}