{"id":12010,"date":"2026-01-11T21:13:28","date_gmt":"2026-01-11T20:13:28","guid":{"rendered":"https:\/\/bobooaza.pl\/index.php\/produkt\/chicco-00010216200000-talerz-silikonowy-3-dzielny-boy\/"},"modified":"2026-01-11T21:26:24","modified_gmt":"2026-01-11T20:26:24","slug":"chicco-00010216200000-talerz-silikonowy-3-dzielny-boy","status":"publish","type":"product","link":"https:\/\/www.bobooaza.pl\/index.php\/produkt\/chicco-00010216200000-talerz-silikonowy-3-dzielny-boy\/","title":{"rendered":"CHICCO 00010216200000 Talerz silikonowy 3-dzielny boy"},"content":{"rendered":"<p>CHICCO 00010216200000 Talerz silikonowy 3-dzielny boy to naczynie przeznaczone dla dzieci od 12 miesi\u0105ca \u017cycia, kt\u00f3re wspiera samodzielne jedzenie i odkrywanie nowych smak\u00f3w. Wykonany jest w ca\u0142o\u015bci z trwa\u0142ego, niet\u0142uk\u0105cego silikonu spo\u017cywczego, odpornego na wod\u0119 i zapachy. Stabilna podstawa ss\u0105ca utrzymuje talerz w miejscu, zapobiegaj\u0105c przewr\u00f3ceniu i rozlaniu posi\u0142ku. Trzy oddzielne sekcje u\u0142atwiaj\u0105 porcjowanie i wprowadzaj\u0105 zdrowe, zbilansowane posi\u0142ki. Produkt mo\u017cna u\u017cywa\u0107 w kuchence mikrofalowej i my\u0107 w zmywarce, jest wolny od BPA i bezpieczny dla dziecka.<\/p>\n","protected":false},"excerpt":{"rendered":"<p>CHICCO 00010216200000 Talerz silikonowy 3-dzielny boy to naczynie przeznaczone dla dzieci od 12 miesi\u0105ca \u017cycia, kt\u00f3re wspiera samodzielne jedzenie i odkrywanie nowych smak\u00f3w. Wykonany jest w ca\u0142o\u015bci z trwa\u0142ego, niet\u0142uk\u0105cego silikonu spo\u017cywczego, odpornego na wod\u0119 i zapachy. Stabilna podstawa ss\u0105ca utrzymuje talerz w miejscu, zapobiegaj\u0105c przewr\u00f3ceniu i rozlaniu posi\u0142ku. Trzy oddzielne sekcje u\u0142atwiaj\u0105 porcjowanie i [&hellip;]<\/p>\n","protected":false},"featured_media":12009,"comment_status":"open","ping_status":"closed","template":"","meta":[],"product_brand":[],"product_cat":[76,63,158,99],"product_tag":[],"class_list":{"0":"post-12010","1":"product","2":"type-product","3":"status-publish","4":"has-post-thumbnail","6":"product_cat-dziecko","7":"product_cat-karmienie","8":"product_cat-miseczki-i-talerzyki","9":"product_cat-naczynia-i-sztucce","11":"first","12":"instock","13":"taxable","14":"shipping-taxable","15":"purchasable","16":"product-type-simple"},"_links":{"self":[{"href":"https:\/\/www.bobooaza.pl\/index.php\/wp-json\/wp\/v2\/product\/12010","targetHints":{"allow":["GET"]}}],"collection":[{"href":"https:\/\/www.bobooaza.pl\/index.php\/wp-json\/wp\/v2\/product"}],"about":[{"href":"https:\/\/www.bobooaza.pl\/index.php\/wp-json\/wp\/v2\/types\/product"}],"replies":[{"embeddable":true,"href":"https:\/\/www.bobooaza.pl\/index.php\/wp-json\/wp\/v2\/comments?post=12010"}],"wp:featuredmedia":[{"embeddable":true,"href":"https:\/\/www.bobooaza.pl\/index.php\/wp-json\/wp\/v2\/media\/12009"}],"wp:attachment":[{"href":"https:\/\/www.bobooaza.pl\/index.php\/wp-json\/wp\/v2\/media?parent=12010"}],"wp:term":[{"taxonomy":"product_brand","embeddable":true,"href":"https:\/\/www.bobooaza.pl\/index.php\/wp-json\/wp\/v2\/product_brand?post=12010"},{"taxonomy":"product_cat","embeddable":true,"href":"https:\/\/www.bobooaza.pl\/index.php\/wp-json\/wp\/v2\/product_cat?post=12010"},{"taxonomy":"product_tag","embeddable":true,"href":"https:\/\/www.bobooaza.pl\/index.php\/wp-json\/wp\/v2\/product_tag?post=12010"}],"curies":[{"name":"wp","href":"https:\/\/api.w.org\/{rel}","templated":true}]}}