{"id":12022,"date":"2026-01-11T21:13:50","date_gmt":"2026-01-11T20:13:50","guid":{"rendered":"https:\/\/bobooaza.pl\/index.php\/produkt\/canpol-80-309-silikonowy-talerz-z-przyssawka-serce-bezowy\/"},"modified":"2026-01-19T21:55:24","modified_gmt":"2026-01-19T20:55:24","slug":"canpol-80-309-silikonowy-talerz-z-przyssawka-serce-bezowy","status":"publish","type":"product","link":"https:\/\/www.bobooaza.pl\/index.php\/produkt\/canpol-80-309-silikonowy-talerz-z-przyssawka-serce-bezowy\/","title":{"rendered":"CANPOL 80\/309 Silikonowy talerz z przyssawk\u0105 SERCE be\u017cowy"},"content":{"rendered":"<p>CANPOL 80\/309 Silikonowy talerz z przyssawk\u0105 SERCE be\u017cowy to naczynie dla dzieci od 6. miesi\u0105ca \u017cycia, stworzone do pierwszych posi\u0142k\u00f3w i nauki samodzielnego jedzenia, r\u00f3wnie\u017c metod\u0105 BLW. Talerz ma kszta\u0142t serca, wysokie, zaokr\u0105glone brzegi u\u0142atwiaj\u0105ce nabieranie jedzenia oraz antypo\u015blizgow\u0105 przyssawk\u0119 zapewniaj\u0105c\u0105 stabilno\u015b\u0107 na stole i zapobiegaj\u0105c\u0105 zrzuceniu talerza. Wykonany jest w 100% z bezpiecznego silikonu spo\u017cywczego, wolnego od BPA, PVC i ftalan\u00f3w. Mo\u017cna go my\u0107 w zmywarce i podgrzewa\u0107 w mikrofal\u00f3wce, \u0142\u0105cz\u0105c funkcjonalno\u015b\u0107 z atrakcyjnym wygl\u0105dem, kt\u00f3ry urozmaica posi\u0142ki dziecka.<\/p>\n","protected":false},"excerpt":{"rendered":"<p>CANPOL 80\/309 Silikonowy talerz z przyssawk\u0105 SERCE be\u017cowy to naczynie dla dzieci od 6. miesi\u0105ca \u017cycia, stworzone do pierwszych posi\u0142k\u00f3w i nauki samodzielnego jedzenia, r\u00f3wnie\u017c metod\u0105 BLW. Talerz ma kszta\u0142t serca, wysokie, zaokr\u0105glone brzegi u\u0142atwiaj\u0105ce nabieranie jedzenia oraz antypo\u015blizgow\u0105 przyssawk\u0119 zapewniaj\u0105c\u0105 stabilno\u015b\u0107 na stole i zapobiegaj\u0105c\u0105 zrzuceniu talerza. Wykonany jest w 100% z bezpiecznego silikonu [&hellip;]<\/p>\n","protected":false},"featured_media":12019,"comment_status":"open","ping_status":"closed","template":"","meta":[],"product_brand":[],"product_cat":[76,63,158,99],"product_tag":[],"class_list":{"0":"post-12022","1":"product","2":"type-product","3":"status-publish","4":"has-post-thumbnail","6":"product_cat-dziecko","7":"product_cat-karmienie","8":"product_cat-miseczki-i-talerzyki","9":"product_cat-naczynia-i-sztucce","11":"first","12":"instock","13":"taxable","14":"shipping-taxable","15":"purchasable","16":"product-type-simple"},"_links":{"self":[{"href":"https:\/\/www.bobooaza.pl\/index.php\/wp-json\/wp\/v2\/product\/12022","targetHints":{"allow":["GET"]}}],"collection":[{"href":"https:\/\/www.bobooaza.pl\/index.php\/wp-json\/wp\/v2\/product"}],"about":[{"href":"https:\/\/www.bobooaza.pl\/index.php\/wp-json\/wp\/v2\/types\/product"}],"replies":[{"embeddable":true,"href":"https:\/\/www.bobooaza.pl\/index.php\/wp-json\/wp\/v2\/comments?post=12022"}],"wp:featuredmedia":[{"embeddable":true,"href":"https:\/\/www.bobooaza.pl\/index.php\/wp-json\/wp\/v2\/media\/12019"}],"wp:attachment":[{"href":"https:\/\/www.bobooaza.pl\/index.php\/wp-json\/wp\/v2\/media?parent=12022"}],"wp:term":[{"taxonomy":"product_brand","embeddable":true,"href":"https:\/\/www.bobooaza.pl\/index.php\/wp-json\/wp\/v2\/product_brand?post=12022"},{"taxonomy":"product_cat","embeddable":true,"href":"https:\/\/www.bobooaza.pl\/index.php\/wp-json\/wp\/v2\/product_cat?post=12022"},{"taxonomy":"product_tag","embeddable":true,"href":"https:\/\/www.bobooaza.pl\/index.php\/wp-json\/wp\/v2\/product_tag?post=12022"}],"curies":[{"name":"wp","href":"https:\/\/api.w.org\/{rel}","templated":true}]}}