{"id":12028,"date":"2026-01-11T21:13:54","date_gmt":"2026-01-11T20:13:54","guid":{"rendered":"https:\/\/bobooaza.pl\/index.php\/produkt\/canpol-51-401-silikonowy-trojdzielny-talerzyk-z-przyssawka-mis-bezowy\/"},"modified":"2026-01-19T21:55:25","modified_gmt":"2026-01-19T20:55:25","slug":"canpol-51-401-silikonowy-trojdzielny-talerzyk-z-przyssawka-mis-bezowy","status":"publish","type":"product","link":"https:\/\/www.bobooaza.pl\/index.php\/produkt\/canpol-51-401-silikonowy-trojdzielny-talerzyk-z-przyssawka-mis-bezowy\/","title":{"rendered":"CANPOL 51\/401 Silikonowy tr\u00f3jdzielny talerzyk z przyssawk\u0105 MI\u015a be\u017cowy"},"content":{"rendered":"<p>CANPOL 51\/401 Silikonowy tr\u00f3jdzielny talerzyk z przyssawk\u0105 MI\u015a be\u017cowy to naczynie dla dzieci od 6. miesi\u0105ca \u017cycia, stworzone do pierwszych posi\u0142k\u00f3w i nauki samodzielnego jedzenia, tak\u017ce metod\u0105 BLW. Talerz posiada cztery przegr\u00f3dki, kt\u00f3re u\u0142atwiaj\u0105 porcjowanie i oddzielanie r\u00f3\u017cnych potraw, zach\u0119caj\u0105c dziecko do pr\u00f3bowania nowych smak\u00f3w. Wyposa\u017cony jest w antypo\u015blizgow\u0105 przyssawk\u0119, kt\u00f3ra stabilnie trzyma naczynie na stole lub blacie, ograniczaj\u0105c ryzyko przewr\u00f3cenia lub zrzucenia go na pod\u0142og\u0119. Wykonany jest w 100% z wysokiej jako\u015bci silikonu spo\u017cywczego, elastycznego, wytrzyma\u0142ego i niet\u0142uk\u0105cego si\u0119, bez BPA, PVC i ftalan\u00f3w. Mo\u017cna go my\u0107 w zmywarce i podgrzewa\u0107 w mikrofal\u00f3wce.<\/p>\n","protected":false},"excerpt":{"rendered":"<p>CANPOL 51\/401 Silikonowy tr\u00f3jdzielny talerzyk z przyssawk\u0105 MI\u015a be\u017cowy to naczynie dla dzieci od 6. miesi\u0105ca \u017cycia, stworzone do pierwszych posi\u0142k\u00f3w i nauki samodzielnego jedzenia, tak\u017ce metod\u0105 BLW. Talerz posiada cztery przegr\u00f3dki, kt\u00f3re u\u0142atwiaj\u0105 porcjowanie i oddzielanie r\u00f3\u017cnych potraw, zach\u0119caj\u0105c dziecko do pr\u00f3bowania nowych smak\u00f3w. Wyposa\u017cony jest w antypo\u015blizgow\u0105 przyssawk\u0119, kt\u00f3ra stabilnie trzyma naczynie na [&hellip;]<\/p>\n","protected":false},"featured_media":12027,"comment_status":"open","ping_status":"closed","template":"","meta":[],"product_brand":[],"product_cat":[76,63,158,99],"product_tag":[],"class_list":{"0":"post-12028","1":"product","2":"type-product","3":"status-publish","4":"has-post-thumbnail","6":"product_cat-dziecko","7":"product_cat-karmienie","8":"product_cat-miseczki-i-talerzyki","9":"product_cat-naczynia-i-sztucce","11":"first","12":"instock","13":"taxable","14":"shipping-taxable","15":"purchasable","16":"product-type-simple"},"_links":{"self":[{"href":"https:\/\/www.bobooaza.pl\/index.php\/wp-json\/wp\/v2\/product\/12028","targetHints":{"allow":["GET"]}}],"collection":[{"href":"https:\/\/www.bobooaza.pl\/index.php\/wp-json\/wp\/v2\/product"}],"about":[{"href":"https:\/\/www.bobooaza.pl\/index.php\/wp-json\/wp\/v2\/types\/product"}],"replies":[{"embeddable":true,"href":"https:\/\/www.bobooaza.pl\/index.php\/wp-json\/wp\/v2\/comments?post=12028"}],"wp:featuredmedia":[{"embeddable":true,"href":"https:\/\/www.bobooaza.pl\/index.php\/wp-json\/wp\/v2\/media\/12027"}],"wp:attachment":[{"href":"https:\/\/www.bobooaza.pl\/index.php\/wp-json\/wp\/v2\/media?parent=12028"}],"wp:term":[{"taxonomy":"product_brand","embeddable":true,"href":"https:\/\/www.bobooaza.pl\/index.php\/wp-json\/wp\/v2\/product_brand?post=12028"},{"taxonomy":"product_cat","embeddable":true,"href":"https:\/\/www.bobooaza.pl\/index.php\/wp-json\/wp\/v2\/product_cat?post=12028"},{"taxonomy":"product_tag","embeddable":true,"href":"https:\/\/www.bobooaza.pl\/index.php\/wp-json\/wp\/v2\/product_tag?post=12028"}],"curies":[{"name":"wp","href":"https:\/\/api.w.org\/{rel}","templated":true}]}}