{"id":12034,"date":"2026-01-11T21:14:05","date_gmt":"2026-01-11T20:14:05","guid":{"rendered":"https:\/\/bobooaza.pl\/index.php\/produkt\/canpol-4-411_pin2-talerz-plastikowy-cute-animals-roz\/"},"modified":"2026-01-19T21:55:26","modified_gmt":"2026-01-19T20:55:26","slug":"canpol-4-411_pin2-talerz-plastikowy-cute-animals-roz","status":"publish","type":"product","link":"https:\/\/www.bobooaza.pl\/index.php\/produkt\/canpol-4-411_pin2-talerz-plastikowy-cute-animals-roz\/","title":{"rendered":"CANPOL 4\/411_pin2 Talerz plastikowy Cute Animals r\u00f3\u017c"},"content":{"rendered":"<p>CANPOL 4\/411_pin2 Talerz plastikowy Cute Animals r\u00f3\u017c to lekki i por\u0119czny talerzyk dla dzieci od 9. miesi\u0105ca \u017cycia. Zaokr\u0105glone kszta\u0142ty i szeroki rant u\u0142atwiaj\u0105 trzymanie i przenoszenie naczynia. Wykonany z wytrzyma\u0142ego plastiku, odporny na uderzenia i upadki, nie t\u0142ucze si\u0119 jak szk\u0142o czy ceramika. Mo\u017cna go my\u0107 w zmywarce i podgrzewa\u0107 w mikrofal\u00f3wce. Produkt nie zawiera BPA ani innych szkodliwych substancji, a motyw uroczych zwierz\u0105tek sprawia, \u017ce posi\u0142ki staj\u0105 si\u0119 atrakcyjniejsze dla maluszka<\/p>\n","protected":false},"excerpt":{"rendered":"<p>CANPOL 4\/411_pin2 Talerz plastikowy Cute Animals r\u00f3\u017c to lekki i por\u0119czny talerzyk dla dzieci od 9. miesi\u0105ca \u017cycia. Zaokr\u0105glone kszta\u0142ty i szeroki rant u\u0142atwiaj\u0105 trzymanie i przenoszenie naczynia. Wykonany z wytrzyma\u0142ego plastiku, odporny na uderzenia i upadki, nie t\u0142ucze si\u0119 jak szk\u0142o czy ceramika. Mo\u017cna go my\u0107 w zmywarce i podgrzewa\u0107 w mikrofal\u00f3wce. Produkt nie [&hellip;]<\/p>\n","protected":false},"featured_media":12033,"comment_status":"open","ping_status":"closed","template":"","meta":[],"product_brand":[],"product_cat":[76,63,158,99],"product_tag":[],"class_list":{"0":"post-12034","1":"product","2":"type-product","3":"status-publish","4":"has-post-thumbnail","6":"product_cat-dziecko","7":"product_cat-karmienie","8":"product_cat-miseczki-i-talerzyki","9":"product_cat-naczynia-i-sztucce","11":"first","12":"instock","13":"taxable","14":"shipping-taxable","15":"purchasable","16":"product-type-simple"},"_links":{"self":[{"href":"https:\/\/www.bobooaza.pl\/index.php\/wp-json\/wp\/v2\/product\/12034","targetHints":{"allow":["GET"]}}],"collection":[{"href":"https:\/\/www.bobooaza.pl\/index.php\/wp-json\/wp\/v2\/product"}],"about":[{"href":"https:\/\/www.bobooaza.pl\/index.php\/wp-json\/wp\/v2\/types\/product"}],"replies":[{"embeddable":true,"href":"https:\/\/www.bobooaza.pl\/index.php\/wp-json\/wp\/v2\/comments?post=12034"}],"wp:featuredmedia":[{"embeddable":true,"href":"https:\/\/www.bobooaza.pl\/index.php\/wp-json\/wp\/v2\/media\/12033"}],"wp:attachment":[{"href":"https:\/\/www.bobooaza.pl\/index.php\/wp-json\/wp\/v2\/media?parent=12034"}],"wp:term":[{"taxonomy":"product_brand","embeddable":true,"href":"https:\/\/www.bobooaza.pl\/index.php\/wp-json\/wp\/v2\/product_brand?post=12034"},{"taxonomy":"product_cat","embeddable":true,"href":"https:\/\/www.bobooaza.pl\/index.php\/wp-json\/wp\/v2\/product_cat?post=12034"},{"taxonomy":"product_tag","embeddable":true,"href":"https:\/\/www.bobooaza.pl\/index.php\/wp-json\/wp\/v2\/product_tag?post=12034"}],"curies":[{"name":"wp","href":"https:\/\/api.w.org\/{rel}","templated":true}]}}