{"id":12038,"date":"2026-01-11T21:14:11","date_gmt":"2026-01-11T20:14:11","guid":{"rendered":"https:\/\/bobooaza.pl\/index.php\/produkt\/b-o-1482-01-silikonowy-talerzyk-z-przyssawka-niebieski\/"},"modified":"2026-01-26T16:01:10","modified_gmt":"2026-01-26T15:01:10","slug":"b-o-1482-01-silikonowy-talerzyk-z-przyssawka-niebieski","status":"publish","type":"product","link":"https:\/\/www.bobooaza.pl\/index.php\/produkt\/b-o-1482-01-silikonowy-talerzyk-z-przyssawka-niebieski\/","title":{"rendered":"B.O.1482\/01 Silikonowy talerzyk z przyssawk\u0105 niebieski"},"content":{"rendered":"<p>B.O.1482\/01 Silikonowy talerzyk z przyssawk\u0105 niebieski to praktyczne rozwi\u0105zanie dla dzieci od 6. miesi\u0105ca \u017cycia ucz\u0105cych si\u0119 samodzielnego jedzenia. Talerzyk posiada solidn\u0105 przyssawk\u0119, kt\u00f3ra stabilizuje naczynie i minimalizuje ryzyko przewr\u00f3cenia lub rozlania posi\u0142ku. Trzy praktyczne przegr\u00f3dki pozwalaj\u0105 podzieli\u0107 jedzenie na r\u00f3\u017cne cz\u0119\u015bci i zach\u0119caj\u0105 dziecko do pr\u00f3bowania nowych smak\u00f3w. Ergonomiczny, zaokr\u0105glony kszta\u0142t u\u0142atwia samodzielne nabieranie pokarmu, wspieraj\u0105c rozw\u00f3j zdolno\u015bci motorycznych. Wykonany z wysokiej jako\u015bci, bezpiecznego silikonu, jest trwa\u0142y, \u0142atwy w czyszczeniu i mo\u017cna go my\u0107 w zmywarce oraz podgrzewa\u0107 w mikrofal\u00f3wce. Wymiary talerzyka to 19,5 x 19,5 x 3 cm.<\/p>\n","protected":false},"excerpt":{"rendered":"<p>B.O.1482\/01 Silikonowy talerzyk z przyssawk\u0105 niebieski to praktyczne rozwi\u0105zanie dla dzieci od 6. miesi\u0105ca \u017cycia ucz\u0105cych si\u0119 samodzielnego jedzenia. Talerzyk posiada solidn\u0105 przyssawk\u0119, kt\u00f3ra stabilizuje naczynie i minimalizuje ryzyko przewr\u00f3cenia lub rozlania posi\u0142ku. Trzy praktyczne przegr\u00f3dki pozwalaj\u0105 podzieli\u0107 jedzenie na r\u00f3\u017cne cz\u0119\u015bci i zach\u0119caj\u0105 dziecko do pr\u00f3bowania nowych smak\u00f3w. Ergonomiczny, zaokr\u0105glony kszta\u0142t u\u0142atwia samodzielne nabieranie [&hellip;]<\/p>\n","protected":false},"featured_media":12035,"comment_status":"open","ping_status":"closed","template":"","meta":[],"product_brand":[],"product_cat":[76,63,158,99],"product_tag":[],"class_list":{"0":"post-12038","1":"product","2":"type-product","3":"status-publish","4":"has-post-thumbnail","6":"product_cat-dziecko","7":"product_cat-karmienie","8":"product_cat-miseczki-i-talerzyki","9":"product_cat-naczynia-i-sztucce","11":"first","12":"instock","13":"taxable","14":"shipping-taxable","15":"purchasable","16":"product-type-simple"},"_links":{"self":[{"href":"https:\/\/www.bobooaza.pl\/index.php\/wp-json\/wp\/v2\/product\/12038","targetHints":{"allow":["GET"]}}],"collection":[{"href":"https:\/\/www.bobooaza.pl\/index.php\/wp-json\/wp\/v2\/product"}],"about":[{"href":"https:\/\/www.bobooaza.pl\/index.php\/wp-json\/wp\/v2\/types\/product"}],"replies":[{"embeddable":true,"href":"https:\/\/www.bobooaza.pl\/index.php\/wp-json\/wp\/v2\/comments?post=12038"}],"wp:featuredmedia":[{"embeddable":true,"href":"https:\/\/www.bobooaza.pl\/index.php\/wp-json\/wp\/v2\/media\/12035"}],"wp:attachment":[{"href":"https:\/\/www.bobooaza.pl\/index.php\/wp-json\/wp\/v2\/media?parent=12038"}],"wp:term":[{"taxonomy":"product_brand","embeddable":true,"href":"https:\/\/www.bobooaza.pl\/index.php\/wp-json\/wp\/v2\/product_brand?post=12038"},{"taxonomy":"product_cat","embeddable":true,"href":"https:\/\/www.bobooaza.pl\/index.php\/wp-json\/wp\/v2\/product_cat?post=12038"},{"taxonomy":"product_tag","embeddable":true,"href":"https:\/\/www.bobooaza.pl\/index.php\/wp-json\/wp\/v2\/product_tag?post=12038"}],"curies":[{"name":"wp","href":"https:\/\/api.w.org\/{rel}","templated":true}]}}