{"id":12052,"date":"2026-01-11T21:14:31","date_gmt":"2026-01-11T20:14:31","guid":{"rendered":"https:\/\/bobooaza.pl\/index.php\/produkt\/mombella-01513-talerzyk-z-przyssawka-panda-light-brown\/"},"modified":"2026-01-11T21:26:30","modified_gmt":"2026-01-11T20:26:30","slug":"mombella-01513-talerzyk-z-przyssawka-panda-light-brown","status":"publish","type":"product","link":"https:\/\/www.bobooaza.pl\/index.php\/produkt\/mombella-01513-talerzyk-z-przyssawka-panda-light-brown\/","title":{"rendered":"Mombella 01513 Talerzyk  z Przyssawk\u0105 Panda Light  Brown"},"content":{"rendered":"<p>Mombella 01513 Talerzyk z Przyssawk\u0105 Panda Light Brown to silikonowy tr\u00f3jdzielny talerzyk dla dzieci od 6. miesi\u0105ca \u017cycia, kt\u00f3ry u\u0142atwia nauk\u0119 samodzielnego jedzenia i wprowadza r\u00f3\u017cnorodno\u015b\u0107 w diecie metod\u0105 BLW. Ma kszta\u0142t pandy i nowoczesny design, kt\u00f3ry zach\u0119ca malucha do posi\u0142k\u00f3w. Mocna przyssawka stabilizuje talerzyk na stole, uniemo\u017cliwiaj\u0105c przewr\u00f3cenie lub zrzucenie zawarto\u015bci, co pomaga utrzyma\u0107 porz\u0105dek podczas jedzenia. Talerzyk wykonany jest z bezpiecznego silikonu spo\u017cywczego, wolnego od BPA, PVC, o\u0142owiu i ftalan\u00f3w, jest hipoalergiczny i trwa\u0142y. Nadaje si\u0119 do serwowania ciep\u0142ych i zimnych posi\u0142k\u00f3w, mo\u017cna go podgrzewa\u0107 w mikrofal\u00f3wce lub piekarniku oraz ch\u0142odzi\u0107 w lod\u00f3wce i zamra\u017carce. Po u\u017cyciu \u0142atwo utrzyma\u0107 go w czysto\u015bci, mo\u017cna my\u0107 w zmywarce na g\u00f3rnej p\u00f3\u0142ce. Wymiary talerzyka to 20 cm szeroko\u015bci, 16,5 cm g\u0142\u0119boko\u015bci i 3,5 cm wysoko\u015bci, wymiary opakowania s\u0105 takie same. M\u00f6mbella to marka powsta\u0142a w 2013 roku, stawiaj\u0105ca na bezpiecze\u0144stwo i komfort dzieci dzi\u0119ki produktom z wysokiej jako\u015bci silikonu.<\/p>\n","protected":false},"excerpt":{"rendered":"<p>Mombella 01513 Talerzyk z Przyssawk\u0105 Panda Light Brown to silikonowy tr\u00f3jdzielny talerzyk dla dzieci od 6. miesi\u0105ca \u017cycia, kt\u00f3ry u\u0142atwia nauk\u0119 samodzielnego jedzenia i wprowadza r\u00f3\u017cnorodno\u015b\u0107 w diecie metod\u0105 BLW. Ma kszta\u0142t pandy i nowoczesny design, kt\u00f3ry zach\u0119ca malucha do posi\u0142k\u00f3w. Mocna przyssawka stabilizuje talerzyk na stole, uniemo\u017cliwiaj\u0105c przewr\u00f3cenie lub zrzucenie zawarto\u015bci, co pomaga utrzyma\u0107 [&hellip;]<\/p>\n","protected":false},"featured_media":12048,"comment_status":"open","ping_status":"closed","template":"","meta":[],"product_brand":[],"product_cat":[76,63,158,99],"product_tag":[],"class_list":{"0":"post-12052","1":"product","2":"type-product","3":"status-publish","4":"has-post-thumbnail","6":"product_cat-dziecko","7":"product_cat-karmienie","8":"product_cat-miseczki-i-talerzyki","9":"product_cat-naczynia-i-sztucce","11":"first","12":"instock","13":"taxable","14":"shipping-taxable","15":"purchasable","16":"product-type-simple"},"_links":{"self":[{"href":"https:\/\/www.bobooaza.pl\/index.php\/wp-json\/wp\/v2\/product\/12052","targetHints":{"allow":["GET"]}}],"collection":[{"href":"https:\/\/www.bobooaza.pl\/index.php\/wp-json\/wp\/v2\/product"}],"about":[{"href":"https:\/\/www.bobooaza.pl\/index.php\/wp-json\/wp\/v2\/types\/product"}],"replies":[{"embeddable":true,"href":"https:\/\/www.bobooaza.pl\/index.php\/wp-json\/wp\/v2\/comments?post=12052"}],"wp:featuredmedia":[{"embeddable":true,"href":"https:\/\/www.bobooaza.pl\/index.php\/wp-json\/wp\/v2\/media\/12048"}],"wp:attachment":[{"href":"https:\/\/www.bobooaza.pl\/index.php\/wp-json\/wp\/v2\/media?parent=12052"}],"wp:term":[{"taxonomy":"product_brand","embeddable":true,"href":"https:\/\/www.bobooaza.pl\/index.php\/wp-json\/wp\/v2\/product_brand?post=12052"},{"taxonomy":"product_cat","embeddable":true,"href":"https:\/\/www.bobooaza.pl\/index.php\/wp-json\/wp\/v2\/product_cat?post=12052"},{"taxonomy":"product_tag","embeddable":true,"href":"https:\/\/www.bobooaza.pl\/index.php\/wp-json\/wp\/v2\/product_tag?post=12052"}],"curies":[{"name":"wp","href":"https:\/\/api.w.org\/{rel}","templated":true}]}}