{"id":12054,"date":"2026-01-11T21:14:34","date_gmt":"2026-01-11T20:14:34","guid":{"rendered":"https:\/\/bobooaza.pl\/index.php\/produkt\/b-box-bb101508-talerzyk-z-przyssawka-2w1-blekitny\/"},"modified":"2026-01-11T21:26:31","modified_gmt":"2026-01-11T20:26:31","slug":"b-box-bb101508-talerzyk-z-przyssawka-2w1-blekitny","status":"publish","type":"product","link":"https:\/\/www.bobooaza.pl\/index.php\/produkt\/b-box-bb101508-talerzyk-z-przyssawka-2w1-blekitny\/","title":{"rendered":"B.BOX BB101508 Talerzyk z przyssawk\u0105 2w1 b\u0142\u0119kitny"},"content":{"rendered":"<p>B.BOX BB101508 Talerzyk z przyssawk\u0105 2w1 b\u0142\u0119kitny to funkcjonalny talerzyk dla dzieci od 6. miesi\u0105ca \u017cycia, kt\u00f3ry ro\u015bnie razem z dzieckiem. Posiada wyjmowan\u0105 tr\u00f3jdzieln\u0105 przegrod\u0119, dzi\u0119ki kt\u00f3rej mo\u017cna dostosowa\u0107 talerzyk do wieku i umiej\u0119tno\u015bci malucha \u2013 przegroda u\u0142atwia nauk\u0119 samodzielnego jedzenia metod\u0105 BLW, a po jej wyj\u0119ciu talerz staje si\u0119 naczyniem dla starszego dziecka. Zaokr\u0105glone brzegi i mocna przyssawka stabilizuj\u0105 talerzyk na g\u0142adkiej powierzchni, minimalizuj\u0105c ryzyko rozlania posi\u0142ku. Wykonany jest z wytrzyma\u0142ego polipropylenu i silikonu spo\u017cywczego, bez BPA, PVC i ftalan\u00f3w. Mo\u017cna go my\u0107 w zmywarce (tylko g\u00f3rny kosz) oraz podgrzewa\u0107 w mikrofal\u00f3wce w kr\u00f3tkich odst\u0119pach, mieszaj\u0105c zawarto\u015b\u0107 i sprawdzaj\u0105c temperatur\u0119 przed podaniem dziecku. Talerzyk wspiera rozw\u00f3j samodzielno\u015bci dziecka, u\u0142atwia wprowadzanie nowych smak\u00f3w i zapewnia spokojniejsze, bardziej komfortowe posi\u0142ki.<\/p>\n","protected":false},"excerpt":{"rendered":"<p>B.BOX BB101508 Talerzyk z przyssawk\u0105 2w1 b\u0142\u0119kitny to funkcjonalny talerzyk dla dzieci od 6. miesi\u0105ca \u017cycia, kt\u00f3ry ro\u015bnie razem z dzieckiem. Posiada wyjmowan\u0105 tr\u00f3jdzieln\u0105 przegrod\u0119, dzi\u0119ki kt\u00f3rej mo\u017cna dostosowa\u0107 talerzyk do wieku i umiej\u0119tno\u015bci malucha \u2013 przegroda u\u0142atwia nauk\u0119 samodzielnego jedzenia metod\u0105 BLW, a po jej wyj\u0119ciu talerz staje si\u0119 naczyniem dla starszego dziecka. Zaokr\u0105glone [&hellip;]<\/p>\n","protected":false},"featured_media":12053,"comment_status":"open","ping_status":"closed","template":"","meta":[],"product_brand":[],"product_cat":[76,63,158,99],"product_tag":[],"class_list":{"0":"post-12054","1":"product","2":"type-product","3":"status-publish","4":"has-post-thumbnail","6":"product_cat-dziecko","7":"product_cat-karmienie","8":"product_cat-miseczki-i-talerzyki","9":"product_cat-naczynia-i-sztucce","11":"first","12":"instock","13":"taxable","14":"shipping-taxable","15":"purchasable","16":"product-type-simple"},"_links":{"self":[{"href":"https:\/\/www.bobooaza.pl\/index.php\/wp-json\/wp\/v2\/product\/12054","targetHints":{"allow":["GET"]}}],"collection":[{"href":"https:\/\/www.bobooaza.pl\/index.php\/wp-json\/wp\/v2\/product"}],"about":[{"href":"https:\/\/www.bobooaza.pl\/index.php\/wp-json\/wp\/v2\/types\/product"}],"replies":[{"embeddable":true,"href":"https:\/\/www.bobooaza.pl\/index.php\/wp-json\/wp\/v2\/comments?post=12054"}],"wp:featuredmedia":[{"embeddable":true,"href":"https:\/\/www.bobooaza.pl\/index.php\/wp-json\/wp\/v2\/media\/12053"}],"wp:attachment":[{"href":"https:\/\/www.bobooaza.pl\/index.php\/wp-json\/wp\/v2\/media?parent=12054"}],"wp:term":[{"taxonomy":"product_brand","embeddable":true,"href":"https:\/\/www.bobooaza.pl\/index.php\/wp-json\/wp\/v2\/product_brand?post=12054"},{"taxonomy":"product_cat","embeddable":true,"href":"https:\/\/www.bobooaza.pl\/index.php\/wp-json\/wp\/v2\/product_cat?post=12054"},{"taxonomy":"product_tag","embeddable":true,"href":"https:\/\/www.bobooaza.pl\/index.php\/wp-json\/wp\/v2\/product_tag?post=12054"}],"curies":[{"name":"wp","href":"https:\/\/api.w.org\/{rel}","templated":true}]}}