{"id":12069,"date":"2026-01-11T21:14:42","date_gmt":"2026-01-11T20:14:42","guid":{"rendered":"https:\/\/bobooaza.pl\/index.php\/produkt\/b-o-1661-01-silikonowy-talerz-z-przyssawka-i-przykrywka-niebieski\/"},"modified":"2026-01-11T21:26:34","modified_gmt":"2026-01-11T20:26:34","slug":"b-o-1661-01-silikonowy-talerz-z-przyssawka-i-przykrywka-niebieski","status":"publish","type":"product","link":"https:\/\/www.bobooaza.pl\/index.php\/produkt\/b-o-1661-01-silikonowy-talerz-z-przyssawka-i-przykrywka-niebieski\/","title":{"rendered":"B.O.1661\/01 Silikonowy talerz z przyssawk\u0105 i przykrywk\u0105 niebieski"},"content":{"rendered":"<p>B.O.1661\/01 Silikonowy talerz z przyssawk\u0105 i przykrywk\u0105 niebieski to praktyczne naczynie dla dzieci od 6. miesi\u0105ca \u017cycia, idealne podczas rozszerzania diety metod\u0105 BLW. Talerz posiada mocn\u0105 przyssawk\u0119, kt\u00f3ra stabilnie utrzymuje go na stole, minimalizuj\u0105c ryzyko przewr\u00f3cenia lub rozlania posi\u0142ku. Trzy przegr\u00f3dki pozwalaj\u0105 podzieli\u0107 jedzenie na osobne porcje, a zaokr\u0105glone kraw\u0119dzie i wy\u017csze \u015bcianki u\u0142atwiaj\u0105 samodzielne nabieranie pokarmu r\u0105czk\u0105 lub sztu\u0107cami, wspieraj\u0105c rozw\u00f3j zdolno\u015bci motorycznych. Do talerza do\u0142\u0105czona jest silikonowa pokrywka, kt\u00f3ra utrzymuje ciep\u0142o i \u015bwie\u017co\u015b\u0107 posi\u0142k\u00f3w oraz umo\u017cliwia ich wygodne przechowywanie. Talerz wyposa\u017cono w wygodne uchwyty do przenoszenia. Wykonany z trwa\u0142ego, nietoksycznego silikonu, bezpieczny do kontaktu z \u017cywno\u015bci\u0105, mo\u017cna go my\u0107 w zmywarce i podgrzewa\u0107 w mikrofal\u00f3wce. Produkt nie jest zabawk\u0105 i nale\u017cy go u\u017cywa\u0107 pod nadzorem osoby doros\u0142ej. Wymiary talerza to 17 x 21 cm.<\/p>\n","protected":false},"excerpt":{"rendered":"<p>B.O.1661\/01 Silikonowy talerz z przyssawk\u0105 i przykrywk\u0105 niebieski to praktyczne naczynie dla dzieci od 6. miesi\u0105ca \u017cycia, idealne podczas rozszerzania diety metod\u0105 BLW. Talerz posiada mocn\u0105 przyssawk\u0119, kt\u00f3ra stabilnie utrzymuje go na stole, minimalizuj\u0105c ryzyko przewr\u00f3cenia lub rozlania posi\u0142ku. Trzy przegr\u00f3dki pozwalaj\u0105 podzieli\u0107 jedzenie na osobne porcje, a zaokr\u0105glone kraw\u0119dzie i wy\u017csze \u015bcianki u\u0142atwiaj\u0105 samodzielne [&hellip;]<\/p>\n","protected":false},"featured_media":12064,"comment_status":"open","ping_status":"closed","template":"","meta":[],"product_brand":[],"product_cat":[76,63,158,99],"product_tag":[],"class_list":{"0":"post-12069","1":"product","2":"type-product","3":"status-publish","4":"has-post-thumbnail","6":"product_cat-dziecko","7":"product_cat-karmienie","8":"product_cat-miseczki-i-talerzyki","9":"product_cat-naczynia-i-sztucce","11":"first","12":"instock","13":"taxable","14":"shipping-taxable","15":"purchasable","16":"product-type-simple"},"_links":{"self":[{"href":"https:\/\/www.bobooaza.pl\/index.php\/wp-json\/wp\/v2\/product\/12069","targetHints":{"allow":["GET"]}}],"collection":[{"href":"https:\/\/www.bobooaza.pl\/index.php\/wp-json\/wp\/v2\/product"}],"about":[{"href":"https:\/\/www.bobooaza.pl\/index.php\/wp-json\/wp\/v2\/types\/product"}],"replies":[{"embeddable":true,"href":"https:\/\/www.bobooaza.pl\/index.php\/wp-json\/wp\/v2\/comments?post=12069"}],"wp:featuredmedia":[{"embeddable":true,"href":"https:\/\/www.bobooaza.pl\/index.php\/wp-json\/wp\/v2\/media\/12064"}],"wp:attachment":[{"href":"https:\/\/www.bobooaza.pl\/index.php\/wp-json\/wp\/v2\/media?parent=12069"}],"wp:term":[{"taxonomy":"product_brand","embeddable":true,"href":"https:\/\/www.bobooaza.pl\/index.php\/wp-json\/wp\/v2\/product_brand?post=12069"},{"taxonomy":"product_cat","embeddable":true,"href":"https:\/\/www.bobooaza.pl\/index.php\/wp-json\/wp\/v2\/product_cat?post=12069"},{"taxonomy":"product_tag","embeddable":true,"href":"https:\/\/www.bobooaza.pl\/index.php\/wp-json\/wp\/v2\/product_tag?post=12069"}],"curies":[{"name":"wp","href":"https:\/\/api.w.org\/{rel}","templated":true}]}}