{"id":12075,"date":"2026-01-11T21:14:44","date_gmt":"2026-01-11T20:14:44","guid":{"rendered":"https:\/\/bobooaza.pl\/index.php\/produkt\/b-o-1661-02-silikonowy-talerz-z-przyssawka-i-przykrywka-rozowy\/"},"modified":"2026-01-11T21:26:35","modified_gmt":"2026-01-11T20:26:35","slug":"b-o-1661-02-silikonowy-talerz-z-przyssawka-i-przykrywka-rozowy","status":"publish","type":"product","link":"https:\/\/www.bobooaza.pl\/index.php\/produkt\/b-o-1661-02-silikonowy-talerz-z-przyssawka-i-przykrywka-rozowy\/","title":{"rendered":"B.O.1661\/02 Silikonowy talerz z przyssawk\u0105 i przykrywk\u0105 r\u00f3\u017cowy"},"content":{"rendered":"<p>B.O.1661\/02 Silikonowy talerz z przyssawk\u0105 i przykrywk\u0105 r\u00f3\u017cowy to praktyczny talerz dla dzieci od 6. miesi\u0105ca \u017cycia, wspieraj\u0105cy samodzielne jedzenie i rozszerzanie diety metod\u0105 BLW. Wyposa\u017cony w mocn\u0105 przyssawk\u0119 stabilnie trzyma si\u0119 sto\u0142u, trzy przegr\u00f3dki umo\u017cliwiaj\u0105 podzia\u0142 posi\u0142ku na osobne cz\u0119\u015bci, a zaokr\u0105glone kraw\u0119dzie i wy\u017csze \u015bcianki u\u0142atwiaj\u0105 nabieranie jedzenia r\u0105czk\u0105 lub sztu\u0107cami, wspieraj\u0105c rozw\u00f3j motoryczny. Silikonowa pokrywka pozwala zachowa\u0107 \u015bwie\u017co\u015b\u0107 i ciep\u0142o posi\u0142k\u00f3w oraz wygodnie je przechowywa\u0107. Talerz posiada uchwyty do bezpiecznego przenoszenia, wykonany jest z trwa\u0142ego i nietoksycznego silikonu, kt\u00f3ry mo\u017cna my\u0107 w zmywarce i podgrzewa\u0107 w mikrofal\u00f3wce. Produkt nale\u017cy u\u017cywa\u0107 pod nadzorem osoby doros\u0142ej. Wymiary talerza to 17 x 21 cm.<\/p>\n","protected":false},"excerpt":{"rendered":"<p>B.O.1661\/02 Silikonowy talerz z przyssawk\u0105 i przykrywk\u0105 r\u00f3\u017cowy to praktyczny talerz dla dzieci od 6. miesi\u0105ca \u017cycia, wspieraj\u0105cy samodzielne jedzenie i rozszerzanie diety metod\u0105 BLW. Wyposa\u017cony w mocn\u0105 przyssawk\u0119 stabilnie trzyma si\u0119 sto\u0142u, trzy przegr\u00f3dki umo\u017cliwiaj\u0105 podzia\u0142 posi\u0142ku na osobne cz\u0119\u015bci, a zaokr\u0105glone kraw\u0119dzie i wy\u017csze \u015bcianki u\u0142atwiaj\u0105 nabieranie jedzenia r\u0105czk\u0105 lub sztu\u0107cami, wspieraj\u0105c rozw\u00f3j [&hellip;]<\/p>\n","protected":false},"featured_media":12070,"comment_status":"open","ping_status":"closed","template":"","meta":[],"product_brand":[],"product_cat":[76,63,158,99],"product_tag":[],"class_list":{"0":"post-12075","1":"product","2":"type-product","3":"status-publish","4":"has-post-thumbnail","6":"product_cat-dziecko","7":"product_cat-karmienie","8":"product_cat-miseczki-i-talerzyki","9":"product_cat-naczynia-i-sztucce","11":"first","12":"instock","13":"taxable","14":"shipping-taxable","15":"purchasable","16":"product-type-simple"},"_links":{"self":[{"href":"https:\/\/www.bobooaza.pl\/index.php\/wp-json\/wp\/v2\/product\/12075","targetHints":{"allow":["GET"]}}],"collection":[{"href":"https:\/\/www.bobooaza.pl\/index.php\/wp-json\/wp\/v2\/product"}],"about":[{"href":"https:\/\/www.bobooaza.pl\/index.php\/wp-json\/wp\/v2\/types\/product"}],"replies":[{"embeddable":true,"href":"https:\/\/www.bobooaza.pl\/index.php\/wp-json\/wp\/v2\/comments?post=12075"}],"wp:featuredmedia":[{"embeddable":true,"href":"https:\/\/www.bobooaza.pl\/index.php\/wp-json\/wp\/v2\/media\/12070"}],"wp:attachment":[{"href":"https:\/\/www.bobooaza.pl\/index.php\/wp-json\/wp\/v2\/media?parent=12075"}],"wp:term":[{"taxonomy":"product_brand","embeddable":true,"href":"https:\/\/www.bobooaza.pl\/index.php\/wp-json\/wp\/v2\/product_brand?post=12075"},{"taxonomy":"product_cat","embeddable":true,"href":"https:\/\/www.bobooaza.pl\/index.php\/wp-json\/wp\/v2\/product_cat?post=12075"},{"taxonomy":"product_tag","embeddable":true,"href":"https:\/\/www.bobooaza.pl\/index.php\/wp-json\/wp\/v2\/product_tag?post=12075"}],"curies":[{"name":"wp","href":"https:\/\/api.w.org\/{rel}","templated":true}]}}