{"id":12083,"date":"2026-01-11T21:14:50","date_gmt":"2026-01-11T20:14:50","guid":{"rendered":"https:\/\/bobooaza.pl\/index.php\/produkt\/akuku-a0072-talerzyk-sowa\/"},"modified":"2026-01-11T21:26:36","modified_gmt":"2026-01-11T20:26:36","slug":"akuku-a0072-talerzyk-sowa","status":"publish","type":"product","link":"https:\/\/www.bobooaza.pl\/index.php\/produkt\/akuku-a0072-talerzyk-sowa\/","title":{"rendered":"AKUKU A0072 Talerzyk Sowa"},"content":{"rendered":"<p>AKUKU A0072 Talerzyk Sowa to lekki i por\u0119czny talerzyk plastikowy, idealny do nauki samodzielnego jedzenia przez dzieci od 9 miesi\u0119cy. \u017bywa kolorystyka i atrakcyjny wz\u00f3r sowy urozmaicaj\u0105 posi\u0142ki i zach\u0119caj\u0105 malucha do jedzenia. Wykonany z bezpiecznych materia\u0142\u00f3w przeznaczonych do kontaktu z \u017cywno\u015bci\u0105, ca\u0142kowicie wolny od BPA (0% BPA).<\/p>\n","protected":false},"excerpt":{"rendered":"<p>AKUKU A0072 Talerzyk Sowa to lekki i por\u0119czny talerzyk plastikowy, idealny do nauki samodzielnego jedzenia przez dzieci od 9 miesi\u0119cy. \u017bywa kolorystyka i atrakcyjny wz\u00f3r sowy urozmaicaj\u0105 posi\u0142ki i zach\u0119caj\u0105 malucha do jedzenia. Wykonany z bezpiecznych materia\u0142\u00f3w przeznaczonych do kontaktu z \u017cywno\u015bci\u0105, ca\u0142kowicie wolny od BPA (0% BPA).<\/p>\n","protected":false},"featured_media":12080,"comment_status":"open","ping_status":"closed","template":"","meta":[],"product_brand":[],"product_cat":[76,63,158,99],"product_tag":[],"class_list":{"0":"post-12083","1":"product","2":"type-product","3":"status-publish","4":"has-post-thumbnail","6":"product_cat-dziecko","7":"product_cat-karmienie","8":"product_cat-miseczki-i-talerzyki","9":"product_cat-naczynia-i-sztucce","11":"first","12":"instock","13":"taxable","14":"shipping-taxable","15":"purchasable","16":"product-type-simple"},"_links":{"self":[{"href":"https:\/\/www.bobooaza.pl\/index.php\/wp-json\/wp\/v2\/product\/12083","targetHints":{"allow":["GET"]}}],"collection":[{"href":"https:\/\/www.bobooaza.pl\/index.php\/wp-json\/wp\/v2\/product"}],"about":[{"href":"https:\/\/www.bobooaza.pl\/index.php\/wp-json\/wp\/v2\/types\/product"}],"replies":[{"embeddable":true,"href":"https:\/\/www.bobooaza.pl\/index.php\/wp-json\/wp\/v2\/comments?post=12083"}],"wp:featuredmedia":[{"embeddable":true,"href":"https:\/\/www.bobooaza.pl\/index.php\/wp-json\/wp\/v2\/media\/12080"}],"wp:attachment":[{"href":"https:\/\/www.bobooaza.pl\/index.php\/wp-json\/wp\/v2\/media?parent=12083"}],"wp:term":[{"taxonomy":"product_brand","embeddable":true,"href":"https:\/\/www.bobooaza.pl\/index.php\/wp-json\/wp\/v2\/product_brand?post=12083"},{"taxonomy":"product_cat","embeddable":true,"href":"https:\/\/www.bobooaza.pl\/index.php\/wp-json\/wp\/v2\/product_cat?post=12083"},{"taxonomy":"product_tag","embeddable":true,"href":"https:\/\/www.bobooaza.pl\/index.php\/wp-json\/wp\/v2\/product_tag?post=12083"}],"curies":[{"name":"wp","href":"https:\/\/api.w.org\/{rel}","templated":true}]}}