{"id":12088,"date":"2026-01-11T21:52:22","date_gmt":"2026-01-11T20:52:22","guid":{"rendered":"https:\/\/bobooaza.pl\/index.php\/produkt\/b-o-968-01-elektroniczny-podgrzewacz-pokarmu-i-sterylizator-honey-natural-nursing\/"},"modified":"2026-01-11T21:53:53","modified_gmt":"2026-01-11T20:53:53","slug":"b-o-968-01-elektroniczny-podgrzewacz-pokarmu-i-sterylizator-honey-natural-nursing","status":"publish","type":"product","link":"https:\/\/www.bobooaza.pl\/index.php\/produkt\/b-o-968-01-elektroniczny-podgrzewacz-pokarmu-i-sterylizator-honey-natural-nursing\/","title":{"rendered":"B.O.968\/01 Elektroniczny podgrzewacz pokarmu i sterylizator HONEY NATURAL NURSING"},"content":{"rendered":"<p>B.O.968\/01 Elektroniczny podgrzewacz pokarmu i sterylizator HONEY NATURAL NURSING \u0142\u0105czy funkcje podgrzewania, rozmra\u017cania i sterylizacji w jednym urz\u0105dzeniu. Posiada 4 podstawowe programy do podgrzewania mleka matki, mleka modyfikowanego, gotowych s\u0142oiczk\u00f3w oraz rozmra\u017cania, a tak\u017ce program sterylizacji naczy\u0144 i akcesori\u00f3w. Urz\u0105dzenie umo\u017cliwia precyzyjne ustawienie temperatury w szerokim zakresie od 37 do 100\u00b0C i po zako\u0144czonym cyklu automatycznie przechodzi w tryb podtrzymywania temperatury. Wyposa\u017cone jest w system zabezpieczaj\u0105cy przed przegrzaniem oraz du\u017cy wy\u015bwietlacz z intuicyjnym panelem dotykowym. Pasuje do wszystkich rodzaj\u00f3w butelek i s\u0142oiczk\u00f3w, wykonane z trwa\u0142ych i bezpiecznych materia\u0142\u00f3w. Wymiary podgrzewacza to 13 x 13 x 15 cm, \u015brednica wewn\u0119trzna 9,8 cm, g\u0142\u0119boko\u015b\u0107 8,6 cm, a koszyczka 9,3 cm \u015brednicy i 8,5 cm g\u0142\u0119boko\u015bci.<\/p>\n","protected":false},"excerpt":{"rendered":"<p>B.O.968\/01 Elektroniczny podgrzewacz pokarmu i sterylizator HONEY NATURAL NURSING \u0142\u0105czy funkcje podgrzewania, rozmra\u017cania i sterylizacji w jednym urz\u0105dzeniu. Posiada 4 podstawowe programy do podgrzewania mleka matki, mleka modyfikowanego, gotowych s\u0142oiczk\u00f3w oraz rozmra\u017cania, a tak\u017ce program sterylizacji naczy\u0144 i akcesori\u00f3w. Urz\u0105dzenie umo\u017cliwia precyzyjne ustawienie temperatury w szerokim zakresie od 37 do 100\u00b0C i po zako\u0144czonym cyklu [&hellip;]<\/p>\n","protected":false},"featured_media":12084,"comment_status":"open","ping_status":"closed","template":"","meta":[],"product_brand":[],"product_cat":[76,63,142],"product_tag":[],"class_list":{"0":"post-12088","1":"product","2":"type-product","3":"status-publish","4":"has-post-thumbnail","6":"product_cat-dziecko","7":"product_cat-karmienie","8":"product_cat-podgrzewacze-i-sterylizatory","10":"first","11":"outofstock","12":"taxable","13":"shipping-taxable","14":"purchasable","15":"product-type-simple"},"_links":{"self":[{"href":"https:\/\/www.bobooaza.pl\/index.php\/wp-json\/wp\/v2\/product\/12088","targetHints":{"allow":["GET"]}}],"collection":[{"href":"https:\/\/www.bobooaza.pl\/index.php\/wp-json\/wp\/v2\/product"}],"about":[{"href":"https:\/\/www.bobooaza.pl\/index.php\/wp-json\/wp\/v2\/types\/product"}],"replies":[{"embeddable":true,"href":"https:\/\/www.bobooaza.pl\/index.php\/wp-json\/wp\/v2\/comments?post=12088"}],"wp:featuredmedia":[{"embeddable":true,"href":"https:\/\/www.bobooaza.pl\/index.php\/wp-json\/wp\/v2\/media\/12084"}],"wp:attachment":[{"href":"https:\/\/www.bobooaza.pl\/index.php\/wp-json\/wp\/v2\/media?parent=12088"}],"wp:term":[{"taxonomy":"product_brand","embeddable":true,"href":"https:\/\/www.bobooaza.pl\/index.php\/wp-json\/wp\/v2\/product_brand?post=12088"},{"taxonomy":"product_cat","embeddable":true,"href":"https:\/\/www.bobooaza.pl\/index.php\/wp-json\/wp\/v2\/product_cat?post=12088"},{"taxonomy":"product_tag","embeddable":true,"href":"https:\/\/www.bobooaza.pl\/index.php\/wp-json\/wp\/v2\/product_tag?post=12088"}],"curies":[{"name":"wp","href":"https:\/\/api.w.org\/{rel}","templated":true}]}}