{"id":12091,"date":"2026-01-11T21:52:24","date_gmt":"2026-01-11T20:52:24","guid":{"rendered":"https:\/\/bobooaza.pl\/index.php\/produkt\/avent-scf355-00-szybki-podgrzewacz-do-butelek\/"},"modified":"2026-01-11T21:53:54","modified_gmt":"2026-01-11T20:53:54","slug":"avent-scf355-00-szybki-podgrzewacz-do-butelek","status":"publish","type":"product","link":"https:\/\/www.bobooaza.pl\/index.php\/produkt\/avent-scf355-00-szybki-podgrzewacz-do-butelek\/","title":{"rendered":"AVENT SCF355\/00 Szybki podgrzewacz do butelek"},"content":{"rendered":"<p>AVENT SCF355\/00 Szybki podgrzewacz do butelek umo\u017cliwia przygotowanie ciep\u0142ego mleka dla dziecka w 3 minuty. Podgrzewa r\u00f3wnomiernie, utrzymuj\u0105c mleko w ci\u0105g\u0142ym ruchu, co zapobiega powstawaniu gor\u0105cych punkt\u00f3w. Posiada funkcj\u0119 rozmra\u017cania, bezpieczniejsz\u0105 i wygodniejsz\u0105 ni\u017c kuchenka mikrofalowa, oraz pozwala na \u0142agodne podgrzewanie jedzenia dla dzieci. Urz\u0105dzenie jest zgodne ze wszystkimi butelkami i pojemnikami Philips Avent, a obs\u0142uga odbywa si\u0119 za pomoc\u0105 prostego pokr\u0119t\u0142a i do\u0142\u0105czonej tabeli czas\u00f3w podgrzewania. Wymiary produktu to 160,4 x 139,9 x 148,55 mm.<\/p>\n","protected":false},"excerpt":{"rendered":"<p>AVENT SCF355\/00 Szybki podgrzewacz do butelek umo\u017cliwia przygotowanie ciep\u0142ego mleka dla dziecka w 3 minuty. Podgrzewa r\u00f3wnomiernie, utrzymuj\u0105c mleko w ci\u0105g\u0142ym ruchu, co zapobiega powstawaniu gor\u0105cych punkt\u00f3w. Posiada funkcj\u0119 rozmra\u017cania, bezpieczniejsz\u0105 i wygodniejsz\u0105 ni\u017c kuchenka mikrofalowa, oraz pozwala na \u0142agodne podgrzewanie jedzenia dla dzieci. Urz\u0105dzenie jest zgodne ze wszystkimi butelkami i pojemnikami Philips Avent, a [&hellip;]<\/p>\n","protected":false},"featured_media":12089,"comment_status":"open","ping_status":"closed","template":"","meta":[],"product_brand":[],"product_cat":[76,63,142],"product_tag":[],"class_list":{"0":"post-12091","1":"product","2":"type-product","3":"status-publish","4":"has-post-thumbnail","6":"product_cat-dziecko","7":"product_cat-karmienie","8":"product_cat-podgrzewacze-i-sterylizatory","10":"first","11":"outofstock","12":"taxable","13":"shipping-taxable","14":"purchasable","15":"product-type-simple"},"_links":{"self":[{"href":"https:\/\/www.bobooaza.pl\/index.php\/wp-json\/wp\/v2\/product\/12091","targetHints":{"allow":["GET"]}}],"collection":[{"href":"https:\/\/www.bobooaza.pl\/index.php\/wp-json\/wp\/v2\/product"}],"about":[{"href":"https:\/\/www.bobooaza.pl\/index.php\/wp-json\/wp\/v2\/types\/product"}],"replies":[{"embeddable":true,"href":"https:\/\/www.bobooaza.pl\/index.php\/wp-json\/wp\/v2\/comments?post=12091"}],"wp:featuredmedia":[{"embeddable":true,"href":"https:\/\/www.bobooaza.pl\/index.php\/wp-json\/wp\/v2\/media\/12089"}],"wp:attachment":[{"href":"https:\/\/www.bobooaza.pl\/index.php\/wp-json\/wp\/v2\/media?parent=12091"}],"wp:term":[{"taxonomy":"product_brand","embeddable":true,"href":"https:\/\/www.bobooaza.pl\/index.php\/wp-json\/wp\/v2\/product_brand?post=12091"},{"taxonomy":"product_cat","embeddable":true,"href":"https:\/\/www.bobooaza.pl\/index.php\/wp-json\/wp\/v2\/product_cat?post=12091"},{"taxonomy":"product_tag","embeddable":true,"href":"https:\/\/www.bobooaza.pl\/index.php\/wp-json\/wp\/v2\/product_tag?post=12091"}],"curies":[{"name":"wp","href":"https:\/\/api.w.org\/{rel}","templated":true}]}}