{"id":12093,"date":"2026-01-11T21:52:26","date_gmt":"2026-01-11T20:52:26","guid":{"rendered":"https:\/\/bobooaza.pl\/index.php\/produkt\/savea-podgrzewacz-i-sterylizator-szary\/"},"modified":"2026-01-11T21:53:54","modified_gmt":"2026-01-11T20:53:54","slug":"savea-podgrzewacz-i-sterylizator-szary","status":"publish","type":"product","link":"https:\/\/www.bobooaza.pl\/index.php\/produkt\/savea-podgrzewacz-i-sterylizator-szary\/","title":{"rendered":"SAVEA Podgrzewacz i sterylizator szary"},"content":{"rendered":"<p>SAVEA Podgrzewacz i sterylizator szary to wielofunkcyjne urz\u0105dzenie do przygotowywania pokarmu dla niemowl\u0105t. Pozwala na podgrzewanie mleka, jedzenia w s\u0142oiczkach, wyciskanie soku, gotowanie jajek na parze oraz sterylizacj\u0119 butelek i akcesori\u00f3w. Urz\u0105dzenie jest kompatybilne ze wszystkimi rodzajami butelek, tak\u017ce z szerok\u0105 szyjk\u0105, i mo\u017ce podgrzewa\u0107 zar\u00f3wno butelki szklane, jak i plastikowe. Wyposa\u017cone jest w wbudowany termostat i w zestawie posiada koszyczek, pojemnik na jedzenie, miark\u0119 do wody oraz wyciskark\u0119 do owoc\u00f3w.<\/p>\n","protected":false},"excerpt":{"rendered":"<p>SAVEA Podgrzewacz i sterylizator szary to wielofunkcyjne urz\u0105dzenie do przygotowywania pokarmu dla niemowl\u0105t. Pozwala na podgrzewanie mleka, jedzenia w s\u0142oiczkach, wyciskanie soku, gotowanie jajek na parze oraz sterylizacj\u0119 butelek i akcesori\u00f3w. Urz\u0105dzenie jest kompatybilne ze wszystkimi rodzajami butelek, tak\u017ce z szerok\u0105 szyjk\u0105, i mo\u017ce podgrzewa\u0107 zar\u00f3wno butelki szklane, jak i plastikowe. Wyposa\u017cone jest w wbudowany [&hellip;]<\/p>\n","protected":false},"featured_media":12092,"comment_status":"open","ping_status":"closed","template":"","meta":[],"product_brand":[],"product_cat":[76,63,142],"product_tag":[],"class_list":{"0":"post-12093","1":"product","2":"type-product","3":"status-publish","4":"has-post-thumbnail","6":"product_cat-dziecko","7":"product_cat-karmienie","8":"product_cat-podgrzewacze-i-sterylizatory","10":"first","11":"outofstock","12":"taxable","13":"shipping-taxable","14":"purchasable","15":"product-type-simple"},"_links":{"self":[{"href":"https:\/\/www.bobooaza.pl\/index.php\/wp-json\/wp\/v2\/product\/12093","targetHints":{"allow":["GET"]}}],"collection":[{"href":"https:\/\/www.bobooaza.pl\/index.php\/wp-json\/wp\/v2\/product"}],"about":[{"href":"https:\/\/www.bobooaza.pl\/index.php\/wp-json\/wp\/v2\/types\/product"}],"replies":[{"embeddable":true,"href":"https:\/\/www.bobooaza.pl\/index.php\/wp-json\/wp\/v2\/comments?post=12093"}],"wp:featuredmedia":[{"embeddable":true,"href":"https:\/\/www.bobooaza.pl\/index.php\/wp-json\/wp\/v2\/media\/12092"}],"wp:attachment":[{"href":"https:\/\/www.bobooaza.pl\/index.php\/wp-json\/wp\/v2\/media?parent=12093"}],"wp:term":[{"taxonomy":"product_brand","embeddable":true,"href":"https:\/\/www.bobooaza.pl\/index.php\/wp-json\/wp\/v2\/product_brand?post=12093"},{"taxonomy":"product_cat","embeddable":true,"href":"https:\/\/www.bobooaza.pl\/index.php\/wp-json\/wp\/v2\/product_cat?post=12093"},{"taxonomy":"product_tag","embeddable":true,"href":"https:\/\/www.bobooaza.pl\/index.php\/wp-json\/wp\/v2\/product_tag?post=12093"}],"curies":[{"name":"wp","href":"https:\/\/api.w.org\/{rel}","templated":true}]}}