{"id":12097,"date":"2026-01-11T21:52:28","date_gmt":"2026-01-11T20:52:28","guid":{"rendered":"https:\/\/bobooaza.pl\/index.php\/produkt\/innogio-gio-370-podgrzewacz-do-butelek\/"},"modified":"2026-01-11T21:53:55","modified_gmt":"2026-01-11T20:53:55","slug":"innogio-gio-370-podgrzewacz-do-butelek","status":"publish","type":"product","link":"https:\/\/www.bobooaza.pl\/index.php\/produkt\/innogio-gio-370-podgrzewacz-do-butelek\/","title":{"rendered":"INNOGIO GIO-370 Podgrzewacz  do butelek"},"content":{"rendered":"<p>INNOGIO GIO-370 GIOwarm to przeno\u015bny podgrzewacz do butelek dla niemowl\u0105t, kt\u00f3ry umo\u017cliwia szybkie podgrzanie, rozmra\u017canie i utrzymanie temperatury pokarmu. Urz\u0105dzenie jest ciche i bezwodne, korzysta ze sterylnej p\u0142yty, kt\u00f3ra podgrzewa pokarm bez u\u017cycia wody. Posiada wbudowany akumulator o pojemno\u015bci 13 200 mAh, pozwalaj\u0105cy na prac\u0119 do 12 godzin w trybie podtrzymywania temperatury. Podgrzewacz \u0142adowany jest przez kabel USB i dzia\u0142a w kilku trybach, a dzi\u0119ki do\u0142\u0105czonym adapterom pasuje do butelek wi\u0119kszo\u015bci wiod\u0105cych marek. Jest lekki, kompaktowy, \u0142atwy do przenoszenia w podr\u00f3\u017cy i \u0142atwy w czyszczeniu, a czytelny wy\u015bwietlacz umo\u017cliwia dok\u0142adn\u0105 kontrol\u0119 czasu i temperatury podgrzewania.<\/p>\n","protected":false},"excerpt":{"rendered":"<p>INNOGIO GIO-370 GIOwarm to przeno\u015bny podgrzewacz do butelek dla niemowl\u0105t, kt\u00f3ry umo\u017cliwia szybkie podgrzanie, rozmra\u017canie i utrzymanie temperatury pokarmu. Urz\u0105dzenie jest ciche i bezwodne, korzysta ze sterylnej p\u0142yty, kt\u00f3ra podgrzewa pokarm bez u\u017cycia wody. Posiada wbudowany akumulator o pojemno\u015bci 13 200 mAh, pozwalaj\u0105cy na prac\u0119 do 12 godzin w trybie podtrzymywania temperatury. Podgrzewacz \u0142adowany jest [&hellip;]<\/p>\n","protected":false},"featured_media":12094,"comment_status":"open","ping_status":"closed","template":"","meta":[],"product_brand":[],"product_cat":[76,63,142],"product_tag":[],"class_list":{"0":"post-12097","1":"product","2":"type-product","3":"status-publish","4":"has-post-thumbnail","6":"product_cat-dziecko","7":"product_cat-karmienie","8":"product_cat-podgrzewacze-i-sterylizatory","10":"first","11":"instock","12":"taxable","13":"shipping-taxable","14":"purchasable","15":"product-type-simple"},"_links":{"self":[{"href":"https:\/\/www.bobooaza.pl\/index.php\/wp-json\/wp\/v2\/product\/12097","targetHints":{"allow":["GET"]}}],"collection":[{"href":"https:\/\/www.bobooaza.pl\/index.php\/wp-json\/wp\/v2\/product"}],"about":[{"href":"https:\/\/www.bobooaza.pl\/index.php\/wp-json\/wp\/v2\/types\/product"}],"replies":[{"embeddable":true,"href":"https:\/\/www.bobooaza.pl\/index.php\/wp-json\/wp\/v2\/comments?post=12097"}],"wp:featuredmedia":[{"embeddable":true,"href":"https:\/\/www.bobooaza.pl\/index.php\/wp-json\/wp\/v2\/media\/12094"}],"wp:attachment":[{"href":"https:\/\/www.bobooaza.pl\/index.php\/wp-json\/wp\/v2\/media?parent=12097"}],"wp:term":[{"taxonomy":"product_brand","embeddable":true,"href":"https:\/\/www.bobooaza.pl\/index.php\/wp-json\/wp\/v2\/product_brand?post=12097"},{"taxonomy":"product_cat","embeddable":true,"href":"https:\/\/www.bobooaza.pl\/index.php\/wp-json\/wp\/v2\/product_cat?post=12097"},{"taxonomy":"product_tag","embeddable":true,"href":"https:\/\/www.bobooaza.pl\/index.php\/wp-json\/wp\/v2\/product_tag?post=12097"}],"curies":[{"name":"wp","href":"https:\/\/api.w.org\/{rel}","templated":true}]}}