{"id":12119,"date":"2026-01-11T21:52:52","date_gmt":"2026-01-11T20:52:52","guid":{"rendered":"https:\/\/bobooaza.pl\/index.php\/produkt\/b-o-216-podgrzewacz-natural-nursing-z-funkcja-sterylizacji-2w1\/"},"modified":"2026-01-19T20:21:32","modified_gmt":"2026-01-19T19:21:32","slug":"b-o-216-podgrzewacz-natural-nursing-z-funkcja-sterylizacji-2w1","status":"publish","type":"product","link":"https:\/\/www.bobooaza.pl\/index.php\/produkt\/b-o-216-podgrzewacz-natural-nursing-z-funkcja-sterylizacji-2w1\/","title":{"rendered":"B.O.216 Podgrzewacz Natural Nursing z funkcj\u0105 sterylizacji 2w1"},"content":{"rendered":"<p>B.O.216 Podgrzewacz Natural Nursing 2w1 to urz\u0105dzenie \u0142\u0105cz\u0105ce funkcje podgrzewacza i sterylizatora. Umo\u017cliwia szybkie i precyzyjne podgrzewanie pokarm\u00f3w w zakresie temperatur od 25 do 100\u00b0C oraz podtrzymywanie sta\u0142ej temperatury. Jest kompatybilny z wi\u0119kszo\u015bci\u0105 butelek i s\u0142oiczk\u00f3w, posiada miseczk\u0119 do podgrzewania g\u0119stych pokarm\u00f3w, zabezpieczenie przed przegrzaniem oraz automatyczne wy\u0142\u0105czanie po wyparowaniu wody.<\/p>\n","protected":false},"excerpt":{"rendered":"<p>B.O.216 Podgrzewacz Natural Nursing 2w1 to urz\u0105dzenie \u0142\u0105cz\u0105ce funkcje podgrzewacza i sterylizatora. Umo\u017cliwia szybkie i precyzyjne podgrzewanie pokarm\u00f3w w zakresie temperatur od 25 do 100\u00b0C oraz podtrzymywanie sta\u0142ej temperatury. Jest kompatybilny z wi\u0119kszo\u015bci\u0105 butelek i s\u0142oiczk\u00f3w, posiada miseczk\u0119 do podgrzewania g\u0119stych pokarm\u00f3w, zabezpieczenie przed przegrzaniem oraz automatyczne wy\u0142\u0105czanie po wyparowaniu wody.<\/p>\n","protected":false},"featured_media":12116,"comment_status":"open","ping_status":"closed","template":"","meta":[],"product_brand":[],"product_cat":[76,63,142],"product_tag":[],"class_list":{"0":"post-12119","1":"product","2":"type-product","3":"status-publish","4":"has-post-thumbnail","6":"product_cat-dziecko","7":"product_cat-karmienie","8":"product_cat-podgrzewacze-i-sterylizatory","10":"first","11":"instock","12":"taxable","13":"shipping-taxable","14":"purchasable","15":"product-type-simple"},"_links":{"self":[{"href":"https:\/\/www.bobooaza.pl\/index.php\/wp-json\/wp\/v2\/product\/12119","targetHints":{"allow":["GET"]}}],"collection":[{"href":"https:\/\/www.bobooaza.pl\/index.php\/wp-json\/wp\/v2\/product"}],"about":[{"href":"https:\/\/www.bobooaza.pl\/index.php\/wp-json\/wp\/v2\/types\/product"}],"replies":[{"embeddable":true,"href":"https:\/\/www.bobooaza.pl\/index.php\/wp-json\/wp\/v2\/comments?post=12119"}],"wp:featuredmedia":[{"embeddable":true,"href":"https:\/\/www.bobooaza.pl\/index.php\/wp-json\/wp\/v2\/media\/12116"}],"wp:attachment":[{"href":"https:\/\/www.bobooaza.pl\/index.php\/wp-json\/wp\/v2\/media?parent=12119"}],"wp:term":[{"taxonomy":"product_brand","embeddable":true,"href":"https:\/\/www.bobooaza.pl\/index.php\/wp-json\/wp\/v2\/product_brand?post=12119"},{"taxonomy":"product_cat","embeddable":true,"href":"https:\/\/www.bobooaza.pl\/index.php\/wp-json\/wp\/v2\/product_cat?post=12119"},{"taxonomy":"product_tag","embeddable":true,"href":"https:\/\/www.bobooaza.pl\/index.php\/wp-json\/wp\/v2\/product_tag?post=12119"}],"curies":[{"name":"wp","href":"https:\/\/api.w.org\/{rel}","templated":true}]}}