{"id":12126,"date":"2026-01-11T21:53:04","date_gmt":"2026-01-11T20:53:04","guid":{"rendered":"https:\/\/bobooaza.pl\/index.php\/produkt\/chicco-00007390100000-podgrzewacz-ze-sterylizatorem\/"},"modified":"2026-01-11T21:53:59","modified_gmt":"2026-01-11T20:53:59","slug":"chicco-00007390100000-podgrzewacz-ze-sterylizatorem","status":"publish","type":"product","link":"https:\/\/www.bobooaza.pl\/index.php\/produkt\/chicco-00007390100000-podgrzewacz-ze-sterylizatorem\/","title":{"rendered":"CHICCO 00007390100000 Podgrzewacz ze sterylizatorem"},"content":{"rendered":"<p>CHICCO 00007390100000 Podgrzewacz ze sterylizatorem to wszechstronne urz\u0105dzenie dla rodzic\u00f3w, kt\u00f3re pozwala szybko i bezpiecznie przygotowa\u0107 posi\u0142ki dla niemowl\u0105t oraz sterylizowa\u0107 akcesoria. Posiada siedem funkcji: podgrzewanie mleka kobiecego z zachowaniem warto\u015bci od\u017cywczych, delikatne rozmra\u017canie mleka kobiecego, podgrzewanie mleka modyfikowanego w oko\u0142o 3 minuty, podgrzewanie s\u0142oiczk\u00f3w, utrzymywanie temperatury posi\u0142ku do 1 godziny, skuteczn\u0105 sterylizacj\u0119 w oko\u0142o 5 minut (likwiduje 99,9% szkodliwych drobnoustroj\u00f3w i zapewnia 24h ochron\u0119), oraz opcj\u0119 op\u00f3\u017anionego startu do 2 godzin.<\/p>\n<p>Umo\u017cliwia ustawienie rodzaju pokarmu, pojemno\u015bci butelki i temperatury pocz\u0105tkowej, a tak\u017ce dedykowan\u0105 funkcj\u0119 dla butelek ze zdejmowanym dnem, np. Chicco Perfect5. Wyposa\u017cony w intuicyjny panel dotykowy, automatyczny wy\u0142\u0105cznik z sygna\u0142em d\u017awi\u0119kowym oraz alert o konieczno\u015bci odkamieniania. Cykl szybkiego podgrzewania dla 60 ml mleka w butelce o pojemno\u015bci 150 ml trwa oko\u0142o 3 minut, a sterylizacja nie obejmuje czasu nagrzewania urz\u0105dzenia. Idealny dla rodzic\u00f3w bli\u017ani\u0105t \u2013 pozwala uruchamia\u0107 cykle jeden po drugim.<\/p>\n","protected":false},"excerpt":{"rendered":"<p>CHICCO 00007390100000 Podgrzewacz ze sterylizatorem to wszechstronne urz\u0105dzenie dla rodzic\u00f3w, kt\u00f3re pozwala szybko i bezpiecznie przygotowa\u0107 posi\u0142ki dla niemowl\u0105t oraz sterylizowa\u0107 akcesoria. Posiada siedem funkcji: podgrzewanie mleka kobiecego z zachowaniem warto\u015bci od\u017cywczych, delikatne rozmra\u017canie mleka kobiecego, podgrzewanie mleka modyfikowanego w oko\u0142o 3 minuty, podgrzewanie s\u0142oiczk\u00f3w, utrzymywanie temperatury posi\u0142ku do 1 godziny, skuteczn\u0105 sterylizacj\u0119 w oko\u0142o [&hellip;]<\/p>\n","protected":false},"featured_media":12124,"comment_status":"open","ping_status":"closed","template":"","meta":[],"product_brand":[],"product_cat":[76,63,142],"product_tag":[],"class_list":{"0":"post-12126","1":"product","2":"type-product","3":"status-publish","4":"has-post-thumbnail","6":"product_cat-dziecko","7":"product_cat-karmienie","8":"product_cat-podgrzewacze-i-sterylizatory","10":"first","11":"instock","12":"taxable","13":"shipping-taxable","14":"purchasable","15":"product-type-simple"},"_links":{"self":[{"href":"https:\/\/www.bobooaza.pl\/index.php\/wp-json\/wp\/v2\/product\/12126","targetHints":{"allow":["GET"]}}],"collection":[{"href":"https:\/\/www.bobooaza.pl\/index.php\/wp-json\/wp\/v2\/product"}],"about":[{"href":"https:\/\/www.bobooaza.pl\/index.php\/wp-json\/wp\/v2\/types\/product"}],"replies":[{"embeddable":true,"href":"https:\/\/www.bobooaza.pl\/index.php\/wp-json\/wp\/v2\/comments?post=12126"}],"wp:featuredmedia":[{"embeddable":true,"href":"https:\/\/www.bobooaza.pl\/index.php\/wp-json\/wp\/v2\/media\/12124"}],"wp:attachment":[{"href":"https:\/\/www.bobooaza.pl\/index.php\/wp-json\/wp\/v2\/media?parent=12126"}],"wp:term":[{"taxonomy":"product_brand","embeddable":true,"href":"https:\/\/www.bobooaza.pl\/index.php\/wp-json\/wp\/v2\/product_brand?post=12126"},{"taxonomy":"product_cat","embeddable":true,"href":"https:\/\/www.bobooaza.pl\/index.php\/wp-json\/wp\/v2\/product_cat?post=12126"},{"taxonomy":"product_tag","embeddable":true,"href":"https:\/\/www.bobooaza.pl\/index.php\/wp-json\/wp\/v2\/product_tag?post=12126"}],"curies":[{"name":"wp","href":"https:\/\/api.w.org\/{rel}","templated":true}]}}