{"id":12129,"date":"2026-01-11T21:53:09","date_gmt":"2026-01-11T20:53:09","guid":{"rendered":"https:\/\/bobooaza.pl\/index.php\/produkt\/baby-mix-35451-elektryczny-podgrzewacz-do-butelek-z-akcesoriami-szary\/"},"modified":"2026-01-11T21:54:00","modified_gmt":"2026-01-11T20:54:00","slug":"baby-mix-35451-elektryczny-podgrzewacz-do-butelek-z-akcesoriami-szary","status":"publish","type":"product","link":"https:\/\/www.bobooaza.pl\/index.php\/produkt\/baby-mix-35451-elektryczny-podgrzewacz-do-butelek-z-akcesoriami-szary\/","title":{"rendered":"BABY MIX 35451 Elektryczny podgrzewacz do butelek z akcesoriami szary"},"content":{"rendered":"<p>BABY MIX 35451 Elektryczny podgrzewacz do butelek z akcesoriami w kolorze szarym to urz\u0105dzenie u\u0142atwiaj\u0105ce szybkie i bezpieczne podgrzewanie oraz rozmra\u017canie mleka dla niemowl\u0105t. Mo\u017cna go u\u017cywa\u0107 do wszystkich typ\u00f3w butelek oraz pojemnik\u00f3w na \u017cywno\u015b\u0107. Posiada p\u0142ynn\u0105 regulacj\u0119 temperatury w zakresie 40\u2013100 \u00b0C, automatyczny wy\u0142\u0105cznik bezpiecze\u0144stwa oraz funkcj\u0119 podtrzymywania ciep\u0142a. W zestawie znajduj\u0105 si\u0119 dodatkowe akcesoria: kubek, pokrywka i wyciskarka do cytrus\u00f3w. Wymiary podgrzewacza to oko\u0142o 15 x 15 cm, a \u015brednica otworu na butelki wynosi oko\u0142o 7,5 cm.<\/p>\n","protected":false},"excerpt":{"rendered":"<p>BABY MIX 35451 Elektryczny podgrzewacz do butelek z akcesoriami w kolorze szarym to urz\u0105dzenie u\u0142atwiaj\u0105ce szybkie i bezpieczne podgrzewanie oraz rozmra\u017canie mleka dla niemowl\u0105t. Mo\u017cna go u\u017cywa\u0107 do wszystkich typ\u00f3w butelek oraz pojemnik\u00f3w na \u017cywno\u015b\u0107. Posiada p\u0142ynn\u0105 regulacj\u0119 temperatury w zakresie 40\u2013100 \u00b0C, automatyczny wy\u0142\u0105cznik bezpiecze\u0144stwa oraz funkcj\u0119 podtrzymywania ciep\u0142a. W zestawie znajduj\u0105 si\u0119 dodatkowe [&hellip;]<\/p>\n","protected":false},"featured_media":12127,"comment_status":"open","ping_status":"closed","template":"","meta":[],"product_brand":[],"product_cat":[76,63,142],"product_tag":[],"class_list":{"0":"post-12129","1":"product","2":"type-product","3":"status-publish","4":"has-post-thumbnail","6":"product_cat-dziecko","7":"product_cat-karmienie","8":"product_cat-podgrzewacze-i-sterylizatory","10":"first","11":"outofstock","12":"taxable","13":"shipping-taxable","14":"purchasable","15":"product-type-simple"},"_links":{"self":[{"href":"https:\/\/www.bobooaza.pl\/index.php\/wp-json\/wp\/v2\/product\/12129","targetHints":{"allow":["GET"]}}],"collection":[{"href":"https:\/\/www.bobooaza.pl\/index.php\/wp-json\/wp\/v2\/product"}],"about":[{"href":"https:\/\/www.bobooaza.pl\/index.php\/wp-json\/wp\/v2\/types\/product"}],"replies":[{"embeddable":true,"href":"https:\/\/www.bobooaza.pl\/index.php\/wp-json\/wp\/v2\/comments?post=12129"}],"wp:featuredmedia":[{"embeddable":true,"href":"https:\/\/www.bobooaza.pl\/index.php\/wp-json\/wp\/v2\/media\/12127"}],"wp:attachment":[{"href":"https:\/\/www.bobooaza.pl\/index.php\/wp-json\/wp\/v2\/media?parent=12129"}],"wp:term":[{"taxonomy":"product_brand","embeddable":true,"href":"https:\/\/www.bobooaza.pl\/index.php\/wp-json\/wp\/v2\/product_brand?post=12129"},{"taxonomy":"product_cat","embeddable":true,"href":"https:\/\/www.bobooaza.pl\/index.php\/wp-json\/wp\/v2\/product_cat?post=12129"},{"taxonomy":"product_tag","embeddable":true,"href":"https:\/\/www.bobooaza.pl\/index.php\/wp-json\/wp\/v2\/product_tag?post=12129"}],"curies":[{"name":"wp","href":"https:\/\/api.w.org\/{rel}","templated":true}]}}