{"id":12133,"date":"2026-01-11T21:53:15","date_gmt":"2026-01-11T20:53:15","guid":{"rendered":"https:\/\/bobooaza.pl\/index.php\/produkt\/avent-scf355-09-szybki-podgrzewacz-do-butelek\/"},"modified":"2026-01-11T21:58:43","modified_gmt":"2026-01-11T20:58:43","slug":"avent-scf355-09-szybki-podgrzewacz-do-butelek","status":"publish","type":"product","link":"https:\/\/www.bobooaza.pl\/index.php\/produkt\/avent-scf355-09-szybki-podgrzewacz-do-butelek\/","title":{"rendered":"AVENT SCF355\/09 Szybki podgrzewacz do butelek"},"content":{"rendered":"<p>AVENT SCF355\/09 Szybki podgrzewacz do butelek to urz\u0105dzenie umo\u017cliwiaj\u0105ce szybkie i wygodne podgrzewanie mleka lub posi\u0142k\u00f3w dla niemowl\u0105t. Posiada tryb Smart ECO, kt\u00f3ry automatycznie dostosowuje moc, oszcz\u0119dzaj\u0105c energi\u0119. Zasi\u0119g dzia\u0142ania wynosi do 50 m w pomieszczeniach i do 300 m na zewn\u0105trz. Dzi\u0119ki technologii DECT zapewnia krystalicznie czysty d\u017awi\u0119k, umo\u017cliwiaj\u0105c rodzicowi dok\u0142adne s\u0142yszenie dziecka. Czas pracy odbiornika wynosi do 24 godzin w zale\u017cno\u015bci od rodzaju baterii i intensywno\u015bci u\u017cytkowania. W zestawie znajduje si\u0119 podgrzewacz z pojemnikiem i pokryw\u0105, instrukcja obs\u0142ugi oraz karta gwarancyjna.<\/p>\n","protected":false},"excerpt":{"rendered":"<p>AVENT SCF355\/09 Szybki podgrzewacz do butelek to urz\u0105dzenie umo\u017cliwiaj\u0105ce szybkie i wygodne podgrzewanie mleka lub posi\u0142k\u00f3w dla niemowl\u0105t. Posiada tryb Smart ECO, kt\u00f3ry automatycznie dostosowuje moc, oszcz\u0119dzaj\u0105c energi\u0119. Zasi\u0119g dzia\u0142ania wynosi do 50 m w pomieszczeniach i do 300 m na zewn\u0105trz. Dzi\u0119ki technologii DECT zapewnia krystalicznie czysty d\u017awi\u0119k, umo\u017cliwiaj\u0105c rodzicowi dok\u0142adne s\u0142yszenie dziecka. Czas [&hellip;]<\/p>\n","protected":false},"featured_media":12130,"comment_status":"open","ping_status":"closed","template":"","meta":[],"product_brand":[],"product_cat":[76,63,142],"product_tag":[],"class_list":{"0":"post-12133","1":"product","2":"type-product","3":"status-publish","4":"has-post-thumbnail","6":"product_cat-dziecko","7":"product_cat-karmienie","8":"product_cat-podgrzewacze-i-sterylizatory","10":"first","11":"instock","12":"taxable","13":"shipping-taxable","14":"purchasable","15":"product-type-simple"},"_links":{"self":[{"href":"https:\/\/www.bobooaza.pl\/index.php\/wp-json\/wp\/v2\/product\/12133","targetHints":{"allow":["GET"]}}],"collection":[{"href":"https:\/\/www.bobooaza.pl\/index.php\/wp-json\/wp\/v2\/product"}],"about":[{"href":"https:\/\/www.bobooaza.pl\/index.php\/wp-json\/wp\/v2\/types\/product"}],"replies":[{"embeddable":true,"href":"https:\/\/www.bobooaza.pl\/index.php\/wp-json\/wp\/v2\/comments?post=12133"}],"wp:featuredmedia":[{"embeddable":true,"href":"https:\/\/www.bobooaza.pl\/index.php\/wp-json\/wp\/v2\/media\/12130"}],"wp:attachment":[{"href":"https:\/\/www.bobooaza.pl\/index.php\/wp-json\/wp\/v2\/media?parent=12133"}],"wp:term":[{"taxonomy":"product_brand","embeddable":true,"href":"https:\/\/www.bobooaza.pl\/index.php\/wp-json\/wp\/v2\/product_brand?post=12133"},{"taxonomy":"product_cat","embeddable":true,"href":"https:\/\/www.bobooaza.pl\/index.php\/wp-json\/wp\/v2\/product_cat?post=12133"},{"taxonomy":"product_tag","embeddable":true,"href":"https:\/\/www.bobooaza.pl\/index.php\/wp-json\/wp\/v2\/product_tag?post=12133"}],"curies":[{"name":"wp","href":"https:\/\/api.w.org\/{rel}","templated":true}]}}