{"id":12137,"date":"2026-01-11T21:56:17","date_gmt":"2026-01-11T20:56:17","guid":{"rendered":"https:\/\/bobooaza.pl\/index.php\/produkt\/nuk-256444-mirofalowy-sterylizator-micro-express-plus\/"},"modified":"2026-01-11T22:02:00","modified_gmt":"2026-01-11T21:02:00","slug":"nuk-256444-mirofalowy-sterylizator-micro-express-plus","status":"publish","type":"product","link":"https:\/\/www.bobooaza.pl\/index.php\/produkt\/nuk-256444-mirofalowy-sterylizator-micro-express-plus\/","title":{"rendered":"NUK 256444 Mirofalowy sterylizator MICRO EXPRESS PLUS"},"content":{"rendered":"<p>NUK 256444 Micro Express Plus to mikrofalowy sterylizator przeznaczony do codziennej dezynfekcji akcesori\u00f3w niemowl\u0119cych, kt\u00f3re mog\u0105 by\u0107 u\u017cywane w kuchence mikrofalowej. Sterylizuje do 4 butelek wraz z akcesoriami w zaledwie 4 minuty. Jest odpowiedni dla wszystkich butelek NUK, z wyj\u0105tkiem butelek wykonanych z PA. W zestawie znajduj\u0105 si\u0119 szczypce do bezpiecznego wyjmowania wysterylizowanych element\u00f3w. Nale\u017cy zwr\u00f3ci\u0107 uwag\u0119 na minimalne wymiary wewn\u0119trzne mikrofal\u00f3wki.<\/p>\n","protected":false},"excerpt":{"rendered":"<p>NUK 256444 Micro Express Plus to mikrofalowy sterylizator przeznaczony do codziennej dezynfekcji akcesori\u00f3w niemowl\u0119cych, kt\u00f3re mog\u0105 by\u0107 u\u017cywane w kuchence mikrofalowej. Sterylizuje do 4 butelek wraz z akcesoriami w zaledwie 4 minuty. Jest odpowiedni dla wszystkich butelek NUK, z wyj\u0105tkiem butelek wykonanych z PA. W zestawie znajduj\u0105 si\u0119 szczypce do bezpiecznego wyjmowania wysterylizowanych element\u00f3w. Nale\u017cy [&hellip;]<\/p>\n","protected":false},"featured_media":12134,"comment_status":"open","ping_status":"closed","template":"","meta":[],"product_brand":[],"product_cat":[76,63,142],"product_tag":[],"class_list":{"0":"post-12137","1":"product","2":"type-product","3":"status-publish","4":"has-post-thumbnail","6":"product_cat-dziecko","7":"product_cat-karmienie","8":"product_cat-podgrzewacze-i-sterylizatory","10":"first","11":"instock","12":"taxable","13":"shipping-taxable","14":"purchasable","15":"product-type-simple"},"_links":{"self":[{"href":"https:\/\/www.bobooaza.pl\/index.php\/wp-json\/wp\/v2\/product\/12137","targetHints":{"allow":["GET"]}}],"collection":[{"href":"https:\/\/www.bobooaza.pl\/index.php\/wp-json\/wp\/v2\/product"}],"about":[{"href":"https:\/\/www.bobooaza.pl\/index.php\/wp-json\/wp\/v2\/types\/product"}],"replies":[{"embeddable":true,"href":"https:\/\/www.bobooaza.pl\/index.php\/wp-json\/wp\/v2\/comments?post=12137"}],"wp:featuredmedia":[{"embeddable":true,"href":"https:\/\/www.bobooaza.pl\/index.php\/wp-json\/wp\/v2\/media\/12134"}],"wp:attachment":[{"href":"https:\/\/www.bobooaza.pl\/index.php\/wp-json\/wp\/v2\/media?parent=12137"}],"wp:term":[{"taxonomy":"product_brand","embeddable":true,"href":"https:\/\/www.bobooaza.pl\/index.php\/wp-json\/wp\/v2\/product_brand?post=12137"},{"taxonomy":"product_cat","embeddable":true,"href":"https:\/\/www.bobooaza.pl\/index.php\/wp-json\/wp\/v2\/product_cat?post=12137"},{"taxonomy":"product_tag","embeddable":true,"href":"https:\/\/www.bobooaza.pl\/index.php\/wp-json\/wp\/v2\/product_tag?post=12137"}],"curies":[{"name":"wp","href":"https:\/\/api.w.org\/{rel}","templated":true}]}}