{"id":12139,"date":"2026-01-11T21:56:18","date_gmt":"2026-01-11T20:56:18","guid":{"rendered":"https:\/\/bobooaza.pl\/index.php\/produkt\/chicco-00065846600000-sterylizator-do-mikrofali\/"},"modified":"2026-01-11T22:02:01","modified_gmt":"2026-01-11T21:02:01","slug":"chicco-00065846600000-sterylizator-do-mikrofali","status":"publish","type":"product","link":"https:\/\/www.bobooaza.pl\/index.php\/produkt\/chicco-00065846600000-sterylizator-do-mikrofali\/","title":{"rendered":"CHICCO 00065846600000 Sterylizator do mikrofali"},"content":{"rendered":"<p>CHICCO 00065846600000 Sterylizator do mikrofali to parowy sterylizator przeznaczony do szybkiej dezynfekcji w kuchence mikrofalowej. Umo\u017cliwia bezpieczn\u0105 sterylizacj\u0119 butelek, smoczk\u00f3w i innych akcesori\u00f3w niemowl\u0119cych, zapewniaj\u0105c higien\u0119 w prosty i szybki spos\u00f3b.<\/p>\n","protected":false},"excerpt":{"rendered":"<p>CHICCO 00065846600000 Sterylizator do mikrofali to parowy sterylizator przeznaczony do szybkiej dezynfekcji w kuchence mikrofalowej. Umo\u017cliwia bezpieczn\u0105 sterylizacj\u0119 butelek, smoczk\u00f3w i innych akcesori\u00f3w niemowl\u0119cych, zapewniaj\u0105c higien\u0119 w prosty i szybki spos\u00f3b.<\/p>\n","protected":false},"featured_media":12138,"comment_status":"open","ping_status":"closed","template":"","meta":[],"product_brand":[],"product_cat":[76,63,142],"product_tag":[],"class_list":{"0":"post-12139","1":"product","2":"type-product","3":"status-publish","4":"has-post-thumbnail","6":"product_cat-dziecko","7":"product_cat-karmienie","8":"product_cat-podgrzewacze-i-sterylizatory","10":"first","11":"instock","12":"taxable","13":"shipping-taxable","14":"purchasable","15":"product-type-simple"},"_links":{"self":[{"href":"https:\/\/www.bobooaza.pl\/index.php\/wp-json\/wp\/v2\/product\/12139","targetHints":{"allow":["GET"]}}],"collection":[{"href":"https:\/\/www.bobooaza.pl\/index.php\/wp-json\/wp\/v2\/product"}],"about":[{"href":"https:\/\/www.bobooaza.pl\/index.php\/wp-json\/wp\/v2\/types\/product"}],"replies":[{"embeddable":true,"href":"https:\/\/www.bobooaza.pl\/index.php\/wp-json\/wp\/v2\/comments?post=12139"}],"wp:featuredmedia":[{"embeddable":true,"href":"https:\/\/www.bobooaza.pl\/index.php\/wp-json\/wp\/v2\/media\/12138"}],"wp:attachment":[{"href":"https:\/\/www.bobooaza.pl\/index.php\/wp-json\/wp\/v2\/media?parent=12139"}],"wp:term":[{"taxonomy":"product_brand","embeddable":true,"href":"https:\/\/www.bobooaza.pl\/index.php\/wp-json\/wp\/v2\/product_brand?post=12139"},{"taxonomy":"product_cat","embeddable":true,"href":"https:\/\/www.bobooaza.pl\/index.php\/wp-json\/wp\/v2\/product_cat?post=12139"},{"taxonomy":"product_tag","embeddable":true,"href":"https:\/\/www.bobooaza.pl\/index.php\/wp-json\/wp\/v2\/product_tag?post=12139"}],"curies":[{"name":"wp","href":"https:\/\/api.w.org\/{rel}","templated":true}]}}