{"id":12142,"date":"2026-01-11T21:56:20","date_gmt":"2026-01-11T20:56:20","guid":{"rendered":"https:\/\/bobooaza.pl\/index.php\/produkt\/chicco-00007391100000-sterylizator-parowy\/"},"modified":"2026-01-11T22:02:01","modified_gmt":"2026-01-11T21:02:01","slug":"chicco-00007391100000-sterylizator-parowy","status":"publish","type":"product","link":"https:\/\/www.bobooaza.pl\/index.php\/produkt\/chicco-00007391100000-sterylizator-parowy\/","title":{"rendered":"CHICCO 00007391100000 Sterylizator parowy"},"content":{"rendered":"<p>CHICCO 00007391100000 Sterylizator parowy to urz\u0105dzenie do szybkiej i skutecznej sterylizacji butelek, smoczk\u00f3w i akcesori\u00f3w niemowl\u0119cych. Sterylizacja trwa zaledwie 5 minut i eliminuje 99,9% szkodliwych drobnoustroj\u00f3w, a przy zamkni\u0119tej pokrywie zapewnia ochron\u0119 przez 24 godziny. Sterylizator posiada automatyczne wy\u0142\u0105czanie z sygna\u0142em d\u017awi\u0119kowym i oferuje trzy rozmiary: pe\u0142ny do butelek i akcesori\u00f3w, kompaktowy do ma\u0142ych przedmiot\u00f3w oraz wersj\u0119 do kuchenki mikrofalowej. Urz\u0105dzenie dzia\u0142a przy u\u017cyciu naturalnej pary, bez chemikali\u00f3w, a ceramiczna p\u0142yta grzewcza zapobiega osadzaniu kamienia i przypalaniu. Pomie\u015bci do 6 butelek i posiada przycisk uruchamiania cyklu oraz sygnalizacji pracy.<\/p>\n","protected":false},"excerpt":{"rendered":"<p>CHICCO 00007391100000 Sterylizator parowy to urz\u0105dzenie do szybkiej i skutecznej sterylizacji butelek, smoczk\u00f3w i akcesori\u00f3w niemowl\u0119cych. Sterylizacja trwa zaledwie 5 minut i eliminuje 99,9% szkodliwych drobnoustroj\u00f3w, a przy zamkni\u0119tej pokrywie zapewnia ochron\u0119 przez 24 godziny. Sterylizator posiada automatyczne wy\u0142\u0105czanie z sygna\u0142em d\u017awi\u0119kowym i oferuje trzy rozmiary: pe\u0142ny do butelek i akcesori\u00f3w, kompaktowy do ma\u0142ych przedmiot\u00f3w [&hellip;]<\/p>\n","protected":false},"featured_media":12140,"comment_status":"open","ping_status":"closed","template":"","meta":[],"product_brand":[],"product_cat":[76,63,142],"product_tag":[],"class_list":{"0":"post-12142","1":"product","2":"type-product","3":"status-publish","4":"has-post-thumbnail","6":"product_cat-dziecko","7":"product_cat-karmienie","8":"product_cat-podgrzewacze-i-sterylizatory","10":"first","11":"instock","12":"taxable","13":"shipping-taxable","14":"purchasable","15":"product-type-simple"},"_links":{"self":[{"href":"https:\/\/www.bobooaza.pl\/index.php\/wp-json\/wp\/v2\/product\/12142","targetHints":{"allow":["GET"]}}],"collection":[{"href":"https:\/\/www.bobooaza.pl\/index.php\/wp-json\/wp\/v2\/product"}],"about":[{"href":"https:\/\/www.bobooaza.pl\/index.php\/wp-json\/wp\/v2\/types\/product"}],"replies":[{"embeddable":true,"href":"https:\/\/www.bobooaza.pl\/index.php\/wp-json\/wp\/v2\/comments?post=12142"}],"wp:featuredmedia":[{"embeddable":true,"href":"https:\/\/www.bobooaza.pl\/index.php\/wp-json\/wp\/v2\/media\/12140"}],"wp:attachment":[{"href":"https:\/\/www.bobooaza.pl\/index.php\/wp-json\/wp\/v2\/media?parent=12142"}],"wp:term":[{"taxonomy":"product_brand","embeddable":true,"href":"https:\/\/www.bobooaza.pl\/index.php\/wp-json\/wp\/v2\/product_brand?post=12142"},{"taxonomy":"product_cat","embeddable":true,"href":"https:\/\/www.bobooaza.pl\/index.php\/wp-json\/wp\/v2\/product_cat?post=12142"},{"taxonomy":"product_tag","embeddable":true,"href":"https:\/\/www.bobooaza.pl\/index.php\/wp-json\/wp\/v2\/product_tag?post=12142"}],"curies":[{"name":"wp","href":"https:\/\/api.w.org\/{rel}","templated":true}]}}