{"id":12148,"date":"2026-01-11T21:56:26","date_gmt":"2026-01-11T20:56:26","guid":{"rendered":"https:\/\/bobooaza.pl\/index.php\/produkt\/chicco-00007392100000-sterylizator-all-in-one\/"},"modified":"2026-01-19T21:55:30","modified_gmt":"2026-01-19T20:55:30","slug":"chicco-00007392100000-sterylizator-all-in-one","status":"publish","type":"product","link":"https:\/\/www.bobooaza.pl\/index.php\/produkt\/chicco-00007392100000-sterylizator-all-in-one\/","title":{"rendered":"CHICCO 00007392100000 Sterylizator ALL-IN-ONE"},"content":{"rendered":"<p>CHICCO 00007392100000 Sterylizator ALL-IN-ONE to sterylizator parowy z funkcj\u0105 suszenia, zaprojektowany tak, aby u\u0142atwi\u0107 higien\u0119 butelek i akcesori\u00f3w do karmienia w pierwszym roku \u017cycia dziecka. Sterylizacja odbywa si\u0119 par\u0105 wodn\u0105, bez u\u017cycia chemikali\u00f3w, a urz\u0105dzenie oferuje dwie konfiguracje: kompaktow\u0105, zapewniaj\u0105c\u0105 kr\u00f3tszy czas i mniejsze zu\u017cycie energii, oraz pe\u0142nowymiarow\u0105 mieszcz\u0105c\u0105 do 6 butelek. Sterylizator jest kompatybilny ze wszystkimi laktatorami, butelkami i akcesoriami Chicco. Ceramiczna p\u0142yta grzewcza zapobiega osadzaniu kamienia, a wymienny filtr suszarki zwi\u0119ksza wydajno\u015b\u0107. Urz\u0105dzenie eliminuje 99,9% szkodliwych zarazk\u00f3w, sterylizuje w 5 minut, posiada trzy tryby pracy: sterylizacja, suszenie, sterylizacja z suszeniem oraz automatyczne wy\u0142\u0105czanie z sygna\u0142em d\u017awi\u0119kowym. Akcesoria pozostaj\u0105 zdezynfekowane przez 24 godziny przy zamkni\u0119tej pokrywie. Funkcja op\u00f3\u017anionego startu umo\u017cliwia zaplanowanie cyklu do 2 godzin, a alert przypomina o konieczno\u015bci odkamieniania.<\/p>\n","protected":false},"excerpt":{"rendered":"<p>CHICCO 00007392100000 Sterylizator ALL-IN-ONE to sterylizator parowy z funkcj\u0105 suszenia, zaprojektowany tak, aby u\u0142atwi\u0107 higien\u0119 butelek i akcesori\u00f3w do karmienia w pierwszym roku \u017cycia dziecka. Sterylizacja odbywa si\u0119 par\u0105 wodn\u0105, bez u\u017cycia chemikali\u00f3w, a urz\u0105dzenie oferuje dwie konfiguracje: kompaktow\u0105, zapewniaj\u0105c\u0105 kr\u00f3tszy czas i mniejsze zu\u017cycie energii, oraz pe\u0142nowymiarow\u0105 mieszcz\u0105c\u0105 do 6 butelek. Sterylizator jest kompatybilny [&hellip;]<\/p>\n","protected":false},"featured_media":12143,"comment_status":"open","ping_status":"closed","template":"","meta":[],"product_brand":[],"product_cat":[76,63,142],"product_tag":[],"class_list":{"0":"post-12148","1":"product","2":"type-product","3":"status-publish","4":"has-post-thumbnail","6":"product_cat-dziecko","7":"product_cat-karmienie","8":"product_cat-podgrzewacze-i-sterylizatory","10":"first","11":"instock","12":"taxable","13":"shipping-taxable","14":"purchasable","15":"product-type-simple"},"_links":{"self":[{"href":"https:\/\/www.bobooaza.pl\/index.php\/wp-json\/wp\/v2\/product\/12148","targetHints":{"allow":["GET"]}}],"collection":[{"href":"https:\/\/www.bobooaza.pl\/index.php\/wp-json\/wp\/v2\/product"}],"about":[{"href":"https:\/\/www.bobooaza.pl\/index.php\/wp-json\/wp\/v2\/types\/product"}],"replies":[{"embeddable":true,"href":"https:\/\/www.bobooaza.pl\/index.php\/wp-json\/wp\/v2\/comments?post=12148"}],"wp:featuredmedia":[{"embeddable":true,"href":"https:\/\/www.bobooaza.pl\/index.php\/wp-json\/wp\/v2\/media\/12143"}],"wp:attachment":[{"href":"https:\/\/www.bobooaza.pl\/index.php\/wp-json\/wp\/v2\/media?parent=12148"}],"wp:term":[{"taxonomy":"product_brand","embeddable":true,"href":"https:\/\/www.bobooaza.pl\/index.php\/wp-json\/wp\/v2\/product_brand?post=12148"},{"taxonomy":"product_cat","embeddable":true,"href":"https:\/\/www.bobooaza.pl\/index.php\/wp-json\/wp\/v2\/product_cat?post=12148"},{"taxonomy":"product_tag","embeddable":true,"href":"https:\/\/www.bobooaza.pl\/index.php\/wp-json\/wp\/v2\/product_tag?post=12148"}],"curies":[{"name":"wp","href":"https:\/\/api.w.org\/{rel}","templated":true}]}}