{"id":12150,"date":"2026-01-11T22:20:04","date_gmt":"2026-01-11T21:20:04","guid":{"rendered":"https:\/\/bobooaza.pl\/index.php\/produkt\/b-o-721-01-szczotka-do-butelek-i-smoczkow-z-mini-szczoteczka-niebieski\/"},"modified":"2026-01-19T20:21:34","modified_gmt":"2026-01-19T19:21:34","slug":"b-o-721-01-szczotka-do-butelek-i-smoczkow-z-mini-szczoteczka-niebieski","status":"publish","type":"product","link":"https:\/\/www.bobooaza.pl\/index.php\/produkt\/b-o-721-01-szczotka-do-butelek-i-smoczkow-z-mini-szczoteczka-niebieski\/","title":{"rendered":"B.O.721\/01 Szczotka do butelek i smoczk\u00f3w z mini szczoteczk\u0105 niebieski"},"content":{"rendered":"<p>B.O.721\/01 to zestaw szczotek do butelek i smoczk\u00f3w z mini szczoteczk\u0105 w kolorze niebieskim. Szczotki pomagaj\u0105 w dok\u0142adnym czyszczeniu butelek i smoczk\u00f3w, docieraj\u0105c do trudno dost\u0119pnych miejsc dzi\u0119ki odpowiednio wyprofilowanym ko\u0144c\u00f3wkom. Wygodne r\u0105czki zapewniaj\u0105 stabilny uchwyt podczas mycia. Wykonane s\u0105 z trwa\u0142ych i bezpiecznych materia\u0142\u00f3w, wolnych od bisfenolu A. W zestawie znajduj\u0105 si\u0119 szczotka do mycia butelek oraz szczotka do mycia smoczk\u00f3w.<\/p>\n","protected":false},"excerpt":{"rendered":"<p>B.O.721\/01 to zestaw szczotek do butelek i smoczk\u00f3w z mini szczoteczk\u0105 w kolorze niebieskim. Szczotki pomagaj\u0105 w dok\u0142adnym czyszczeniu butelek i smoczk\u00f3w, docieraj\u0105c do trudno dost\u0119pnych miejsc dzi\u0119ki odpowiednio wyprofilowanym ko\u0144c\u00f3wkom. Wygodne r\u0105czki zapewniaj\u0105 stabilny uchwyt podczas mycia. Wykonane s\u0105 z trwa\u0142ych i bezpiecznych materia\u0142\u00f3w, wolnych od bisfenolu A. W zestawie znajduj\u0105 si\u0119 szczotka do [&hellip;]<\/p>\n","protected":false},"featured_media":12149,"comment_status":"open","ping_status":"closed","template":"","meta":[],"product_brand":[],"product_cat":[64,81,76,63],"product_tag":[],"class_list":{"0":"post-12150","1":"product","2":"type-product","3":"status-publish","4":"has-post-thumbnail","6":"product_cat-butelki-i-akcesoria","7":"product_cat-czyszczenie","8":"product_cat-dziecko","9":"product_cat-karmienie","11":"first","12":"instock","13":"taxable","14":"shipping-taxable","15":"purchasable","16":"product-type-simple"},"_links":{"self":[{"href":"https:\/\/www.bobooaza.pl\/index.php\/wp-json\/wp\/v2\/product\/12150","targetHints":{"allow":["GET"]}}],"collection":[{"href":"https:\/\/www.bobooaza.pl\/index.php\/wp-json\/wp\/v2\/product"}],"about":[{"href":"https:\/\/www.bobooaza.pl\/index.php\/wp-json\/wp\/v2\/types\/product"}],"replies":[{"embeddable":true,"href":"https:\/\/www.bobooaza.pl\/index.php\/wp-json\/wp\/v2\/comments?post=12150"}],"wp:featuredmedia":[{"embeddable":true,"href":"https:\/\/www.bobooaza.pl\/index.php\/wp-json\/wp\/v2\/media\/12149"}],"wp:attachment":[{"href":"https:\/\/www.bobooaza.pl\/index.php\/wp-json\/wp\/v2\/media?parent=12150"}],"wp:term":[{"taxonomy":"product_brand","embeddable":true,"href":"https:\/\/www.bobooaza.pl\/index.php\/wp-json\/wp\/v2\/product_brand?post=12150"},{"taxonomy":"product_cat","embeddable":true,"href":"https:\/\/www.bobooaza.pl\/index.php\/wp-json\/wp\/v2\/product_cat?post=12150"},{"taxonomy":"product_tag","embeddable":true,"href":"https:\/\/www.bobooaza.pl\/index.php\/wp-json\/wp\/v2\/product_tag?post=12150"}],"curies":[{"name":"wp","href":"https:\/\/api.w.org\/{rel}","templated":true}]}}