{"id":12155,"date":"2026-01-11T22:21:29","date_gmt":"2026-01-11T21:21:29","guid":{"rendered":"https:\/\/bobooaza.pl\/index.php\/produkt\/canpol-56-580-sztucce-elastyczne-dla-dzieci\/"},"modified":"2026-01-11T22:22:47","modified_gmt":"2026-01-11T21:22:47","slug":"canpol-56-580-sztucce-elastyczne-dla-dzieci","status":"publish","type":"product","link":"https:\/\/www.bobooaza.pl\/index.php\/produkt\/canpol-56-580-sztucce-elastyczne-dla-dzieci\/","title":{"rendered":"CANPOL 56\/580 Sztu\u0107ce elastyczne dla dzieci"},"content":{"rendered":"<p>CANPOL 56\/580 to elastyczne sztu\u0107ce dla dzieci, wykonane z bezpiecznego, plastycznego tworzywa, kt\u00f3re po zgi\u0119ciu utrzymuje nadany kszta\u0142t. Mo\u017cna je dopasowa\u0107 do potrzeb dziecka, niezale\u017cnie od tego, czy jest prawo-, czy lewor\u0119czne. Zaokr\u0105glone brzegi nie podra\u017cniaj\u0105 delikatnych dzi\u0105se\u0142, co u\u0142atwia nauk\u0119 samodzielnego jedzenia. Sztu\u0107ce przeznaczone s\u0105 dla dzieci powy\u017cej 12. miesi\u0105ca \u017cycia i nie zawieraj\u0105 BPA.<\/p>\n","protected":false},"excerpt":{"rendered":"<p>CANPOL 56\/580 to elastyczne sztu\u0107ce dla dzieci, wykonane z bezpiecznego, plastycznego tworzywa, kt\u00f3re po zgi\u0119ciu utrzymuje nadany kszta\u0142t. Mo\u017cna je dopasowa\u0107 do potrzeb dziecka, niezale\u017cnie od tego, czy jest prawo-, czy lewor\u0119czne. Zaokr\u0105glone brzegi nie podra\u017cniaj\u0105 delikatnych dzi\u0105se\u0142, co u\u0142atwia nauk\u0119 samodzielnego jedzenia. Sztu\u0107ce przeznaczone s\u0105 dla dzieci powy\u017cej 12. miesi\u0105ca \u017cycia i nie zawieraj\u0105 [&hellip;]<\/p>\n","protected":false},"featured_media":12151,"comment_status":"open","ping_status":"closed","template":"","meta":[],"product_brand":[],"product_cat":[76,63,99,157],"product_tag":[],"class_list":{"0":"post-12155","1":"product","2":"type-product","3":"status-publish","4":"has-post-thumbnail","6":"product_cat-dziecko","7":"product_cat-karmienie","8":"product_cat-naczynia-i-sztucce","9":"product_cat-sztucce","11":"first","12":"instock","13":"taxable","14":"shipping-taxable","15":"purchasable","16":"product-type-simple"},"_links":{"self":[{"href":"https:\/\/www.bobooaza.pl\/index.php\/wp-json\/wp\/v2\/product\/12155","targetHints":{"allow":["GET"]}}],"collection":[{"href":"https:\/\/www.bobooaza.pl\/index.php\/wp-json\/wp\/v2\/product"}],"about":[{"href":"https:\/\/www.bobooaza.pl\/index.php\/wp-json\/wp\/v2\/types\/product"}],"replies":[{"embeddable":true,"href":"https:\/\/www.bobooaza.pl\/index.php\/wp-json\/wp\/v2\/comments?post=12155"}],"wp:featuredmedia":[{"embeddable":true,"href":"https:\/\/www.bobooaza.pl\/index.php\/wp-json\/wp\/v2\/media\/12151"}],"wp:attachment":[{"href":"https:\/\/www.bobooaza.pl\/index.php\/wp-json\/wp\/v2\/media?parent=12155"}],"wp:term":[{"taxonomy":"product_brand","embeddable":true,"href":"https:\/\/www.bobooaza.pl\/index.php\/wp-json\/wp\/v2\/product_brand?post=12155"},{"taxonomy":"product_cat","embeddable":true,"href":"https:\/\/www.bobooaza.pl\/index.php\/wp-json\/wp\/v2\/product_cat?post=12155"},{"taxonomy":"product_tag","embeddable":true,"href":"https:\/\/www.bobooaza.pl\/index.php\/wp-json\/wp\/v2\/product_tag?post=12155"}],"curies":[{"name":"wp","href":"https:\/\/api.w.org\/{rel}","templated":true}]}}