{"id":12157,"date":"2026-01-11T22:22:59","date_gmt":"2026-01-11T21:22:59","guid":{"rendered":"https:\/\/bobooaza.pl\/index.php\/produkt\/akuku-a0517-sliniak-z-rekawkiem-borsuk\/"},"modified":"2026-01-11T22:31:31","modified_gmt":"2026-01-11T21:31:31","slug":"akuku-a0517-sliniak-z-rekawkiem-borsuk","status":"publish","type":"product","link":"https:\/\/www.bobooaza.pl\/index.php\/produkt\/akuku-a0517-sliniak-z-rekawkiem-borsuk\/","title":{"rendered":"AKUKU A0517 \u015aliniak z r\u0119kawkiem BORSUK"},"content":{"rendered":"<p>AKUKU A0517 to dzieci\u0119cy \u015bliniak z r\u0119kawkami, kt\u00f3ry chroni ubranka przed zabrudzeniem podczas jedzenia i zabawy. Wykonany jest z lekkiego, mi\u0119kkiego i \u0142atwo zmywalnego tworzywa EVA. Posiada du\u017c\u0105 kiesze\u0144 zatrzymuj\u0105c\u0105 resztki pokarmu oraz wygodne zapi\u0119cie na rzep. \u0141atwy w utrzymaniu czysto\u015bci \u2013 wystarczy umy\u0107 w ciep\u0142ej wodzie z myd\u0142em dla dzieci. Wymiary: 33 cm szeroko\u015bci i 35 cm d\u0142ugo\u015bci od szyi. Sk\u0142ad: 100% EVA.<\/p>\n","protected":false},"excerpt":{"rendered":"<p>AKUKU A0517 to dzieci\u0119cy \u015bliniak z r\u0119kawkami, kt\u00f3ry chroni ubranka przed zabrudzeniem podczas jedzenia i zabawy. Wykonany jest z lekkiego, mi\u0119kkiego i \u0142atwo zmywalnego tworzywa EVA. Posiada du\u017c\u0105 kiesze\u0144 zatrzymuj\u0105c\u0105 resztki pokarmu oraz wygodne zapi\u0119cie na rzep. \u0141atwy w utrzymaniu czysto\u015bci \u2013 wystarczy umy\u0107 w ciep\u0142ej wodzie z myd\u0142em dla dzieci. Wymiary: 33 cm szeroko\u015bci [&hellip;]<\/p>\n","protected":false},"featured_media":12156,"comment_status":"open","ping_status":"closed","template":"","meta":[],"product_brand":[],"product_cat":[76,63,112,114],"product_tag":[],"class_list":{"0":"post-12157","1":"product","2":"type-product","3":"status-publish","4":"has-post-thumbnail","6":"product_cat-dziecko","7":"product_cat-karmienie","8":"product_cat-sliniaki","9":"product_cat-sliniaki-z-rekawkami","11":"first","12":"instock","13":"taxable","14":"shipping-taxable","15":"purchasable","16":"product-type-simple"},"_links":{"self":[{"href":"https:\/\/www.bobooaza.pl\/index.php\/wp-json\/wp\/v2\/product\/12157","targetHints":{"allow":["GET"]}}],"collection":[{"href":"https:\/\/www.bobooaza.pl\/index.php\/wp-json\/wp\/v2\/product"}],"about":[{"href":"https:\/\/www.bobooaza.pl\/index.php\/wp-json\/wp\/v2\/types\/product"}],"replies":[{"embeddable":true,"href":"https:\/\/www.bobooaza.pl\/index.php\/wp-json\/wp\/v2\/comments?post=12157"}],"wp:featuredmedia":[{"embeddable":true,"href":"https:\/\/www.bobooaza.pl\/index.php\/wp-json\/wp\/v2\/media\/12156"}],"wp:attachment":[{"href":"https:\/\/www.bobooaza.pl\/index.php\/wp-json\/wp\/v2\/media?parent=12157"}],"wp:term":[{"taxonomy":"product_brand","embeddable":true,"href":"https:\/\/www.bobooaza.pl\/index.php\/wp-json\/wp\/v2\/product_brand?post=12157"},{"taxonomy":"product_cat","embeddable":true,"href":"https:\/\/www.bobooaza.pl\/index.php\/wp-json\/wp\/v2\/product_cat?post=12157"},{"taxonomy":"product_tag","embeddable":true,"href":"https:\/\/www.bobooaza.pl\/index.php\/wp-json\/wp\/v2\/product_tag?post=12157"}],"curies":[{"name":"wp","href":"https:\/\/api.w.org\/{rel}","templated":true}]}}