{"id":12161,"date":"2026-01-11T22:25:01","date_gmt":"2026-01-11T21:25:01","guid":{"rendered":"https:\/\/bobooaza.pl\/index.php\/produkt\/canpol-51-030_cre-sliniak-silikonowy-z-kieszonka-mountains-rozowy\/"},"modified":"2026-01-11T22:31:32","modified_gmt":"2026-01-11T21:31:32","slug":"canpol-51-030_cre-sliniak-silikonowy-z-kieszonka-mountains-rozowy","status":"publish","type":"product","link":"https:\/\/www.bobooaza.pl\/index.php\/produkt\/canpol-51-030_cre-sliniak-silikonowy-z-kieszonka-mountains-rozowy\/","title":{"rendered":"CANPOL 51\/030_cre \u015aliniak silikonowy z kieszonk\u0105 MOUNTAINS r\u00f3\u017cowy"},"content":{"rendered":"<p>CANPOL 51\/030_cre to silikonowy \u015bliniak z kieszonk\u0105 w kolorze r\u00f3\u017cowym, przeznaczony do ochrony ubranka dziecka podczas pierwszych samodzielnych posi\u0142k\u00f3w. Wykonany w 100% z bezpiecznego, wysokiej jako\u015bci silikonu, jest bezzapachowy, elastyczny, lekki i przyjemny w dotyku. G\u0142\u0119boka kieszonka zatrzymuje resztki jedzenia i utrzymuje sw\u00f3j kszta\u0142t, nawet gdy dziecko naciska lub porusza si\u0119. \u015aliniak ma regulowane zapi\u0119cie dopasowuj\u0105ce rozmiar do szyi dziecka. \u0141atwy do czyszczenia \u2013 mo\u017cna przep\u0142uka\u0107 pod bie\u017c\u0105c\u0105 wod\u0105, przetrze\u0107 lub umy\u0107 w zmywarce. Produkt wolny od BPA, PVC, ftalan\u00f3w i innych szkodliwych substancji.<\/p>\n","protected":false},"excerpt":{"rendered":"<p>CANPOL 51\/030_cre to silikonowy \u015bliniak z kieszonk\u0105 w kolorze r\u00f3\u017cowym, przeznaczony do ochrony ubranka dziecka podczas pierwszych samodzielnych posi\u0142k\u00f3w. Wykonany w 100% z bezpiecznego, wysokiej jako\u015bci silikonu, jest bezzapachowy, elastyczny, lekki i przyjemny w dotyku. G\u0142\u0119boka kieszonka zatrzymuje resztki jedzenia i utrzymuje sw\u00f3j kszta\u0142t, nawet gdy dziecko naciska lub porusza si\u0119. \u015aliniak ma regulowane zapi\u0119cie [&hellip;]<\/p>\n","protected":false},"featured_media":12160,"comment_status":"open","ping_status":"closed","template":"","meta":[],"product_brand":[],"product_cat":[76,63,112,115],"product_tag":[],"class_list":{"0":"post-12161","1":"product","2":"type-product","3":"status-publish","4":"has-post-thumbnail","6":"product_cat-dziecko","7":"product_cat-karmienie","8":"product_cat-sliniaki","9":"product_cat-sliniaki-silikonowe","11":"first","12":"instock","13":"taxable","14":"shipping-taxable","15":"purchasable","16":"product-type-simple"},"_links":{"self":[{"href":"https:\/\/www.bobooaza.pl\/index.php\/wp-json\/wp\/v2\/product\/12161","targetHints":{"allow":["GET"]}}],"collection":[{"href":"https:\/\/www.bobooaza.pl\/index.php\/wp-json\/wp\/v2\/product"}],"about":[{"href":"https:\/\/www.bobooaza.pl\/index.php\/wp-json\/wp\/v2\/types\/product"}],"replies":[{"embeddable":true,"href":"https:\/\/www.bobooaza.pl\/index.php\/wp-json\/wp\/v2\/comments?post=12161"}],"wp:featuredmedia":[{"embeddable":true,"href":"https:\/\/www.bobooaza.pl\/index.php\/wp-json\/wp\/v2\/media\/12160"}],"wp:attachment":[{"href":"https:\/\/www.bobooaza.pl\/index.php\/wp-json\/wp\/v2\/media?parent=12161"}],"wp:term":[{"taxonomy":"product_brand","embeddable":true,"href":"https:\/\/www.bobooaza.pl\/index.php\/wp-json\/wp\/v2\/product_brand?post=12161"},{"taxonomy":"product_cat","embeddable":true,"href":"https:\/\/www.bobooaza.pl\/index.php\/wp-json\/wp\/v2\/product_cat?post=12161"},{"taxonomy":"product_tag","embeddable":true,"href":"https:\/\/www.bobooaza.pl\/index.php\/wp-json\/wp\/v2\/product_tag?post=12161"}],"curies":[{"name":"wp","href":"https:\/\/api.w.org\/{rel}","templated":true}]}}