{"id":12169,"date":"2026-01-11T22:28:44","date_gmt":"2026-01-11T21:28:44","guid":{"rendered":"https:\/\/bobooaza.pl\/index.php\/produkt\/b-o-879-12-sliniak-apaszka-toukans\/"},"modified":"2026-01-11T22:31:35","modified_gmt":"2026-01-11T21:31:35","slug":"b-o-879-12-sliniak-apaszka-toukans","status":"publish","type":"product","link":"https:\/\/www.bobooaza.pl\/index.php\/produkt\/b-o-879-12-sliniak-apaszka-toukans\/","title":{"rendered":"B.O.879\/12 \u015aliniak apaszka TOUKANS"},"content":{"rendered":"<p>B.O.879\/12 to \u015bliniak w formie apaszki TOUKANS, kt\u00f3ry chroni ubranie dziecka podczas karmienia i zapewnia ciep\u0142o na spacerze. Wykonany z dwuwarstwowej bawe\u0142ny 100%, mi\u0119kko otula szyj\u0119 malca. Apaszka jest dwustronna, dost\u0119pna w r\u00f3\u017cnych kolorach i wzorach, a regulowane zapi\u0119cia na napy pozwalaj\u0105 dopasowa\u0107 j\u0105 zar\u00f3wno dla niemowlak\u00f3w, jak i przedszkolak\u00f3w. W zestawie znajduj\u0105 si\u0119 2 sztuki o wymiarach 42&#215;21 cm, odpowiednie dla dzieci od 0 miesi\u0105ca \u017cycia.<\/p>\n","protected":false},"excerpt":{"rendered":"<p>B.O.879\/12 to \u015bliniak w formie apaszki TOUKANS, kt\u00f3ry chroni ubranie dziecka podczas karmienia i zapewnia ciep\u0142o na spacerze. Wykonany z dwuwarstwowej bawe\u0142ny 100%, mi\u0119kko otula szyj\u0119 malca. Apaszka jest dwustronna, dost\u0119pna w r\u00f3\u017cnych kolorach i wzorach, a regulowane zapi\u0119cia na napy pozwalaj\u0105 dopasowa\u0107 j\u0105 zar\u00f3wno dla niemowlak\u00f3w, jak i przedszkolak\u00f3w. W zestawie znajduj\u0105 si\u0119 2 [&hellip;]<\/p>\n","protected":false},"featured_media":12168,"comment_status":"open","ping_status":"closed","template":"","meta":[],"product_brand":[],"product_cat":[76,63,112,113],"product_tag":[],"class_list":{"0":"post-12169","1":"product","2":"type-product","3":"status-publish","4":"has-post-thumbnail","6":"product_cat-dziecko","7":"product_cat-karmienie","8":"product_cat-sliniaki","9":"product_cat-sliniaki-chustki-apaszki","11":"first","12":"instock","13":"taxable","14":"shipping-taxable","15":"purchasable","16":"product-type-simple"},"_links":{"self":[{"href":"https:\/\/www.bobooaza.pl\/index.php\/wp-json\/wp\/v2\/product\/12169","targetHints":{"allow":["GET"]}}],"collection":[{"href":"https:\/\/www.bobooaza.pl\/index.php\/wp-json\/wp\/v2\/product"}],"about":[{"href":"https:\/\/www.bobooaza.pl\/index.php\/wp-json\/wp\/v2\/types\/product"}],"replies":[{"embeddable":true,"href":"https:\/\/www.bobooaza.pl\/index.php\/wp-json\/wp\/v2\/comments?post=12169"}],"wp:featuredmedia":[{"embeddable":true,"href":"https:\/\/www.bobooaza.pl\/index.php\/wp-json\/wp\/v2\/media\/12168"}],"wp:attachment":[{"href":"https:\/\/www.bobooaza.pl\/index.php\/wp-json\/wp\/v2\/media?parent=12169"}],"wp:term":[{"taxonomy":"product_brand","embeddable":true,"href":"https:\/\/www.bobooaza.pl\/index.php\/wp-json\/wp\/v2\/product_brand?post=12169"},{"taxonomy":"product_cat","embeddable":true,"href":"https:\/\/www.bobooaza.pl\/index.php\/wp-json\/wp\/v2\/product_cat?post=12169"},{"taxonomy":"product_tag","embeddable":true,"href":"https:\/\/www.bobooaza.pl\/index.php\/wp-json\/wp\/v2\/product_tag?post=12169"}],"curies":[{"name":"wp","href":"https:\/\/api.w.org\/{rel}","templated":true}]}}