{"id":12175,"date":"2026-01-11T22:28:48","date_gmt":"2026-01-11T21:28:48","guid":{"rendered":"https:\/\/bobooaza.pl\/index.php\/produkt\/b-o-879-15-sliniak-apaszka-horses\/"},"modified":"2026-01-11T22:31:36","modified_gmt":"2026-01-11T21:31:36","slug":"b-o-879-15-sliniak-apaszka-horses","status":"publish","type":"product","link":"https:\/\/www.bobooaza.pl\/index.php\/produkt\/b-o-879-15-sliniak-apaszka-horses\/","title":{"rendered":"B.O.879\/15 \u015aliniak apaszka HORSES"},"content":{"rendered":"<p>B.O.879\/15 to \u015bliniak apaszka HORSES, wielofunkcyjny produkt codziennego u\u017cytku dla malucha. Chroni ubranie dziecka podczas karmienia i zapewnia ciep\u0142o na spacerze. Wykonany jest z dwuwarstwowej bawe\u0142ny 100%, mi\u0119kko otula szyj\u0119 dziecka. Apaszka jest dwustronna i dost\u0119pna w r\u00f3\u017cnych kolorach oraz wzorach, a regulowane zapi\u0119cia na napy umo\u017cliwiaj\u0105 dopasowanie zar\u00f3wno dla niemowl\u0105t, jak i przedszkolak\u00f3w. W zestawie znajduj\u0105 si\u0119 2 sztuki o wymiarach 42&#215;21 cm, przeznaczone dla dzieci od 0 miesi\u0105ca \u017cycia.<\/p>\n","protected":false},"excerpt":{"rendered":"<p>B.O.879\/15 to \u015bliniak apaszka HORSES, wielofunkcyjny produkt codziennego u\u017cytku dla malucha. Chroni ubranie dziecka podczas karmienia i zapewnia ciep\u0142o na spacerze. Wykonany jest z dwuwarstwowej bawe\u0142ny 100%, mi\u0119kko otula szyj\u0119 dziecka. Apaszka jest dwustronna i dost\u0119pna w r\u00f3\u017cnych kolorach oraz wzorach, a regulowane zapi\u0119cia na napy umo\u017cliwiaj\u0105 dopasowanie zar\u00f3wno dla niemowl\u0105t, jak i przedszkolak\u00f3w. W [&hellip;]<\/p>\n","protected":false},"featured_media":12174,"comment_status":"open","ping_status":"closed","template":"","meta":[],"product_brand":[],"product_cat":[76,63,112,113],"product_tag":[],"class_list":{"0":"post-12175","1":"product","2":"type-product","3":"status-publish","4":"has-post-thumbnail","6":"product_cat-dziecko","7":"product_cat-karmienie","8":"product_cat-sliniaki","9":"product_cat-sliniaki-chustki-apaszki","11":"first","12":"instock","13":"taxable","14":"shipping-taxable","15":"purchasable","16":"product-type-simple"},"_links":{"self":[{"href":"https:\/\/www.bobooaza.pl\/index.php\/wp-json\/wp\/v2\/product\/12175","targetHints":{"allow":["GET"]}}],"collection":[{"href":"https:\/\/www.bobooaza.pl\/index.php\/wp-json\/wp\/v2\/product"}],"about":[{"href":"https:\/\/www.bobooaza.pl\/index.php\/wp-json\/wp\/v2\/types\/product"}],"replies":[{"embeddable":true,"href":"https:\/\/www.bobooaza.pl\/index.php\/wp-json\/wp\/v2\/comments?post=12175"}],"wp:featuredmedia":[{"embeddable":true,"href":"https:\/\/www.bobooaza.pl\/index.php\/wp-json\/wp\/v2\/media\/12174"}],"wp:attachment":[{"href":"https:\/\/www.bobooaza.pl\/index.php\/wp-json\/wp\/v2\/media?parent=12175"}],"wp:term":[{"taxonomy":"product_brand","embeddable":true,"href":"https:\/\/www.bobooaza.pl\/index.php\/wp-json\/wp\/v2\/product_brand?post=12175"},{"taxonomy":"product_cat","embeddable":true,"href":"https:\/\/www.bobooaza.pl\/index.php\/wp-json\/wp\/v2\/product_cat?post=12175"},{"taxonomy":"product_tag","embeddable":true,"href":"https:\/\/www.bobooaza.pl\/index.php\/wp-json\/wp\/v2\/product_tag?post=12175"}],"curies":[{"name":"wp","href":"https:\/\/api.w.org\/{rel}","templated":true}]}}