{"id":12203,"date":"2026-01-18T10:39:04","date_gmt":"2026-01-18T09:39:04","guid":{"rendered":"https:\/\/www.bobooaza.pl\/index.php\/produkt\/b-o-969-04-sztucce-ergonomiczne-dla-dzieci-mietowe\/"},"modified":"2026-01-18T10:44:05","modified_gmt":"2026-01-18T09:44:05","slug":"b-o-969-04-sztucce-ergonomiczne-dla-dzieci-mietowe","status":"publish","type":"product","link":"https:\/\/www.bobooaza.pl\/index.php\/produkt\/b-o-969-04-sztucce-ergonomiczne-dla-dzieci-mietowe\/","title":{"rendered":"B.O.969\/04 Sztu\u0107ce ergonomiczne dla dzieci mi\u0119towe"},"content":{"rendered":"<p>B.O.969\/04 to ergonomiczne sztu\u0107ce dla dzieci w kolorze mi\u0119towym, zaprojektowane z my\u015bl\u0105 o nauce samodzielnego jedzenia oraz etapie rozszerzania diety. Zestaw doskonale sprawdzi si\u0119 u dzieci od 12. miesi\u0105ca \u017cycia, wspieraj\u0105c rozw\u00f3j prawid\u0142owych nawyk\u00f3w przy stole i samodzielno\u015bci podczas posi\u0142k\u00f3w. Specjalnie opracowany kszta\u0142t sztu\u0107c\u00f3w sprawia, \u017ce s\u0105 one wygodne w u\u017cytkowaniu i idealnie dopasowane do ma\u0142ych d\u0142oni.<\/p>\n<p>Szeroki, zaokr\u0105glony trzonek u\u0142atwia chwyt i kontrol\u0119 ruch\u00f3w, dzi\u0119ki czemu dziecko szybciej i pewniej uczy si\u0119 korzystania z \u0142y\u017ceczki oraz widelca. Dodatkowym atutem jest praktyczny ko\u0142nierzyk zabezpieczaj\u0105cy, kt\u00f3ry ogranicza mo\u017cliwo\u015b\u0107 w\u0142o\u017cenia sztu\u0107ca zbyt g\u0142\u0119boko do buzi, zwi\u0119kszaj\u0105c bezpiecze\u0144stwo podczas jedzenia. Konstrukcja sztu\u0107c\u00f3w zosta\u0142a r\u00f3wnie\u017c zaprojektowana tak, aby ich ko\u0144c\u00f3wki po od\u0142o\u017ceniu na st\u00f3\u0142 nie styka\u0142y si\u0119 z jego powierzchni\u0105, co pomaga zachowa\u0107 wysoki poziom higieny i zmniejsza ryzyko zabrudze\u0144.<\/p>\n<p>Zestaw zawiera \u0142y\u017ceczk\u0119, widelec oraz praktyczne plastikowe etui, kt\u00f3re umo\u017cliwia higieniczne przechowywanie sztu\u0107c\u00f3w i wygodne zabranie ich na spacer, wyjazd lub do restauracji. Produkt wykonany jest z bezpiecznego tworzywa sztucznego, wolnego od Bisfenolu A, i nadaje si\u0119 do mycia w zmywarce, co u\u0142atwia codzienne u\u017cytkowanie. Kompaktowe wymiary sprawiaj\u0105, \u017ce zestaw jest por\u0119czny i zawsze gotowy do u\u017cycia, gdy dziecko poczuje g\u0142\u00f3d.<\/p>\n","protected":false},"excerpt":{"rendered":"<p>B.O.969\/04 to ergonomiczne sztu\u0107ce dla dzieci w kolorze mi\u0119towym, zaprojektowane z my\u015bl\u0105 o nauce samodzielnego jedzenia oraz etapie rozszerzania diety. Zestaw doskonale sprawdzi si\u0119 u dzieci od 12. miesi\u0105ca \u017cycia, wspieraj\u0105c rozw\u00f3j prawid\u0142owych nawyk\u00f3w przy stole i samodzielno\u015bci podczas posi\u0142k\u00f3w. Specjalnie opracowany kszta\u0142t sztu\u0107c\u00f3w sprawia, \u017ce s\u0105 one wygodne w u\u017cytkowaniu i idealnie dopasowane do [&hellip;]<\/p>\n","protected":false},"featured_media":12200,"comment_status":"open","ping_status":"closed","template":"","meta":[],"product_brand":[],"product_cat":[76,63,99,157],"product_tag":[],"class_list":{"0":"post-12203","1":"product","2":"type-product","3":"status-publish","4":"has-post-thumbnail","6":"product_cat-dziecko","7":"product_cat-karmienie","8":"product_cat-naczynia-i-sztucce","9":"product_cat-sztucce","11":"first","12":"instock","13":"taxable","14":"shipping-taxable","15":"purchasable","16":"product-type-simple"},"_links":{"self":[{"href":"https:\/\/www.bobooaza.pl\/index.php\/wp-json\/wp\/v2\/product\/12203","targetHints":{"allow":["GET"]}}],"collection":[{"href":"https:\/\/www.bobooaza.pl\/index.php\/wp-json\/wp\/v2\/product"}],"about":[{"href":"https:\/\/www.bobooaza.pl\/index.php\/wp-json\/wp\/v2\/types\/product"}],"replies":[{"embeddable":true,"href":"https:\/\/www.bobooaza.pl\/index.php\/wp-json\/wp\/v2\/comments?post=12203"}],"wp:featuredmedia":[{"embeddable":true,"href":"https:\/\/www.bobooaza.pl\/index.php\/wp-json\/wp\/v2\/media\/12200"}],"wp:attachment":[{"href":"https:\/\/www.bobooaza.pl\/index.php\/wp-json\/wp\/v2\/media?parent=12203"}],"wp:term":[{"taxonomy":"product_brand","embeddable":true,"href":"https:\/\/www.bobooaza.pl\/index.php\/wp-json\/wp\/v2\/product_brand?post=12203"},{"taxonomy":"product_cat","embeddable":true,"href":"https:\/\/www.bobooaza.pl\/index.php\/wp-json\/wp\/v2\/product_cat?post=12203"},{"taxonomy":"product_tag","embeddable":true,"href":"https:\/\/www.bobooaza.pl\/index.php\/wp-json\/wp\/v2\/product_tag?post=12203"}],"curies":[{"name":"wp","href":"https:\/\/api.w.org\/{rel}","templated":true}]}}