{"id":12215,"date":"2026-01-18T10:39:14","date_gmt":"2026-01-18T09:39:14","guid":{"rendered":"https:\/\/www.bobooaza.pl\/index.php\/produkt\/b-o-1065-01-sztucce-dla-dzieci-ze-stali-szlachetnej\/"},"modified":"2026-01-18T10:44:08","modified_gmt":"2026-01-18T09:44:08","slug":"b-o-1065-01-sztucce-dla-dzieci-ze-stali-szlachetnej","status":"publish","type":"product","link":"https:\/\/www.bobooaza.pl\/index.php\/produkt\/b-o-1065-01-sztucce-dla-dzieci-ze-stali-szlachetnej\/","title":{"rendered":"B.O.1065\/01 Sztu\u0107ce dla dzieci ze stali szlachetnej"},"content":{"rendered":"<p>B.O.1065\/01 to zestaw sztu\u0107c\u00f3w dla dzieci wykonanych z wysokiej jako\u015bci stali nierdzewnej, przeznaczony do nauki samodzielnego jedzenia ju\u017c od 12. miesi\u0105ca \u017cycia. Odpowiednio dobrany rozmiar sprawia, \u017ce \u0142y\u017ceczka i widelczyk idealnie pasuj\u0105 do ma\u0142ych d\u0142oni dziecka, u\u0142atwiaj\u0105c chwyt i kontrol\u0119 ruch\u00f3w podczas posi\u0142k\u00f3w.<\/p>\n<p>Cz\u0119\u015b\u0107 robocza sztu\u0107c\u00f3w zosta\u0142a wykonana ze stali nierdzewnej, natomiast elementy z tworzywa sztucznego zwi\u0119kszaj\u0105 komfort u\u017cytkowania. Zastosowane materia\u0142y s\u0105 bezpieczne i nie zawieraj\u0105 Bisfenolu A, dzi\u0119ki czemu produkt nadaje si\u0119 do codziennego kontaktu z \u017cywno\u015bci\u0105. Nowoczesne wzornictwo wpisuj\u0105ce si\u0119 w aktualne trendy wn\u0119trzarskie sprawia, \u017ce sztu\u0107ce estetycznie prezentuj\u0105 si\u0119 na dzieci\u0119cym stole i pasuj\u0105 do pozosta\u0142ych akcesori\u00f3w do karmienia.<\/p>\n<p>Zestaw sk\u0142ada si\u0119 z \u0142y\u017ceczki oraz widelca i mo\u017ce by\u0107 bezpiecznie myty w zmywarce, co u\u0142atwia utrzymanie wysokiego poziomu higieny. Niewielka waga oraz praktyczne wymiary czyni\u0105 sztu\u0107ce wygodnymi zar\u00f3wno do u\u017cytku domowego, jak i poza domem. Produkt stanowi funkcjonalne i trwa\u0142e wsparcie w codziennej nauce samodzielnego jedzenia.<\/p>\n","protected":false},"excerpt":{"rendered":"<p>B.O.1065\/01 to zestaw sztu\u0107c\u00f3w dla dzieci wykonanych z wysokiej jako\u015bci stali nierdzewnej, przeznaczony do nauki samodzielnego jedzenia ju\u017c od 12. miesi\u0105ca \u017cycia. Odpowiednio dobrany rozmiar sprawia, \u017ce \u0142y\u017ceczka i widelczyk idealnie pasuj\u0105 do ma\u0142ych d\u0142oni dziecka, u\u0142atwiaj\u0105c chwyt i kontrol\u0119 ruch\u00f3w podczas posi\u0142k\u00f3w. Cz\u0119\u015b\u0107 robocza sztu\u0107c\u00f3w zosta\u0142a wykonana ze stali nierdzewnej, natomiast elementy z tworzywa [&hellip;]<\/p>\n","protected":false},"featured_media":12212,"comment_status":"open","ping_status":"closed","template":"","meta":[],"product_brand":[],"product_cat":[76,63,99,157],"product_tag":[],"class_list":{"0":"post-12215","1":"product","2":"type-product","3":"status-publish","4":"has-post-thumbnail","6":"product_cat-dziecko","7":"product_cat-karmienie","8":"product_cat-naczynia-i-sztucce","9":"product_cat-sztucce","11":"first","12":"instock","13":"taxable","14":"shipping-taxable","15":"purchasable","16":"product-type-simple"},"_links":{"self":[{"href":"https:\/\/www.bobooaza.pl\/index.php\/wp-json\/wp\/v2\/product\/12215","targetHints":{"allow":["GET"]}}],"collection":[{"href":"https:\/\/www.bobooaza.pl\/index.php\/wp-json\/wp\/v2\/product"}],"about":[{"href":"https:\/\/www.bobooaza.pl\/index.php\/wp-json\/wp\/v2\/types\/product"}],"replies":[{"embeddable":true,"href":"https:\/\/www.bobooaza.pl\/index.php\/wp-json\/wp\/v2\/comments?post=12215"}],"wp:featuredmedia":[{"embeddable":true,"href":"https:\/\/www.bobooaza.pl\/index.php\/wp-json\/wp\/v2\/media\/12212"}],"wp:attachment":[{"href":"https:\/\/www.bobooaza.pl\/index.php\/wp-json\/wp\/v2\/media?parent=12215"}],"wp:term":[{"taxonomy":"product_brand","embeddable":true,"href":"https:\/\/www.bobooaza.pl\/index.php\/wp-json\/wp\/v2\/product_brand?post=12215"},{"taxonomy":"product_cat","embeddable":true,"href":"https:\/\/www.bobooaza.pl\/index.php\/wp-json\/wp\/v2\/product_cat?post=12215"},{"taxonomy":"product_tag","embeddable":true,"href":"https:\/\/www.bobooaza.pl\/index.php\/wp-json\/wp\/v2\/product_tag?post=12215"}],"curies":[{"name":"wp","href":"https:\/\/api.w.org\/{rel}","templated":true}]}}