{"id":12224,"date":"2026-01-18T10:39:22","date_gmt":"2026-01-18T09:39:22","guid":{"rendered":"https:\/\/www.bobooaza.pl\/index.php\/produkt\/akuku-a0074-sztucce-w-etui-zielone\/"},"modified":"2026-01-19T21:55:34","modified_gmt":"2026-01-19T20:55:34","slug":"akuku-a0074-sztucce-w-etui-zielone","status":"publish","type":"product","link":"https:\/\/www.bobooaza.pl\/index.php\/produkt\/akuku-a0074-sztucce-w-etui-zielone\/","title":{"rendered":"AKUKU A0074 Sztu\u0107ce w etui zielone"},"content":{"rendered":"<p>AKUKU A0074 to zestaw wyprofilowanych sztu\u0107c\u00f3w dla dzieci w kolorze zielonym, obejmuj\u0105cy widelec i \u0142y\u017ceczk\u0119, stworzony z my\u015bl\u0105 o nauce samodzielnego jedzenia. Zaokr\u0105glone kszta\u0142ty sztu\u0107c\u00f3w s\u0105 bezpieczne dla delikatnych dzi\u0105se\u0142 dziecka, a ergonomiczny rozmiar u\u0142atwia pewny chwyt ma\u0142ych r\u0105czek.<\/p>\n<p>Zestaw wyposa\u017cono w praktyczne etui, dzi\u0119ki czemu sztu\u0107ce sprawdz\u0105 si\u0119 poza domem \u2013 podczas spacer\u00f3w, wyjazd\u00f3w czy w restauracji. Wykonano je z wysokiej jako\u015bci, bezpiecznych materia\u0142\u00f3w przeznaczonych do kontaktu z \u017cywno\u015bci\u0105, ca\u0142kowicie wolnych od bisfenolu A (0% BPA), zapewniaj\u0105c komfort i bezpiecze\u0144stwo u\u017cytkowania.<\/p>\n","protected":false},"excerpt":{"rendered":"<p>AKUKU A0074 to zestaw wyprofilowanych sztu\u0107c\u00f3w dla dzieci w kolorze zielonym, obejmuj\u0105cy widelec i \u0142y\u017ceczk\u0119, stworzony z my\u015bl\u0105 o nauce samodzielnego jedzenia. Zaokr\u0105glone kszta\u0142ty sztu\u0107c\u00f3w s\u0105 bezpieczne dla delikatnych dzi\u0105se\u0142 dziecka, a ergonomiczny rozmiar u\u0142atwia pewny chwyt ma\u0142ych r\u0105czek. Zestaw wyposa\u017cono w praktyczne etui, dzi\u0119ki czemu sztu\u0107ce sprawdz\u0105 si\u0119 poza domem \u2013 podczas spacer\u00f3w, wyjazd\u00f3w [&hellip;]<\/p>\n","protected":false},"featured_media":12223,"comment_status":"open","ping_status":"closed","template":"","meta":[],"product_brand":[],"product_cat":[76,63,99,157],"product_tag":[],"class_list":{"0":"post-12224","1":"product","2":"type-product","3":"status-publish","4":"has-post-thumbnail","6":"product_cat-dziecko","7":"product_cat-karmienie","8":"product_cat-naczynia-i-sztucce","9":"product_cat-sztucce","11":"first","12":"instock","13":"taxable","14":"shipping-taxable","15":"purchasable","16":"product-type-simple"},"_links":{"self":[{"href":"https:\/\/www.bobooaza.pl\/index.php\/wp-json\/wp\/v2\/product\/12224","targetHints":{"allow":["GET"]}}],"collection":[{"href":"https:\/\/www.bobooaza.pl\/index.php\/wp-json\/wp\/v2\/product"}],"about":[{"href":"https:\/\/www.bobooaza.pl\/index.php\/wp-json\/wp\/v2\/types\/product"}],"replies":[{"embeddable":true,"href":"https:\/\/www.bobooaza.pl\/index.php\/wp-json\/wp\/v2\/comments?post=12224"}],"wp:featuredmedia":[{"embeddable":true,"href":"https:\/\/www.bobooaza.pl\/index.php\/wp-json\/wp\/v2\/media\/12223"}],"wp:attachment":[{"href":"https:\/\/www.bobooaza.pl\/index.php\/wp-json\/wp\/v2\/media?parent=12224"}],"wp:term":[{"taxonomy":"product_brand","embeddable":true,"href":"https:\/\/www.bobooaza.pl\/index.php\/wp-json\/wp\/v2\/product_brand?post=12224"},{"taxonomy":"product_cat","embeddable":true,"href":"https:\/\/www.bobooaza.pl\/index.php\/wp-json\/wp\/v2\/product_cat?post=12224"},{"taxonomy":"product_tag","embeddable":true,"href":"https:\/\/www.bobooaza.pl\/index.php\/wp-json\/wp\/v2\/product_tag?post=12224"}],"curies":[{"name":"wp","href":"https:\/\/api.w.org\/{rel}","templated":true}]}}