{"id":12236,"date":"2026-01-18T10:56:24","date_gmt":"2026-01-18T09:56:24","guid":{"rendered":"https:\/\/www.bobooaza.pl\/index.php\/produkt\/tt-46351494-sliniak-rolowany\/"},"modified":"2026-01-18T11:01:17","modified_gmt":"2026-01-18T10:01:17","slug":"tt-46351494-sliniak-rolowany","status":"publish","type":"product","link":"https:\/\/www.bobooaza.pl\/index.php\/produkt\/tt-46351494-sliniak-rolowany\/","title":{"rendered":"TT 46351494 \u015aliniak rolowany"},"content":{"rendered":"<p>TT 46351494 to rolowany \u015bliniak Roll n Go, kt\u00f3ry chroni ubranko dziecka przed okruchami i resztkami jedzenia podczas nauki samodzielnego jedzenia. Wykonany z mi\u0119kkiego i lekkiego materia\u0142u, jest \u0142atwy w utrzymaniu czysto\u015bci \u2013 wystarczy przetrze\u0107 go szmatk\u0105, a w razie potrzeby mo\u017cna go my\u0107 w zmywarce.<\/p>\n<p>\u015aliniak mo\u017cna zwija\u0107, co u\u0142atwia przechowywanie i sprawia, \u017ce jest praktyczny w podr\u00f3\u017cy. Produkt jest bezpieczny dla dzieci, nie zawiera Bisfenolu A (BPA) i przeznaczony jest dla maluch\u00f3w od 6. miesi\u0105ca \u017cycia.<\/p>\n","protected":false},"excerpt":{"rendered":"<p>TT 46351494 to rolowany \u015bliniak Roll n Go, kt\u00f3ry chroni ubranko dziecka przed okruchami i resztkami jedzenia podczas nauki samodzielnego jedzenia. Wykonany z mi\u0119kkiego i lekkiego materia\u0142u, jest \u0142atwy w utrzymaniu czysto\u015bci \u2013 wystarczy przetrze\u0107 go szmatk\u0105, a w razie potrzeby mo\u017cna go my\u0107 w zmywarce. \u015aliniak mo\u017cna zwija\u0107, co u\u0142atwia przechowywanie i sprawia, \u017ce [&hellip;]<\/p>\n","protected":false},"featured_media":12234,"comment_status":"open","ping_status":"closed","template":"","meta":[],"product_brand":[],"product_cat":[76,63,112,115],"product_tag":[],"class_list":{"0":"post-12236","1":"product","2":"type-product","3":"status-publish","4":"has-post-thumbnail","6":"product_cat-dziecko","7":"product_cat-karmienie","8":"product_cat-sliniaki","9":"product_cat-sliniaki-silikonowe","11":"first","12":"instock","13":"taxable","14":"shipping-taxable","15":"purchasable","16":"product-type-simple"},"_links":{"self":[{"href":"https:\/\/www.bobooaza.pl\/index.php\/wp-json\/wp\/v2\/product\/12236","targetHints":{"allow":["GET"]}}],"collection":[{"href":"https:\/\/www.bobooaza.pl\/index.php\/wp-json\/wp\/v2\/product"}],"about":[{"href":"https:\/\/www.bobooaza.pl\/index.php\/wp-json\/wp\/v2\/types\/product"}],"replies":[{"embeddable":true,"href":"https:\/\/www.bobooaza.pl\/index.php\/wp-json\/wp\/v2\/comments?post=12236"}],"wp:featuredmedia":[{"embeddable":true,"href":"https:\/\/www.bobooaza.pl\/index.php\/wp-json\/wp\/v2\/media\/12234"}],"wp:attachment":[{"href":"https:\/\/www.bobooaza.pl\/index.php\/wp-json\/wp\/v2\/media?parent=12236"}],"wp:term":[{"taxonomy":"product_brand","embeddable":true,"href":"https:\/\/www.bobooaza.pl\/index.php\/wp-json\/wp\/v2\/product_brand?post=12236"},{"taxonomy":"product_cat","embeddable":true,"href":"https:\/\/www.bobooaza.pl\/index.php\/wp-json\/wp\/v2\/product_cat?post=12236"},{"taxonomy":"product_tag","embeddable":true,"href":"https:\/\/www.bobooaza.pl\/index.php\/wp-json\/wp\/v2\/product_tag?post=12236"}],"curies":[{"name":"wp","href":"https:\/\/api.w.org\/{rel}","templated":true}]}}