{"id":12238,"date":"2026-01-18T10:56:25","date_gmt":"2026-01-18T09:56:25","guid":{"rendered":"https:\/\/www.bobooaza.pl\/index.php\/produkt\/canpol-51-029-sliniak-silikonowy-z-kieszonka-dots-bezowy\/"},"modified":"2026-01-18T11:01:18","modified_gmt":"2026-01-18T10:01:18","slug":"canpol-51-029-sliniak-silikonowy-z-kieszonka-dots-bezowy","status":"publish","type":"product","link":"https:\/\/www.bobooaza.pl\/index.php\/produkt\/canpol-51-029-sliniak-silikonowy-z-kieszonka-dots-bezowy\/","title":{"rendered":"CANPOL 51\/029 \u015aliniak silikonowy z kieszonk\u0105 DOTS be\u017cowy"},"content":{"rendered":"<p>CANPOL 51\/029 to be\u017cowy silikonowy \u015bliniak z kieszonk\u0105, kt\u00f3ry chroni ubranko dziecka podczas pierwszych samodzielnych posi\u0142k\u00f3w i rozszerzania diety. Wykonany w 100% z mi\u0119kkiego, elastycznego i bezpiecznego silikonu, jest przyjemny w dotyku, wodoodporny i bezzapachowy. G\u0142\u0119boka, twarda kieszonka skutecznie zatrzymuje resztki jedzenia, zachowuj\u0105c sw\u00f3j kszta\u0142t nawet podczas ruchu dziecka.<\/p>\n<p>\u015aliniak posiada regulowane zapi\u0119cie, kt\u00f3re pozwala dopasowa\u0107 go do szyi malucha, a jego elastyczno\u015b\u0107 u\u0142atwia przenoszenie i przechowywanie. Produkt jest \u0142atwy w czyszczeniu, nadaje si\u0119 do mycia r\u0119cznego i w zmywarce oraz jest wolny od BPA, PVC i ftalan\u00f3w, zapewniaj\u0105c bezpiecze\u0144stwo u\u017cytkowania. Zalecany dla dzieci od 4. miesi\u0105ca \u017cycia.<\/p>\n","protected":false},"excerpt":{"rendered":"<p>CANPOL 51\/029 to be\u017cowy silikonowy \u015bliniak z kieszonk\u0105, kt\u00f3ry chroni ubranko dziecka podczas pierwszych samodzielnych posi\u0142k\u00f3w i rozszerzania diety. Wykonany w 100% z mi\u0119kkiego, elastycznego i bezpiecznego silikonu, jest przyjemny w dotyku, wodoodporny i bezzapachowy. G\u0142\u0119boka, twarda kieszonka skutecznie zatrzymuje resztki jedzenia, zachowuj\u0105c sw\u00f3j kszta\u0142t nawet podczas ruchu dziecka. \u015aliniak posiada regulowane zapi\u0119cie, kt\u00f3re pozwala [&hellip;]<\/p>\n","protected":false},"featured_media":12237,"comment_status":"open","ping_status":"closed","template":"","meta":[],"product_brand":[],"product_cat":[76,63,112,115],"product_tag":[],"class_list":{"0":"post-12238","1":"product","2":"type-product","3":"status-publish","4":"has-post-thumbnail","6":"product_cat-dziecko","7":"product_cat-karmienie","8":"product_cat-sliniaki","9":"product_cat-sliniaki-silikonowe","11":"first","12":"instock","13":"taxable","14":"shipping-taxable","15":"purchasable","16":"product-type-simple"},"_links":{"self":[{"href":"https:\/\/www.bobooaza.pl\/index.php\/wp-json\/wp\/v2\/product\/12238","targetHints":{"allow":["GET"]}}],"collection":[{"href":"https:\/\/www.bobooaza.pl\/index.php\/wp-json\/wp\/v2\/product"}],"about":[{"href":"https:\/\/www.bobooaza.pl\/index.php\/wp-json\/wp\/v2\/types\/product"}],"replies":[{"embeddable":true,"href":"https:\/\/www.bobooaza.pl\/index.php\/wp-json\/wp\/v2\/comments?post=12238"}],"wp:featuredmedia":[{"embeddable":true,"href":"https:\/\/www.bobooaza.pl\/index.php\/wp-json\/wp\/v2\/media\/12237"}],"wp:attachment":[{"href":"https:\/\/www.bobooaza.pl\/index.php\/wp-json\/wp\/v2\/media?parent=12238"}],"wp:term":[{"taxonomy":"product_brand","embeddable":true,"href":"https:\/\/www.bobooaza.pl\/index.php\/wp-json\/wp\/v2\/product_brand?post=12238"},{"taxonomy":"product_cat","embeddable":true,"href":"https:\/\/www.bobooaza.pl\/index.php\/wp-json\/wp\/v2\/product_cat?post=12238"},{"taxonomy":"product_tag","embeddable":true,"href":"https:\/\/www.bobooaza.pl\/index.php\/wp-json\/wp\/v2\/product_tag?post=12238"}],"curies":[{"name":"wp","href":"https:\/\/api.w.org\/{rel}","templated":true}]}}