{"id":12242,"date":"2026-01-18T10:56:27","date_gmt":"2026-01-18T09:56:27","guid":{"rendered":"https:\/\/www.bobooaza.pl\/index.php\/produkt\/lovi-51-031-sliniak-silikonowy-zielony\/"},"modified":"2026-01-18T11:01:20","modified_gmt":"2026-01-18T10:01:20","slug":"lovi-51-031-sliniak-silikonowy-zielony","status":"publish","type":"product","link":"https:\/\/www.bobooaza.pl\/index.php\/produkt\/lovi-51-031-sliniak-silikonowy-zielony\/","title":{"rendered":"LOVI 51\/031 \u015aliniak silikonowy zielony"},"content":{"rendered":"<p>LOVI 51\/031 to zielony silikonowy \u015bliniak z kieszonk\u0105, kt\u00f3ry chroni ubranko dziecka podczas nauki samodzielnego jedzenia. Wykonany z lekkiego i mi\u0119kkiego silikonu, zapewnia komfort i bezpiecze\u0144stwo malucha. Twarda i g\u0142\u0119boka kiesze\u0144 skutecznie zatrzymuje resztki jedzenia, a wyprofilowane boki oraz ergonomiczny kszta\u0142t \u015bliniaka gwarantuj\u0105 swobod\u0119 ruch\u00f3w.<\/p>\n<p>Regulowane zapi\u0119cie u\u0142atwia zak\u0142adanie i zdejmowanie \u015bliniaka, nawet jedn\u0105 r\u0119k\u0105, a elastyczny materia\u0142 pozwala go zwin\u0105\u0107 i wygodnie przenosi\u0107. Produkt jest \u0142atwy w czyszczeniu, nadaje si\u0119 do mycia r\u0119cznego i w zmywarce, \u0142\u0105cz\u0105c funkcjonalno\u015b\u0107 z oryginalnym designem i praktycznym zastosowaniem w domu oraz w podr\u00f3\u017cy.<\/p>\n","protected":false},"excerpt":{"rendered":"<p>LOVI 51\/031 to zielony silikonowy \u015bliniak z kieszonk\u0105, kt\u00f3ry chroni ubranko dziecka podczas nauki samodzielnego jedzenia. Wykonany z lekkiego i mi\u0119kkiego silikonu, zapewnia komfort i bezpiecze\u0144stwo malucha. Twarda i g\u0142\u0119boka kiesze\u0144 skutecznie zatrzymuje resztki jedzenia, a wyprofilowane boki oraz ergonomiczny kszta\u0142t \u015bliniaka gwarantuj\u0105 swobod\u0119 ruch\u00f3w. Regulowane zapi\u0119cie u\u0142atwia zak\u0142adanie i zdejmowanie \u015bliniaka, nawet jedn\u0105 r\u0119k\u0105, [&hellip;]<\/p>\n","protected":false},"featured_media":12241,"comment_status":"open","ping_status":"closed","template":"","meta":[],"product_brand":[],"product_cat":[76,63,112,115],"product_tag":[],"class_list":{"0":"post-12242","1":"product","2":"type-product","3":"status-publish","4":"has-post-thumbnail","6":"product_cat-dziecko","7":"product_cat-karmienie","8":"product_cat-sliniaki","9":"product_cat-sliniaki-silikonowe","11":"first","12":"instock","13":"taxable","14":"shipping-taxable","15":"purchasable","16":"product-type-simple"},"_links":{"self":[{"href":"https:\/\/www.bobooaza.pl\/index.php\/wp-json\/wp\/v2\/product\/12242","targetHints":{"allow":["GET"]}}],"collection":[{"href":"https:\/\/www.bobooaza.pl\/index.php\/wp-json\/wp\/v2\/product"}],"about":[{"href":"https:\/\/www.bobooaza.pl\/index.php\/wp-json\/wp\/v2\/types\/product"}],"replies":[{"embeddable":true,"href":"https:\/\/www.bobooaza.pl\/index.php\/wp-json\/wp\/v2\/comments?post=12242"}],"wp:featuredmedia":[{"embeddable":true,"href":"https:\/\/www.bobooaza.pl\/index.php\/wp-json\/wp\/v2\/media\/12241"}],"wp:attachment":[{"href":"https:\/\/www.bobooaza.pl\/index.php\/wp-json\/wp\/v2\/media?parent=12242"}],"wp:term":[{"taxonomy":"product_brand","embeddable":true,"href":"https:\/\/www.bobooaza.pl\/index.php\/wp-json\/wp\/v2\/product_brand?post=12242"},{"taxonomy":"product_cat","embeddable":true,"href":"https:\/\/www.bobooaza.pl\/index.php\/wp-json\/wp\/v2\/product_cat?post=12242"},{"taxonomy":"product_tag","embeddable":true,"href":"https:\/\/www.bobooaza.pl\/index.php\/wp-json\/wp\/v2\/product_tag?post=12242"}],"curies":[{"name":"wp","href":"https:\/\/api.w.org\/{rel}","templated":true}]}}