{"id":12244,"date":"2026-01-18T10:56:28","date_gmt":"2026-01-18T09:56:28","guid":{"rendered":"https:\/\/www.bobooaza.pl\/index.php\/produkt\/b-o-835-03-miekki-sliniak-z-regulowanym-zapieciem-mietowy\/"},"modified":"2026-01-18T11:01:21","modified_gmt":"2026-01-18T10:01:21","slug":"b-o-835-03-miekki-sliniak-z-regulowanym-zapieciem-mietowy","status":"publish","type":"product","link":"https:\/\/www.bobooaza.pl\/index.php\/produkt\/b-o-835-03-miekki-sliniak-z-regulowanym-zapieciem-mietowy\/","title":{"rendered":"B.O.835\/03 Mi\u0119kki \u015bliniak z regulowanym zapi\u0119ciem mi\u0119towy"},"content":{"rendered":"<p>B.O.835\/03 to mi\u0119kki, mi\u0119towy \u015bliniak z pojemn\u0105 kieszonk\u0105 i regulowanym zapi\u0119ciem, kt\u00f3ry chroni ubranko dziecka podczas nauki jedzenia i odkrywania nowych smak\u00f3w. Kieszonka skutecznie zbiera resztki pokarmu, ograniczaj\u0105c zabrudzenia i u\u0142atwiaj\u0105c utrzymanie porz\u0105dku przy posi\u0142kach.<\/p>\n<p>Wykonany z bezpiecznego tworzywa TPE, \u015bliniak jest wolny od szkodliwych substancji i zapewnia komfort u\u017cytkowania. Regulowane zapi\u0119cie pozwala \u0142atwo dopasowa\u0107 go do szyi dziecka, a zak\u0142adanie i zdejmowanie jest szybkie i wygodne. Produkt przeznaczony dla dzieci od 6. miesi\u0105ca \u017cycia, o wymiarach 32 x 23 cm i wadze 0,1 kg, sprawdza si\u0119 zar\u00f3wno w domu, jak i w podr\u00f3\u017cy.<\/p>\n","protected":false},"excerpt":{"rendered":"<p>B.O.835\/03 to mi\u0119kki, mi\u0119towy \u015bliniak z pojemn\u0105 kieszonk\u0105 i regulowanym zapi\u0119ciem, kt\u00f3ry chroni ubranko dziecka podczas nauki jedzenia i odkrywania nowych smak\u00f3w. Kieszonka skutecznie zbiera resztki pokarmu, ograniczaj\u0105c zabrudzenia i u\u0142atwiaj\u0105c utrzymanie porz\u0105dku przy posi\u0142kach. Wykonany z bezpiecznego tworzywa TPE, \u015bliniak jest wolny od szkodliwych substancji i zapewnia komfort u\u017cytkowania. Regulowane zapi\u0119cie pozwala \u0142atwo dopasowa\u0107 [&hellip;]<\/p>\n","protected":false},"featured_media":12243,"comment_status":"open","ping_status":"closed","template":"","meta":[],"product_brand":[],"product_cat":[76,63,112,115],"product_tag":[],"class_list":{"0":"post-12244","1":"product","2":"type-product","3":"status-publish","4":"has-post-thumbnail","6":"product_cat-dziecko","7":"product_cat-karmienie","8":"product_cat-sliniaki","9":"product_cat-sliniaki-silikonowe","11":"first","12":"instock","13":"taxable","14":"shipping-taxable","15":"purchasable","16":"product-type-simple"},"_links":{"self":[{"href":"https:\/\/www.bobooaza.pl\/index.php\/wp-json\/wp\/v2\/product\/12244","targetHints":{"allow":["GET"]}}],"collection":[{"href":"https:\/\/www.bobooaza.pl\/index.php\/wp-json\/wp\/v2\/product"}],"about":[{"href":"https:\/\/www.bobooaza.pl\/index.php\/wp-json\/wp\/v2\/types\/product"}],"replies":[{"embeddable":true,"href":"https:\/\/www.bobooaza.pl\/index.php\/wp-json\/wp\/v2\/comments?post=12244"}],"wp:featuredmedia":[{"embeddable":true,"href":"https:\/\/www.bobooaza.pl\/index.php\/wp-json\/wp\/v2\/media\/12243"}],"wp:attachment":[{"href":"https:\/\/www.bobooaza.pl\/index.php\/wp-json\/wp\/v2\/media?parent=12244"}],"wp:term":[{"taxonomy":"product_brand","embeddable":true,"href":"https:\/\/www.bobooaza.pl\/index.php\/wp-json\/wp\/v2\/product_brand?post=12244"},{"taxonomy":"product_cat","embeddable":true,"href":"https:\/\/www.bobooaza.pl\/index.php\/wp-json\/wp\/v2\/product_cat?post=12244"},{"taxonomy":"product_tag","embeddable":true,"href":"https:\/\/www.bobooaza.pl\/index.php\/wp-json\/wp\/v2\/product_tag?post=12244"}],"curies":[{"name":"wp","href":"https:\/\/api.w.org\/{rel}","templated":true}]}}